{"id":73,"date":"2015-02-03T07:47:58","date_gmt":"2015-02-03T07:47:58","guid":{"rendered":"http:\/\/www.cotentinvolibre.com\/WP\/?page_id=73"},"modified":"2025-06-13T08:02:46","modified_gmt":"2025-06-13T07:02:46","slug":"meteo","status":"publish","type":"page","link":"https:\/\/www.cotentinvolibre.com\/?page_id=73","title":{"rendered":"M\u00e9t\u00e9o"},"content":{"rendered":"\n<h1 class=\"wp-block-heading has-very-dark-gray-color has-text-color\">M\u00e9t\u00e9o<\/h1>\n\n\n\n<div class=\"wp-block-columns is-layout-flex wp-container-core-columns-is-layout-9d6595d7 wp-block-columns-is-layout-flex\">\n<div class=\"wp-block-column is-layout-flow wp-block-column-is-layout-flow\">\n<iframe frameborder=\"0\" marginheight=\"1\" marginwidth=\"1\" scrolling=\"no\" src=\"https:\/\/widget.holfuy.com\/?station=593&amp;su=km\/h&amp;t=C&amp;lang=fr&amp;mode=detailed\" style=\"width:580px; height:250px;\"><\/iframe>\n<\/div>\n\n\n\n<div class=\"wp-block-column is-layout-flow wp-block-column-is-layout-flow\">\n<figure><iframe style=\"width: 100%; height: 170px;\" src=\"https:\/\/widget.holfuy.com\/?station=593&amp;su=km\/h&amp;t=C&amp;lang=fr&amp;mode=average&amp;avgrows=32\" frameborder=\"0\" marginwidth=\"1\" marginheight=\"1\" scrolling=\"no\"><\/iframe><\/figure>\n<\/div>\n<\/div>\n\n\n\n<hr class=\"wp-block-separator has-css-opacity is-style-wide\"\/>\n\n\n\n<div class=\"wp-block-columns is-layout-flex wp-container-core-columns-is-layout-9d6595d7 wp-block-columns-is-layout-flex\">\n<div class=\"wp-block-column is-layout-flow wp-block-column-is-layout-flow\">\n<iframe frameborder=\"0\" marginheight=\"1\" marginwidth=\"1\" scrolling=\"no\" src=\"https:\/\/widget.holfuy.com\/?station=966&amp;su=km\/h&amp;t=C&amp;lang=fr&amp;mode=detailed\" style=\"width:580px; height:250px;\"><\/iframe>\n<\/div>\n\n\n\n<div class=\"wp-block-column is-layout-flow wp-block-column-is-layout-flow\">\n<figure><iframe style=\"width: 100%; height: 170px;\" src=\"https:\/\/widget.holfuy.com\/?station=966&amp;su=km\/h&amp;t=C&amp;lang=fr&amp;mode=average&amp;avgrows=32\" frameborder=\"0\" marginwidth=\"1\" marginheight=\"1\" scrolling=\"no\"><\/iframe><\/figure>\n<\/div>\n<\/div>\n\n\n\n<hr class=\"wp-block-separator has-css-opacity is-style-wide\"\/>\n\n\n\n<div class=\"wp-block-columns is-layout-flex wp-container-core-columns-is-layout-9d6595d7 wp-block-columns-is-layout-flex\">\n<div class=\"wp-block-column is-layout-flow wp-block-column-is-layout-flow\">\n<iframe frameborder=\"0\" marginheight=\"1\" marginwidth=\"1\" scrolling=\"no\" src=\"https:\/\/widget.holfuy.com\/?station=967&amp;su=km\/h&amp;t=C&amp;lang=fr&amp;mode=detailed\" style=\"width:580px; height:250px;\"><\/iframe>\n<\/div>\n\n\n\n<div class=\"wp-block-column is-layout-flow wp-block-column-is-layout-flow\">\n<figure><iframe style=\"width: 100%; height: 170px;\" src=\"https:\/\/widget.holfuy.com\/?station=967&amp;su=km\/h&amp;t=C&amp;lang=fr&amp;mode=average&amp;avgrows=32\" frameborder=\"0\" marginwidth=\"1\" marginheight=\"1\" scrolling=\"no\"><\/iframe><\/figure>\n<\/div>\n<\/div>\n\n\n\n<hr class=\"wp-block-separator has-css-opacity is-style-wide\"\/>\n\n\n\n\n\n<hr class=\"wp-block-separator has-css-opacity is-style-wide\"\/>\n\n\n\n<p><em><strong>Goury<\/strong><\/em><br>&nbsp;&nbsp;<\/p>\n\n\n\n<iframe loading=\"lazy\" width=\"500\" height=\"300\" frameBorder=\"0\" src=\"https:\/\/www.spotair.mobi\/page\/wind\/meteo-france\/50020001\"><\/iframe>\n\n\n\n<hr class=\"wp-block-separator has-css-opacity is-style-wide\"\/>\n\n\n\n<p><em><strong>Cherbourg \/ Maupertus<\/strong><\/em><br>&nbsp;<a href=\"http:\/\/infoclimat.fr\/s\/07024\" target=\"_blank\" rel=\"noopener noreferrer\"> <\/a><\/p>\n\n\n\n<iframe loading=\"lazy\" width=\"500\" height=\"300\" frameBorder=\"0\" src=\"https:\/\/www.spotair.mobi\/page\/wind\/metar\/LFRC?mode=free_flight&#038;unit=kmh&#038;name=false&#038;quadrant=false&#038;windValues=true&#038;dark=true\"><\/iframe>\n\n\n\n<hr class=\"wp-block-separator has-css-opacity is-style-wide\"\/>\n\n\n\n<p><em><strong>Barneville \/Carteret<\/strong><\/em><br>&nbsp;<\/p>\n\n\n\n<iframe loading=\"lazy\" width=\"500\" height=\"300\" frameBorder=\"0\" src=\"https:\/\/www.spotair.mobi\/page\/wind\/meteo-france\/50031001\"><\/iframe>\n\n\n\n<hr class=\"wp-block-separator has-css-opacity is-style-wide\"\/>\n\n\n\n<h2 class=\"wp-block-heading\">Autre balise<\/h2>\n\n\n\n<p><a href=\"https:\/\/www.meteociel.fr\/temps-reel\/obs_villes.php?code2=7034\">https:\/\/www.meteociel.fr\/temps-reel\/obs_villes.php?code2=7034<\/a><\/p>\n\n\n\n<hr class=\"wp-block-separator has-css-opacity is-style-wide\"\/>\n\n\n\n<h4 class=\"wp-block-heading\"><span style=\"text-decoration: underline;\">PREVISIONS<\/span><\/h4>\n\n\n\n<script id=\"wg_fwdg_837671_3_1577886078115\">\n(function (window, document) {\n  var loader = function () {\n    var arg = [\"s=837671\",\"m=3\",\"uid=wg_fwdg_837671_3_1577886078115\",\"wj=knots\",\"tj=c\",\"odh=0\",\"doh=24\",\"fhours=240\",\"vt=forecasts\",\"lng=fr\",\n   \"p=GUST,MWINDSPD,SMER,CDC,APCPs,RH\"];\n    var script = document.createElement(\"script\");\n    var tag = document.getElementsByTagName(\"script\")[0];\n    script.src = \"https:\/\/www.windguru.cz\/js\/widget.php?\"+(arg.join(\"&\"));\n    tag.parentNode.insertBefore(script, tag);\n  };\n  window.addEventListener ? window.addEventListener(\"load\", loader, false) : window.attachEvent(\"onload\", loader);\n})(window, document);\n<\/script>\n\n\n\n<script id=\"wg_fwdg_48396_3_1577891247925\">\n(function (window, document) {\n  var loader = function () {\n    var arg = [\"s=48396\",\"m=3\",\"uid=wg_fwdg_48396_3_1577891247925\",\"wj=knots\",\"tj=c\",\"odh=0\",\"doh=24\",\"fhours=240\",\"vt=forecasts\",\"lng=fr\",\n   \"p=WINDSPD,GUST,MWINDSPD,SMER,CDC,APCPs,RH\"];\n    var script = document.createElement(\"script\");\n    var tag = document.getElementsByTagName(\"script\")[0];\n    script.src = \"https:\/\/www.windguru.cz\/js\/widget.php?\"+(arg.join(\"&\"));\n    tag.parentNode.insertBefore(script, tag);\n  };\n  window.addEventListener ? window.addEventListener(\"load\", loader, false) : window.attachEvent(\"onload\", loader);\n})(window, document);\n<\/script>\n\n\n\n<script id=\"wg_fwdg_186_3_1577891075436\">\n(function (window, document) {\n  var loader = function () {\n    var arg = [\"s=186\",\"m=3\",\"uid=wg_fwdg_186_3_1577891075436\",\"wj=knots\",\"tj=c\",\"odh=0\",\"doh=24\",\"fhours=240\",\"vt=forecasts\",\"lng=fr\",\n   \"p=GUST,MWINDSPD,SMER,CDC,APCPs,RH\"];\n    var script = document.createElement(\"script\");\n    var tag = document.getElementsByTagName(\"script\")[0];\n    script.src = \"https:\/\/www.windguru.cz\/js\/widget.php?\"+(arg.join(\"&\"));\n    tag.parentNode.insertBefore(script, tag);\n  };\n  window.addEventListener ? window.addEventListener(\"load\", loader, false) : window.attachEvent(\"onload\", loader);\n})(window, document);\n<\/script>\n\n\n\n<script id=\"wg_fwdg_48401_3_1577890849923\">\n(function (window, document) {\n  var loader = function () {\n    var arg = [\"s=48401\",\"m=3\",\"uid=wg_fwdg_48401_3_1577890849923\",\"wj=knots\",\"tj=c\",\"odh=0\",\"doh=24\",\"fhours=240\",\"vt=forecasts\",\"lng=fr\",\n   \"p=GUST,MWINDSPD,SMER,CDC,APCPs,RH\"];\n    var script = document.createElement(\"script\");\n    var tag = document.getElementsByTagName(\"script\")[0];\n    script.src = \"https:\/\/www.windguru.cz\/js\/widget.php?\"+(arg.join(\"&\"));\n    tag.parentNode.insertBefore(script, tag);\n  };\n  window.addEventListener ? window.addEventListener(\"load\", loader, false) : window.attachEvent(\"onload\", loader);\n})(window, document);\n<\/script>\n\n\n\n<hr class=\"wp-block-separator has-css-opacity is-style-wide\"\/>\n\n\n\n<h4 class=\"wp-block-heading\"><span style=\"text-decoration: underline;\">MAREES<\/span><\/h4>\n\n\n\n<figure class=\"wp-block-table\"><table><tbody><tr><td><script src=\"https:\/\/services.data.shom.fr\/hdm\/vignette\/petite\/CARTERET?locale=fr\"><\/script><\/td><td><script src=\"https:\/\/services.data.shom.fr\/hdm\/vignette\/petite\/DIELETTE?locale=fr\"><\/script><\/td><td><script src=\"https:\/\/services.data.shom.fr\/hdm\/vignette\/petite\/GOURY?locale=fr\"><\/script><\/td><\/tr><\/tbody><\/table><\/figure>\n\n\n\n<hr class=\"wp-block-separator has-css-opacity is-style-wide\"\/>\n\n\n\n<div class=\"wp-block-columns is-layout-flex wp-container-core-columns-is-layout-9d6595d7 wp-block-columns-is-layout-flex\">\n<div class=\"wp-block-column is-layout-flow wp-block-column-is-layout-flow\">\n<iframe loading=\"lazy\" width=\"650\" height=\"450\" src=\"https:\/\/embed.windy.com\/embed2.html?lat=54.008&amp;lon=-15.117&amp;detailLat=54.008&amp;detailLon=-15.117&amp;width=650&amp;height=450&amp;zoom=4&amp;level=surface&amp;overlay=wind&amp;product=ecmwf&amp;menu=&amp;message=&amp;marker=&amp;calendar=now&amp;pressure=true&amp;type=map&amp;location=coordinates&amp;detail=&amp;metricWind=km%2Fh&amp;metricTemp=%C2%B0C&amp;radarRange=-1\" frameborder=\"0\"><\/iframe>\n<\/div>\n\n\n\n<div class=\"wp-block-column is-layout-flow wp-block-column-is-layout-flow\">\n<figure class=\"wp-block-image\"><img decoding=\"async\" src=\"http:\/\/www.meteo60.fr\/radars\/animation-radar-france.gif\" alt=\"\"\/><\/figure>\n<\/div>\n<\/div>\n\n\n\n<h4 class=\"wp-block-heading\"><span style=\"text-decoration: underline;\">WEBCAM<\/span><\/h4>\n\n\n\n<p>Il peut \u00eatre int\u00e9ressant de jeter un \u0153il sur les webcams pour juger de la n\u00e9bulosit\u00e9 :<br>Les <a href=\"http:\/\/www.lahague-tourisme.com\/lahague\/webcams\" target=\"_blank\" rel=\"noopener noreferrer\">webcams de l&rsquo;office de tourisme de la Hague<\/a> sont d\u00e9ploy\u00e9es \u00e0 proximit\u00e9 de nos sites de vol.<\/p>\n\n\n\n<div class=\"wp-block-columns is-layout-flex wp-container-core-columns-is-layout-9d6595d7 wp-block-columns-is-layout-flex\">\n<div class=\"wp-block-column is-layout-flow wp-block-column-is-layout-flow\" style=\"flex-basis:33.33%\">\n<p>&#8211; Urville-Nacqueville (site du Landemer)<\/p>\n<\/div>\n\n\n\n<div class=\"wp-block-column is-layout-flow wp-block-column-is-layout-flow\" style=\"flex-basis:66.66%\">\n<figure><iframe src=\"https:\/\/pv.viewsurf.com\/830\/La-Hague-Nacqueville?i=NDMzNjo\" height=\"350\"><\/iframe><\/figure>\n\n\n\n<p><\/p>\n<\/div>\n<\/div>\n\n\n\n<div class=\"wp-block-columns is-layout-flex wp-container-core-columns-is-layout-9d6595d7 wp-block-columns-is-layout-flex\">\n<div class=\"wp-block-column is-layout-flow wp-block-column-is-layout-flow\" style=\"flex-basis:33.33%\">\n<p>&#8211; Vauville (site des Pierres Pouquel\u00e9es)<\/p>\n<\/div>\n\n\n\n<div class=\"wp-block-column is-layout-flow wp-block-column-is-layout-flow\" style=\"flex-basis:66.66%\">\n<figure><iframe src=\"https:\/\/pv.viewsurf.com\/826\/La-Hague-Vauville?i=NzYwNDo\" height=\"350\"><\/iframe><\/figure>\n\n\n\n<p><\/p>\n<\/div>\n<\/div>\n\n\n\n<div class=\"wp-block-columns is-layout-flex wp-container-core-columns-is-layout-9d6595d7 wp-block-columns-is-layout-flex\">\n<div class=\"wp-block-column is-layout-flow wp-block-column-is-layout-flow\" style=\"flex-basis:33.33%\">\n<p>&#8211; Siouville (site de Di\u00e9lette)<\/p>\n<\/div>\n\n\n\n<div class=\"wp-block-column is-layout-flow wp-block-column-is-layout-flow\" style=\"flex-basis:66.66%\">\n<figure><iframe src=\"https:\/\/pv.viewsurf.com\/828\/La-Hague-Siouville?i=NDMzMjo\" height=\"350\"><\/iframe><\/figure>\n\n\n\n<p><\/p>\n<\/div>\n<\/div>\n\n\n\n<div class=\"wp-block-columns is-layout-flex wp-container-core-columns-is-layout-9d6595d7 wp-block-columns-is-layout-flex\">\n<div class=\"wp-block-column is-layout-flow wp-block-column-is-layout-flow\" style=\"flex-basis:33.33%\">\n<p>&#8211; Sciotot (site du Rozel)<\/p>\n<\/div>\n\n\n\n<div class=\"wp-block-column is-layout-flow wp-block-column-is-layout-flow\" style=\"flex-basis:66.66%\">\n<figure><iframe src=\"https:\/\/pv.viewsurf.com\/832\/La-Hague-Sciotot?i=NDM0MDo\" height=\"350\"><\/iframe><\/figure>\n\n\n\n<p><\/p>\n<\/div>\n<\/div>\n\n\n\n<div class=\"wp-block-columns is-layout-flex wp-container-core-columns-is-layout-9d6595d7 wp-block-columns-is-layout-flex\">\n<div class=\"wp-block-column is-layout-flow wp-block-column-is-layout-flow\" style=\"flex-basis:33.33%\">\n<p>Une autre webcam est \u00e9galement disponible sur le port de Di\u00e9lette :<\/p>\n<\/div>\n\n\n\n<div class=\"wp-block-column is-layout-flow wp-block-column-is-layout-flow\" style=\"flex-basis:66.66%\">\n<figure class=\"wp-block-image\"><img decoding=\"async\" src=\"http:\/\/80.14.201.251:8010\/axis-cgi\/mjpg\/video.cgi?resolution=480x270&amp;dummy=1515446243670\" alt=\"Webcam du port de Di\u00e9lette\"><\/figure>\n<\/div>\n<\/div>\n\n\n\n<div class=\"wp-block-columns is-layout-flex wp-container-core-columns-is-layout-9d6595d7 wp-block-columns-is-layout-flex\">\n<div class=\"wp-block-column is-layout-flow wp-block-column-is-layout-flow\" style=\"flex-basis:33.33%\">\n<p>Goury :<\/p>\n<\/div>\n\n\n\n<div class=\"wp-block-column is-layout-flow wp-block-column-is-layout-flow\" style=\"flex-basis:66.66%\">\n<figure><iframe src=\"https:\/\/pv.viewsurf.com\/1552\/La-Hague-Goury?i=NjEwNjo\" height=\"350\"><\/iframe><\/figure>\n<\/div>\n<\/div>\n\n\n\n<p><\/p>\n","protected":false},"excerpt":{"rendered":"<p>M\u00e9t\u00e9o Vauville \/ Club de char \u00e0 voile Urville\/ Pole Nautique Hague Sciotot \/les pieux plage Goury&nbsp;&nbsp; Cherbourg \/ Maupertus&nbsp; Barneville \/Carteret&nbsp; Autre balise https:\/\/www.meteociel.fr\/temps-reel\/obs_villes.php?code2=7034 PREVISIONS MAREES WEBCAM Il peut \u00eatre int\u00e9ressant de jeter un \u0153il sur les webcams pour juger de la n\u00e9bulosit\u00e9 :Les webcams de l&rsquo;office de tourisme de la Hague sont d\u00e9ploy\u00e9es [&hellip;]<\/p>\n","protected":false},"author":1,"featured_media":0,"parent":0,"menu_order":44,"comment_status":"closed","ping_status":"open","template":"","meta":{"_uag_custom_page_level_css":"","footnotes":""},"class_list":["post-73","page","type-page","status-publish","hentry","entry"],"featured_image_src":null,"uagb_featured_image_src":{"full":false,"thumbnail":false,"medium":false,"medium_large":false,"large":false,"1536x1536":false,"2048x2048":false,"ocean-thumb-m":false,"ocean-thumb-ml":false,"ocean-thumb-l":false},"uagb_author_info":{"display_name":"CVL","author_link":"https:\/\/www.cotentinvolibre.com\/?author=1"},"uagb_comment_info":0,"uagb_excerpt":"M\u00e9t\u00e9o Vauville \/ Club de char \u00e0 voile Urville\/ Pole Nautique Hague Sciotot \/les pieux plage Goury&nbsp;&nbsp; Cherbourg \/ Maupertus&nbsp; Barneville \/Carteret&nbsp; Autre balise https:\/\/www.meteociel.fr\/temps-reel\/obs_villes.php?code2=7034 PREVISIONS MAREES WEBCAM Il peut \u00eatre int\u00e9ressant de jeter un \u0153il sur les webcams pour juger de la n\u00e9bulosit\u00e9 :Les webcams de l&rsquo;office de tourisme de la Hague sont d\u00e9ploy\u00e9es\u2026","_links":{"self":[{"href":"https:\/\/www.cotentinvolibre.com\/index.php?rest_route=\/wp\/v2\/pages\/73","targetHints":{"allow":["GET"]}}],"collection":[{"href":"https:\/\/www.cotentinvolibre.com\/index.php?rest_route=\/wp\/v2\/pages"}],"about":[{"href":"https:\/\/www.cotentinvolibre.com\/index.php?rest_route=\/wp\/v2\/types\/page"}],"author":[{"embeddable":true,"href":"https:\/\/www.cotentinvolibre.com\/index.php?rest_route=\/wp\/v2\/users\/1"}],"replies":[{"embeddable":true,"href":"https:\/\/www.cotentinvolibre.com\/index.php?rest_route=%2Fwp%2Fv2%2Fcomments&post=73"}],"version-history":[{"count":4,"href":"https:\/\/www.cotentinvolibre.com\/index.php?rest_route=\/wp\/v2\/pages\/73\/revisions"}],"predecessor-version":[{"id":4076,"href":"https:\/\/www.cotentinvolibre.com\/index.php?rest_route=\/wp\/v2\/pages\/73\/revisions\/4076"}],"wp:attachment":[{"href":"https:\/\/www.cotentinvolibre.com\/index.php?rest_route=%2Fwp%2Fv2%2Fmedia&parent=73"}],"curies":[{"name":"wp","href":"https:\/\/api.w.org\/{rel}","templated":true}]}}