{"id":69,"date":"2015-02-03T07:47:08","date_gmt":"2015-02-03T06:47:08","guid":{"rendered":"http:\/\/www.cotentinvolibre.com\/WP\/?page_id=69"},"modified":"2025-12-28T21:06:51","modified_gmt":"2025-12-28T20:06:51","slug":"vol-biplace","status":"publish","type":"page","link":"https:\/\/www.cotentinvolibre.com\/?page_id=69","title":{"rendered":"Fonctionnement des vols d\u00e9couverte"},"content":{"rendered":"\n<div class=\"wp-block-columns is-layout-flex wp-container-core-columns-is-layout-9d6595d7 wp-block-columns-is-layout-flex\">\n<div class=\"wp-block-column is-layout-flow wp-block-column-is-layout-flow\" style=\"flex-basis:20%\"><div class=\"wp-block-image\">\n<figure class=\"alignleft size-large is-resized\"><img loading=\"lazy\" decoding=\"async\" width=\"577\" height=\"1024\" data-orig-file=\"https:\/\/www.cotentinvolibre.com\/wp-content\/uploads\/2022\/02\/IMG_7358-1-edited-scaled.jpg\" data-attachment-url=\"https:\/\/www.cotentinvolibre.com\/?attachment_id=3461\" data-aspectratio=\"0.56\" data-caption=\"\" data-image-title=\"IMG_7358 (1)\" data-image-description=\"\" srcset=\"https:\/\/www.cotentinvolibre.com\/wp-content\/uploads\/2022\/02\/IMG_7358-1-edited-169x300.jpg 169w, https:\/\/www.cotentinvolibre.com\/wp-content\/uploads\/2022\/02\/IMG_7358-1-edited-577x1024.jpg 577w, https:\/\/www.cotentinvolibre.com\/wp-content\/uploads\/2022\/02\/IMG_7358-1-edited-768x1363.jpg 768w, https:\/\/www.cotentinvolibre.com\/wp-content\/uploads\/2022\/02\/IMG_7358-1-edited-866x1536.jpg 866w, https:\/\/www.cotentinvolibre.com\/wp-content\/uploads\/2022\/02\/IMG_7358-1-edited-1154x2048.jpg 1154w, https:\/\/www.cotentinvolibre.com\/wp-content\/uploads\/2022\/02\/IMG_7358-1-edited-scaled.jpg 1443w\" src=\"https:\/\/www.cotentinvolibre.com\/wp-content\/uploads\/2022\/02\/IMG_7358-1-edited-577x1024.jpg\" alt=\"\" class=\"wp-image-3461\" style=\"width:176px;height:313px\"\/><\/figure>\n\n<script type=\"application\/ld+json\">[\n    {\n        \"@context\": \"https:\/\/schema.org\/\",\n        \"@type\": \"ImageObject\",\n        \"contentUrl\": \"https:\/\/www.cotentinvolibre.com\/wp-content\/uploads\/2022\/02\/IMG_7358-1-edited-scaled.jpg\",\n        \"license\": \"\",\n        \"acquireLicensePage\": \"\"\n    }\n]<\/script><\/div><\/div>\n\n\n\n<div class=\"wp-block-column is-layout-flow wp-block-column-is-layout-flow\" style=\"flex-basis:80%\">\n<p class=\"has-text-color has-x-large-font-size\" style=\"color:#000000;line-height:1.1\"><strong><strong>Vols d\u00e9couverte<\/strong><\/strong><\/p>\n\n\n\n<p>Vous souhaitez d\u00e9couvrir les sensations de voler librement au grand air, Cotentin Vol Libre peut vous proposer des vols en biplace sur&nbsp;<a rel=\"noreferrer noopener\" href=\"https:\/\/www.cotentinvolibre.com\/?page_id=63\" target=\"_blank\">les sites du Cotentin<\/a>.<\/p>\n\n\n\n<div class=\"wp-block-group\"><div class=\"wp-block-group__inner-container is-layout-flow wp-block-group-is-layout-flow\">\n<h1 class=\"wp-block-heading\" id=\"condition\"><strong>Condition&nbsp;:<\/strong><\/h1>\n\n\n\n<p class=\"has-text-align-left\">Vous devez installer l\u2019application Telegram sur votre portable, c\u2019est le seul mode de communication que nous utiliserons pour vous avertir des possibilit\u00e9s de voler.<\/p>\n\n\n\n<p>Nous vous rappelons que cette activit\u00e9 est r\u00e9alis\u00e9e par des b\u00e9n\u00e9voles et que le nombre de vols effectu\u00e9s par jour et par an est limit\u00e9 par les conditions m\u00e9t\u00e9o et les disponibilit\u00e9s des b\u00e9n\u00e9voles.<\/p>\n\n\n\n<p>L\u2019inscription ne garantit en aucun cas que vous effectuerez un vol avec nous. Pour optimiser vos chances, il faudra \u00eatre patient, disponible et r\u00e9actif.<\/p>\n\n\n\n<p>Les pilotes d\u00e9cident seuls de la possibilit\u00e9 de d\u00e9coller en biplace et peuvent \u00eatre amen\u00e9s \u00e0 annuler un vol, m\u00eame au dernier moment.<\/p>\n\n\n\n<p>Les vols biplaces sont fortement d\u00e9pendants de la m\u00e9t\u00e9o dont les pr\u00e9visions sont parfois tr\u00e8s al\u00e9atoires, pour cette raison,&nbsp;<strong>vous ne serez pr\u00e9venus qu\u2019au dernier moment<\/strong>&nbsp;(dans le meilleur des cas la veille) et nous ne souhaitons faire voler que&nbsp;<strong>les personnes pouvant se rendre sur le site en moins d\u2019une heure<\/strong>.<\/p>\n\n\n\n<p>S<strong>i nos conditions ne vous conviennent pas<\/strong> plusieurs structures professionnelles peuvent \u00e9galement vous faire voler sur nos sites ou sur d\u2019autres sites de Normandie (voir en bas de page).<\/p>\n<\/div><\/div>\n<\/div>\n<\/div>\n\n\n\n<div class=\"wp-block-columns is-layout-flex wp-container-core-columns-is-layout-9d6595d7 wp-block-columns-is-layout-flex\">\n<div class=\"wp-block-column is-layout-flow wp-block-column-is-layout-flow\">\n<h1 class=\"wp-block-heading\" id=\"tarif\">Tarif:<\/h1>\n\n\n\n<p>La participation passag\u00e8re est de 50 euros , un vol dure approximativement 15 minutes.<\/p>\n\n\n\n<p>Les bapt\u00eames s\u2019effectuent strictement dans un cadre associatif (non lucratif) et sont r\u00e9alis\u00e9s par des pilotes&nbsp;<strong>b\u00e9n\u00e9voles&nbsp;<\/strong>ayant re\u00e7u une formation reconnue par la F\u00e9d\u00e9ration Fran\u00e7aise de Vol Libre. Une participation financi\u00e8re est n\u00e9anmoins demand\u00e9e, elle est n\u00e9cessaire pour l\u2019amortissement du mat\u00e9riel et son entretien.<\/p>\n<\/div>\n\n\n\n<div class=\"wp-block-column is-layout-flow wp-block-column-is-layout-flow\">\n<h3 class=\"wp-block-heading\" id=\"l-equipe-de-pilotes-biplaceurs-cvl\">L&rsquo;\u00e9quipe de pilotes biplaceurs CVL<\/h3>\n\n\n<div class=\"shortcode-author-avatars\" style=\"padding-left: 0.2em;\"><div class=\"author-list\"><div class=\"user with-name name-group-0-o name-group-last-d user-67\" style=\"\"><span class=\"avatar\" title=\"Olivier Delannoy\"><img src='https:\/\/www.cotentinvolibre.com\/wp-content\/uploads\/2015\/06\/Delannoy_Olivier-81x81.jpg' srcset='https:\/\/www.cotentinvolibre.com\/wp-content\/uploads\/2015\/06\/Delannoy_Olivier-162x162.jpg 2x' class='avatar avatar-81 photo' height='81' width='81' alt=\"avatar pour Olivier Delannoy\"  style=\"\"  \/><\/span><span class=\"name\">Olivier Delannoy<\/span><\/div><div class=\"user with-name name-group-0-s name-group-last-c user-25\" style=\"\"><span class=\"avatar\" title=\"Sylvain Choffee\"><img src='https:\/\/www.cotentinvolibre.com\/wp-content\/uploads\/2018\/05\/Sylvain_Choffee-81x81.jpg' srcset='https:\/\/www.cotentinvolibre.com\/wp-content\/uploads\/2018\/05\/Sylvain_Choffee-162x162.jpg 2x' class='avatar avatar-81 photo' height='81' width='81' alt=\"avatar pour Sylvain Choffee\"  style=\"\"  \/><\/span><span class=\"name\">Sylvain Choffee<\/span><\/div><div class=\"user with-name name-group-0-t name-group-last-g user-83\" style=\"\"><span class=\"avatar\" title=\"Thierry Gouiller\"><img src='https:\/\/www.cotentinvolibre.com\/wp-content\/uploads\/2015\/02\/Gouiller_Thierry-81x81.jpg' srcset='https:\/\/www.cotentinvolibre.com\/wp-content\/uploads\/2015\/02\/Gouiller_Thierry-162x162.jpg 2x' class='avatar avatar-81 photo' height='81' width='81' alt=\"avatar pour Thierry Gouiller\"  style=\"\"  \/><\/span><span class=\"name\">Thierry Gouiller<\/span><\/div><div class=\"user with-name name-group-0-y name-group-last-h user-176\" style=\"\"><span class=\"avatar\" title=\"Yannick Hans\"><img src='https:\/\/www.cotentinvolibre.com\/wp-content\/uploads\/files\/48228_467596119951711_361649695_o-1616761813.jpg' class='avatar avatar-81 photo' height='81' width='81' alt=\"avatar pour Yannick Hans\"  style=\"\"  \/><\/span><span class=\"name\">Yannick Hans<\/span><\/div><\/div><\/div><\/div>\n<\/div>\n\n\n\n<h1 class=\"wp-block-heading\" id=\"inscription\">Inscription :<\/h1>\n\n\n\n<ul class=\"wp-block-list\">\n<li>Installer Telegram<\/li>\n\n\n\n<li>Remplir le formulaire<\/li>\n\n\n\n<li>Vous recevrez un e-mail d&rsquo;inscription avec un lien d&rsquo;acc\u00e8s au groupe Telegram<\/li>\n\n\n\n<li>Validez bien votre inscription avec le lien re\u00e7u<\/li>\n\n\n\n<li>Nous validons votre inscription<\/li>\n\n\n\n<li>Vous recevrez des alertes pour vous pr\u00e9venir des possibilit\u00e9s de vol et de la localisation de l&rsquo;activit\u00e9 via le canal Telegram<\/li>\n<\/ul>\n\n\n\n<div class=\"wp-block-columns is-layout-flex wp-container-core-columns-is-layout-9d6595d7 wp-block-columns-is-layout-flex\">\n<div class=\"wp-block-column is-layout-flow wp-block-column-is-layout-flow\">\n<h2 class=\"wp-block-heading\" id=\"lien-d-installation-de-l-application-telegram\">Lien d&rsquo;installation de l&rsquo;application Telegram <\/h2>\n\n\n<div class=\"wp-block-image\">\n<figure class=\"aligncenter size-full is-resized\"><a href=\"https:\/\/telegram.org\/dl\/android\"><img loading=\"lazy\" decoding=\"async\" width=\"697\" height=\"695\" data-orig-file=\"https:\/\/www.cotentinvolibre.com\/wp-content\/uploads\/2022\/02\/TelegramAndroid-2.png\" data-attachment-url=\"https:\/\/www.cotentinvolibre.com\/?attachment_id=3446\" data-aspectratio=\"1\" data-caption=\"\" data-image-title=\"TelegramAndroid-2\" data-image-description=\"\" srcset=\"https:\/\/www.cotentinvolibre.com\/wp-content\/uploads\/2022\/02\/TelegramAndroid-2-300x300.png 300w, https:\/\/www.cotentinvolibre.com\/wp-content\/uploads\/2022\/02\/TelegramAndroid-2-150x150.png 150w, https:\/\/www.cotentinvolibre.com\/wp-content\/uploads\/2022\/02\/TelegramAndroid-2.png 697w\" src=\"https:\/\/www.cotentinvolibre.com\/wp-content\/uploads\/2022\/02\/TelegramAndroid-2.png\" alt=\"\" class=\"wp-image-3446\" style=\"width:281px;height:279px\"\/><\/a><\/figure>\n\n<script type=\"application\/ld+json\">[\n    {\n        \"@context\": \"https:\/\/schema.org\/\",\n        \"@type\": \"ImageObject\",\n        \"contentUrl\": \"https:\/\/www.cotentinvolibre.com\/wp-content\/uploads\/2022\/02\/TelegramAndroid-2.png\",\n        \"license\": \"\",\n        \"acquireLicensePage\": \"\"\n    }\n]<\/script><\/div>\n\n<div class=\"wp-block-image\">\n<figure class=\"aligncenter size-full is-resized\"><a href=\"https:\/\/telegram.org\/dl\/ios\"><img loading=\"lazy\" decoding=\"async\" width=\"692\" height=\"691\" data-orig-file=\"https:\/\/www.cotentinvolibre.com\/wp-content\/uploads\/2022\/02\/TelegramAppel-1.png\" data-attachment-url=\"https:\/\/www.cotentinvolibre.com\/?attachment_id=3447\" data-aspectratio=\"1\" data-caption=\"\" data-image-title=\"TelegramAppel-1\" data-image-description=\"\" srcset=\"https:\/\/www.cotentinvolibre.com\/wp-content\/uploads\/2022\/02\/TelegramAppel-1-300x300.png 300w, https:\/\/www.cotentinvolibre.com\/wp-content\/uploads\/2022\/02\/TelegramAppel-1-150x150.png 150w, https:\/\/www.cotentinvolibre.com\/wp-content\/uploads\/2022\/02\/TelegramAppel-1.png 692w\" src=\"https:\/\/www.cotentinvolibre.com\/wp-content\/uploads\/2022\/02\/TelegramAppel-1.png\" alt=\"\" class=\"wp-image-3447\" style=\"width:281px;height:280px\"\/><\/a><\/figure>\n\n<script type=\"application\/ld+json\">[\n    {\n        \"@context\": \"https:\/\/schema.org\/\",\n        \"@type\": \"ImageObject\",\n        \"contentUrl\": \"https:\/\/www.cotentinvolibre.com\/wp-content\/uploads\/2022\/02\/TelegramAppel-1.png\",\n        \"license\": \"\",\n        \"acquireLicensePage\": \"\"\n    }\n]<\/script><\/div><\/div>\n\n\n\n<div class=\"wp-block-column is-layout-flow wp-block-column-is-layout-flow\">\n<h2 class=\"wp-block-heading\" id=\"formulaire-d-inscription\">Formulaire d&rsquo;inscription<\/h2>\n\n\n\n<div class=\"wp-block-group has-cyan-bluish-gray-background-color has-background\"><div class=\"wp-block-group__inner-container is-layout-flow wp-block-group-is-layout-flow\">\n<div class=\"wp-block-contact-form-7-contact-form-selector\">\n<div class=\"wpcf7 no-js\" id=\"wpcf7-f2605-o1\" lang=\"fr-FR\" dir=\"ltr\" data-wpcf7-id=\"2605\">\n<div class=\"screen-reader-response\"><p role=\"status\" aria-live=\"polite\" aria-atomic=\"true\"><\/p> <ul><\/ul><\/div>\n<form action=\"\/index.php?rest_route=%2Fwp%2Fv2%2Fpages%2F69#wpcf7-f2605-o1\" method=\"post\" class=\"wpcf7-form init\" aria-label=\"Formulaire de contact\" novalidate=\"novalidate\" data-status=\"init\">\n<fieldset class=\"hidden-fields-container\"><input type=\"hidden\" name=\"_wpcf7\" value=\"2605\" \/><input type=\"hidden\" name=\"_wpcf7_version\" value=\"6.1.5\" \/><input type=\"hidden\" name=\"_wpcf7_locale\" value=\"fr_FR\" \/><input type=\"hidden\" name=\"_wpcf7_unit_tag\" value=\"wpcf7-f2605-o1\" \/><input type=\"hidden\" name=\"_wpcf7_container_post\" value=\"0\" \/><input type=\"hidden\" name=\"_wpcf7_posted_data_hash\" value=\"\" \/><input type=\"hidden\" name=\"_wpcf7_recaptcha_response\" value=\"\" \/>\n<\/fieldset>\n<p><label> Votre adresse de messagerie (obligatoire) <span class=\"wpcf7-form-control-wrap\" data-name=\"your-email\"><input size=\"40\" maxlength=\"400\" class=\"wpcf7-form-control wpcf7-email wpcf7-validates-as-required wpcf7-text wpcf7-validates-as-email\" aria-required=\"true\" aria-invalid=\"false\" value=\"\" type=\"email\" name=\"your-email\" \/><\/span> <\/label>\n<\/p>\n<p><label> Votre nom (obligatoire) <span class=\"wpcf7-form-control-wrap\" data-name=\"nom\"><input size=\"40\" maxlength=\"400\" class=\"wpcf7-form-control wpcf7-text wpcf7-validates-as-required\" aria-required=\"true\" aria-invalid=\"false\" value=\"\" type=\"text\" name=\"nom\" \/><\/span> <\/label>\n<\/p>\n<p><label> Votre pr\u00e9nom(obligatoire) <span class=\"wpcf7-form-control-wrap\" data-name=\"prenom\"><input size=\"40\" maxlength=\"400\" class=\"wpcf7-form-control wpcf7-text wpcf7-validates-as-required\" aria-required=\"true\" aria-invalid=\"false\" value=\"\" type=\"text\" name=\"prenom\" \/><\/span> <\/label>\n<\/p>\n<p>[wpcaptcha]<br \/>\n<input class=\"wpcf7-form-control wpcf7-submit has-spinner\" type=\"submit\" value=\"Envoyer\" \/>\n<\/p><p style=\"display: none !important;\" class=\"akismet-fields-container\" data-prefix=\"_wpcf7_ak_\"><label>&#916;<textarea name=\"_wpcf7_ak_hp_textarea\" cols=\"45\" rows=\"8\" maxlength=\"100\"><\/textarea><\/label><input type=\"hidden\" id=\"ak_js_1\" name=\"_wpcf7_ak_js\" value=\"151\"\/><script>document.getElementById( \"ak_js_1\" ).setAttribute( \"value\", ( new Date() ).getTime() );<\/script><\/p><div class=\"wpcf7-response-output\" aria-hidden=\"true\"><\/div>\n<\/form>\n<\/div>\n<\/div>\n<\/div><\/div>\n<\/div>\n<\/div>\n\n\n\n<div class=\"wp-block-group\"><div class=\"wp-block-group__inner-container is-layout-flow wp-block-group-is-layout-flow\">\n<h1 class=\"wp-block-heading\" id=\"biplaces-pro\">Biplaces professionnels<\/h1>\n\n\n\n<p>Les structures professionnelles suivantes proposent des bapt\u00eames biplaces sur les secteurs du Cotentin, du Calvados, de la Suisse Normande ou de Granville :<\/p>\n\n\n\n<ul class=\"wp-block-list\">\n<li>Elementair (<a rel=\"noreferrer noopener\" href=\"https:\/\/www.parapente-normandie.com\/\" target=\"_blank\">https:\/\/www.parapente-normandie.com<\/a>)<\/li>\n\n\n\n<li>Parapente Mania (<a rel=\"noreferrer noopener\" href=\"https:\/\/www.parapentemania.fr\/\" target=\"_blank\">https:\/\/www.parapentemania.fr\/<\/a>)<\/li>\n\n\n\n<li>Plaine altitude (<a href=\"http:\/\/www.plaine-altitude.com\/\" target=\"_blank\" rel=\"noreferrer noopener\">http:\/\/www.plaine-altitude.com\/<\/a>)<\/li>\n\n\n\n<li>Parapente en baie (<a href=\"http:\/\/www.parapenteenbaie.fr\" data-type=\"link\" data-id=\"www.parapenteenbaie.fr\">www.parapenteenbaie.fr<\/a>)<\/li>\n\n\n\n<li>Manche parapente (<a href=\"http:\/\/www.mancheparapente.fr\" data-type=\"link\" data-id=\"www.mancheparapente.fr\">www.mancheparapente.fr<\/a>)<\/li>\n<\/ul>\n<\/div><\/div>\n\n\n\n<p><\/p>\n","protected":false},"excerpt":{"rendered":"<p>Vols d\u00e9couverte Vous souhaitez d\u00e9couvrir les sensations de voler librement au grand air, Cotentin Vol Libre peut vous proposer des vols en biplace sur&nbsp;les sites du Cotentin. Condition&nbsp;: Vous devez installer l\u2019application Telegram sur votre portable, c\u2019est le seul mode de communication que nous utiliserons pour vous avertir des possibilit\u00e9s de voler. Nous vous rappelons [&hellip;]<\/p>\n","protected":false},"author":1,"featured_media":0,"parent":2597,"menu_order":0,"comment_status":"closed","ping_status":"closed","template":"","meta":{"_uag_custom_page_level_css":"","footnotes":""},"class_list":["post-69","page","type-page","status-publish","hentry","entry"],"featured_image_src":null,"uagb_featured_image_src":{"full":false,"thumbnail":false,"medium":false,"medium_large":false,"large":false,"1536x1536":false,"2048x2048":false,"ocean-thumb-m":false,"ocean-thumb-ml":false,"ocean-thumb-l":false},"uagb_author_info":{"display_name":"CVL","author_link":"https:\/\/www.cotentinvolibre.com\/?author=1"},"uagb_comment_info":0,"uagb_excerpt":"Vols d\u00e9couverte Vous souhaitez d\u00e9couvrir les sensations de voler librement au grand air, Cotentin Vol Libre peut vous proposer des vols en biplace sur&nbsp;les sites du Cotentin. Condition&nbsp;: Vous devez installer l\u2019application Telegram sur votre portable, c\u2019est le seul mode de communication que nous utiliserons pour vous avertir des possibilit\u00e9s de voler. Nous vous rappelons\u2026","_links":{"self":[{"href":"https:\/\/www.cotentinvolibre.com\/index.php?rest_route=\/wp\/v2\/pages\/69","targetHints":{"allow":["GET"]}}],"collection":[{"href":"https:\/\/www.cotentinvolibre.com\/index.php?rest_route=\/wp\/v2\/pages"}],"about":[{"href":"https:\/\/www.cotentinvolibre.com\/index.php?rest_route=\/wp\/v2\/types\/page"}],"author":[{"embeddable":true,"href":"https:\/\/www.cotentinvolibre.com\/index.php?rest_route=\/wp\/v2\/users\/1"}],"replies":[{"embeddable":true,"href":"https:\/\/www.cotentinvolibre.com\/index.php?rest_route=%2Fwp%2Fv2%2Fcomments&post=69"}],"version-history":[{"count":5,"href":"https:\/\/www.cotentinvolibre.com\/index.php?rest_route=\/wp\/v2\/pages\/69\/revisions"}],"predecessor-version":[{"id":4138,"href":"https:\/\/www.cotentinvolibre.com\/index.php?rest_route=\/wp\/v2\/pages\/69\/revisions\/4138"}],"up":[{"embeddable":true,"href":"https:\/\/www.cotentinvolibre.com\/index.php?rest_route=\/wp\/v2\/pages\/2597"}],"wp:attachment":[{"href":"https:\/\/www.cotentinvolibre.com\/index.php?rest_route=%2Fwp%2Fv2%2Fmedia&parent=69"}],"curies":[{"name":"wp","href":"https:\/\/api.w.org\/{rel}","templated":true}]}}