{"id":67,"date":"2015-02-03T07:46:23","date_gmt":"2015-02-03T07:46:23","guid":{"rendered":"http:\/\/www.cotentinvolibre.com\/WP\/?page_id=67"},"modified":"2025-12-28T20:54:07","modified_gmt":"2025-12-28T19:54:07","slug":"omonville","status":"publish","type":"page","link":"https:\/\/www.cotentinvolibre.com\/?page_id=67","title":{"rendered":"Omonville"},"content":{"rendered":"\n<div class=\"wp-block-buttons is-layout-flex wp-block-buttons-is-layout-flex\">\n<div class=\"wp-block-button\"><a class=\"wp-block-button__link has-vivid-cyan-blue-background-color has-background wp-element-button\" href=\"https:\/\/www.cotentinvolibre.com\/?page_id=65\">Landemer<\/a><\/div>\n\n\n\n<div class=\"wp-block-button\"><a class=\"wp-block-button__link has-vivid-cyan-blue-background-color has-background wp-element-button\" href=\"https:\/\/www.cotentinvolibre.com\/?page_id=67\">Omonville<\/a><\/div>\n\n\n\n<div class=\"wp-block-button\"><a class=\"wp-block-button__link has-vivid-cyan-blue-background-color has-background wp-element-button\" href=\"https:\/\/www.cotentinvolibre.com\/?page_id=223\">Ecalgrain<\/a><\/div>\n\n\n\n<div class=\"wp-block-button\"><a class=\"wp-block-button__link has-vivid-cyan-blue-background-color has-background wp-element-button\" href=\"https:\/\/www.cotentinvolibre.com\/?page_id=225\">Vauville<\/a><\/div>\n\n\n\n<div class=\"wp-block-button\"><a class=\"wp-block-button__link has-vivid-cyan-blue-background-color has-background wp-element-button\" href=\"https:\/\/www.cotentinvolibre.com\/?page_id=227\">Biville<\/a><\/div>\n\n\n\n<div class=\"wp-block-button\"><a class=\"wp-block-button__link has-vivid-cyan-blue-background-color has-background wp-element-button\" href=\"https:\/\/www.cotentinvolibre.com\/?page_id=230\">Dielette<\/a><\/div>\n\n\n\n<div class=\"wp-block-button\"><a class=\"wp-block-button__link has-vivid-cyan-blue-background-color has-background wp-element-button\" href=\"https:\/\/www.cotentinvolibre.com\/?page_id=232\">Le Rozel<\/a><\/div>\n\n\n\n<div class=\"wp-block-button\"><a class=\"wp-block-button__link has-vivid-cyan-blue-background-color has-background wp-element-button\" href=\"https:\/\/www.cotentinvolibre.com\/?page_id=235\">Carteret<\/a><\/div>\n<\/div>\n\n\n\n<div class=\"wp-block-columns is-layout-flex wp-container-core-columns-is-layout-9d6595d7 wp-block-columns-is-layout-flex\">\n<div class=\"wp-block-column is-layout-flow wp-block-column-is-layout-flow\" style=\"flex-basis:66.66%\">\n<figure><iframe loading=\"lazy\" src=\"https:\/\/mapsengine.google.com\/map\/embed?mid=zcWqQcgt7XJY.kAFw6b0egFus\" width=\"640\" height=\"480\"><\/iframe><\/figure>\n<\/div>\n\n\n\n<div class=\"wp-block-column is-layout-flow wp-block-column-is-layout-flow\" style=\"flex-basis:33.33%\">\n<h2 class=\"wp-block-heading\">Altitude 80m<\/h2>\n\n\n\n<h2 class=\"wp-block-heading\">Orientation<\/h2>\n\n\n\n<figure class=\"wp-block-image size-large is-resized\"><img loading=\"lazy\" decoding=\"async\" width=\"449\" height=\"446\" data-orig-file=\"https:\/\/www.cotentinvolibre.com\/wp-content\/uploads\/2020\/01\/omonville.png\" data-attachment-url=\"https:\/\/www.cotentinvolibre.com\/?attachment_id=2323\" data-aspectratio=\"1.01\" data-caption=\"\" data-image-title=\"omonville\" data-image-description=\"\" srcset=\"https:\/\/www.cotentinvolibre.com\/wp-content\/uploads\/2020\/01\/omonville-300x298.png 300w, https:\/\/www.cotentinvolibre.com\/wp-content\/uploads\/2020\/01\/omonville-150x150.png 150w, https:\/\/www.cotentinvolibre.com\/wp-content\/uploads\/2020\/01\/omonville.png 449w\" src=\"https:\/\/www.cotentinvolibre.com\/wp-content\/uploads\/2020\/01\/omonville.png\" alt=\"\" class=\"wp-image-2323\" style=\"width:200px;height:148px\"\/><\/figure>\n\n<script type=\"application\/ld+json\">[\n    {\n        \"@context\": \"https:\/\/schema.org\/\",\n        \"@type\": \"ImageObject\",\n        \"contentUrl\": \"https:\/\/www.cotentinvolibre.com\/wp-content\/uploads\/2020\/01\/omonville.png\",\n        \"license\": \"\",\n        \"acquireLicensePage\": \"\"\n    }\n]<\/script>\n\n\n<h4 class=\"wp-block-heading\">Panneau de Site<\/h4>\n\n\n\n<div class=\"wp-block-file\"><a id=\"wp-block-file--media-9bb4bd2e-7cda-46cc-9b77-59e247c1f9c2\" href=\"https:\/\/www.cotentinvolibre.com\/wp-content\/uploads\/2025\/03\/panneau-Omonville-2025.pdf\"><img decoding=\"async\" src=\"https:\/\/www.cotentinvolibre.com\/wp-content\/uploads\/2025\/03\/panneau-Omonville-scaled.jpg\" alt=\"\" style=\"width: 200px;\"><\/a><a href=\"https:\/\/www.cotentinvolibre.com\/wp-content\/uploads\/2025\/03\/panneau-Omonville-2025.pdf\" class=\"wp-block-file__button wp-element-button\" download aria-describedby=\"wp-block-file--media-9bb4bd2e-7cda-46cc-9b77-59e247c1f9c2\">T\u00e9l\u00e9charger<\/a><\/div>\n<\/div>\n<\/div>\n\n\n\n<h3 class=\"wp-block-heading\">Caract\u00e9ristique<\/h3>\n\n\n\n<p> Par bonnes conditions, possibilit\u00e9 d\u2019\u00e9voluer entre le fort \u00e0 l\u2019entr\u00e9e du port d\u2019Omonville et la baie de Quervi\u00e8re.<br>L\u2019a\u00e9rologie y est turbulente d\u00e8s que le vent forcit au dessus de 30 km\/h, cela rend le vol notamment en mini-voile particuli\u00e8rement expos\u00e9 au risque de fermeture \u00e0 proximit\u00e9 du sol.<\/p>\n\n\n\n<p>Repose au d\u00e9co ou dans le petit champ en contrebas du d\u00e9co.<\/p>\n\n\n\n<h3 class=\"wp-block-heading\">Parking<\/h3>\n\n\n\n<p>Stationnement des v\u00e9hicules&nbsp;:<br>Tout petit parking permettant de d\u00e9poser votre mat\u00e9riel au plus pr\u00e8s du d\u00e9co mais sans y laisser votre v\u00e9hicule afin de ne pas g\u00eaner le libre passage des engins agricoles. nous vous demandons de ne pas stationner vos v\u00e9hicules en dehors des aires pr\u00e9vue (voir carte).<\/p>\n\n\n\n<h3 class=\"wp-block-heading\">Recommandation<\/h3>\n\n\n\n<p>Ce site fait l\u2019objet d\u2019une convention d\u2019utilisation avec le Conservatoire du Littoral. Merci de consulter la r\u00e9glementation en vigueur :&nbsp;<a href=\"https:\/\/www.cotentinvolibre.com\/wp-content\/uploads\/2016\/02\/ConventionLittoral-2014-2017.pdf#page=23\">ConventionLittoral-2014-2017<\/a><\/p>\n\n\n\n<h2 class=\"wp-block-heading\">M\u00e9t\u00e9o<\/h2>\n\n\n\n<div class=\"wp-block-columns is-layout-flex wp-container-core-columns-is-layout-9d6595d7 wp-block-columns-is-layout-flex\">\n<div class=\"wp-block-column is-layout-flow wp-block-column-is-layout-flow\">\n<p><\/p>\n\n\n\n<figure><iframe style=\"width: 240px; height: 240px;\" src=\"https:\/\/widget.holfuy.com\/?station=593&amp;su=km\/h&amp;t=C&amp;lang=fr&amp;mode=rose&amp;size=240\" frameborder=\"0\" marginwidth=\"1\" marginheight=\"1\" scrolling=\"no\"><\/iframe><\/figure>\n<\/div>\n\n\n\n<div class=\"wp-block-column is-layout-flow wp-block-column-is-layout-flow\">\n<p>Mar\u00e9e Cherbourg<\/p>\n\n\n\n<iframe loading=\"lazy\" src=\"https:\/\/horloge.maree.frbateaux.net\/ws33?col=1\" width=\"160\" height=\"260\" frameborder=\"0\" scrolling=\"no\"><a href=\"http:\/\/maree.info\/\" target=\"_top\" rel=\"dofollow noopener noreferrer\">Calendrier des mar\u00e9es &#8211; horaire, hauteur, coefficient de mar\u00e9e<\/a><\/iframe>\n<\/div>\n\n\n\n<div class=\"wp-block-column is-layout-flow wp-block-column-is-layout-flow\"><\/div>\n<\/div>\n\n\n\n<p><a href=\"https:\/\/www.cotentinvolibre.com\/?page_id=67\">Voir la page<\/a><\/p>\n\n\n\n<script id=\"wg_fwdg_837671_3_1577886078115\">\n(function (window, document) {\n  var loader = function () {\n    var arg = [\"s=837671\",\"m=3\",\"uid=wg_fwdg_837671_3_1577886078115\",\"wj=knots\",\"tj=c\",\"odh=0\",\"doh=24\",\"fhours=240\",\"vt=forecasts\",\"lng=fr\",\n   \"p=GUST,MWINDSPD,SMER,CDC,APCPs,RH\"];\n    var script = document.createElement(\"script\");\n    var tag = document.getElementsByTagName(\"script\")[0];\n    script.src = \"https:\/\/www.windguru.cz\/js\/widget.php?\"+(arg.join(\"&\"));\n    tag.parentNode.insertBefore(script, tag);\n  };\n  window.addEventListener ? window.addEventListener(\"load\", loader, false) : window.attachEvent(\"onload\", loader);\n})(window, document);\n<\/script>\n\n\n\n<p><em>Vous avez appr\u00e9ci\u00e9 l\u2019accueil des pilotes locaux, l\u2019entretien des sites, la pr\u00e9sence de balise m\u00e9t\u00e9o, laissez-nous un message&nbsp;<a href=\"https:\/\/docs.google.com\/forms\/d\/e\/1FAIpQLScxqtHiyEufA4ab4gkgaN8q9rNI4hq6yRvayoEqtTsaaLfJpQ\/viewform\" target=\"_blank\" rel=\"noreferrer noopener\">via ce formulaire<\/a>. Ce sera appr\u00e9ci\u00e9 par les b\u00e9n\u00e9voles du club.<\/em><\/p>\n","protected":false},"excerpt":{"rendered":"<p>Altitude 80m Orientation Panneau de Site Caract\u00e9ristique Par bonnes conditions, possibilit\u00e9 d\u2019\u00e9voluer entre le fort \u00e0 l\u2019entr\u00e9e du port d\u2019Omonville et la baie de Quervi\u00e8re.L\u2019a\u00e9rologie y est turbulente d\u00e8s que le vent forcit au dessus de 30 km\/h, cela rend le vol notamment en mini-voile particuli\u00e8rement expos\u00e9 au risque de fermeture \u00e0 proximit\u00e9 du sol. [&hellip;]<\/p>\n","protected":false},"author":1,"featured_media":0,"parent":63,"menu_order":0,"comment_status":"closed","ping_status":"open","template":"","meta":{"_uag_custom_page_level_css":"","footnotes":""},"class_list":["post-67","page","type-page","status-publish","hentry","entry"],"featured_image_src":null,"uagb_featured_image_src":{"full":false,"thumbnail":false,"medium":false,"medium_large":false,"large":false,"1536x1536":false,"2048x2048":false,"ocean-thumb-m":false,"ocean-thumb-ml":false,"ocean-thumb-l":false},"uagb_author_info":{"display_name":"CVL","author_link":"https:\/\/www.cotentinvolibre.com\/?author=1"},"uagb_comment_info":0,"uagb_excerpt":"Altitude 80m Orientation Panneau de Site Caract\u00e9ristique Par bonnes conditions, possibilit\u00e9 d\u2019\u00e9voluer entre le fort \u00e0 l\u2019entr\u00e9e du port d\u2019Omonville et la baie de Quervi\u00e8re.L\u2019a\u00e9rologie y est turbulente d\u00e8s que le vent forcit au dessus de 30 km\/h, cela rend le vol notamment en mini-voile particuli\u00e8rement expos\u00e9 au risque de fermeture \u00e0 proximit\u00e9 du sol.\u2026","_links":{"self":[{"href":"https:\/\/www.cotentinvolibre.com\/index.php?rest_route=\/wp\/v2\/pages\/67","targetHints":{"allow":["GET"]}}],"collection":[{"href":"https:\/\/www.cotentinvolibre.com\/index.php?rest_route=\/wp\/v2\/pages"}],"about":[{"href":"https:\/\/www.cotentinvolibre.com\/index.php?rest_route=\/wp\/v2\/types\/page"}],"author":[{"embeddable":true,"href":"https:\/\/www.cotentinvolibre.com\/index.php?rest_route=\/wp\/v2\/users\/1"}],"replies":[{"embeddable":true,"href":"https:\/\/www.cotentinvolibre.com\/index.php?rest_route=%2Fwp%2Fv2%2Fcomments&post=67"}],"version-history":[{"count":5,"href":"https:\/\/www.cotentinvolibre.com\/index.php?rest_route=\/wp\/v2\/pages\/67\/revisions"}],"predecessor-version":[{"id":4130,"href":"https:\/\/www.cotentinvolibre.com\/index.php?rest_route=\/wp\/v2\/pages\/67\/revisions\/4130"}],"up":[{"embeddable":true,"href":"https:\/\/www.cotentinvolibre.com\/index.php?rest_route=\/wp\/v2\/pages\/63"}],"wp:attachment":[{"href":"https:\/\/www.cotentinvolibre.com\/index.php?rest_route=%2Fwp%2Fv2%2Fmedia&parent=67"}],"curies":[{"name":"wp","href":"https:\/\/api.w.org\/{rel}","templated":true}]}}