{"id":65,"date":"2015-02-03T07:46:12","date_gmt":"2015-02-03T07:46:12","guid":{"rendered":"http:\/\/www.cotentinvolibre.com\/WP\/?page_id=65"},"modified":"2025-12-28T20:56:43","modified_gmt":"2025-12-28T19:56:43","slug":"landemer","status":"publish","type":"page","link":"https:\/\/www.cotentinvolibre.com\/?page_id=65","title":{"rendered":"Landemer"},"content":{"rendered":"\n<div class=\"wp-block-group ticss-d740cd91\"><div class=\"wp-block-group__inner-container is-layout-flow wp-block-group-is-layout-flow\">\n<div class=\"wp-block-columns is-layout-flex wp-container-core-columns-is-layout-9d6595d7 wp-block-columns-is-layout-flex\">\n<div class=\"wp-block-column is-layout-flow wp-block-column-is-layout-flow\">\n<div class=\"wp-block-group\"><div class=\"wp-block-group__inner-container is-layout-constrained wp-block-group-is-layout-constrained\">\n<div class=\"wp-block-buttons is-layout-flex wp-block-buttons-is-layout-flex\">\n<div class=\"wp-block-button\"><a class=\"wp-block-button__link has-vivid-cyan-blue-background-color has-background wp-element-button\" href=\"https:\/\/www.cotentinvolibre.com\/?page_id=65\">Landemer<\/a><\/div>\n\n\n\n<div class=\"wp-block-button\"><a class=\"wp-block-button__link has-vivid-cyan-blue-background-color has-background wp-element-button\" href=\"https:\/\/www.cotentinvolibre.com\/?page_id=67\">Omonville<\/a><\/div>\n\n\n\n<div class=\"wp-block-button\"><a class=\"wp-block-button__link has-vivid-cyan-blue-background-color has-background wp-element-button\" href=\"https:\/\/www.cotentinvolibre.com\/?page_id=223\">Ecalgrain<\/a><\/div>\n\n\n\n<div class=\"wp-block-button\"><a class=\"wp-block-button__link has-vivid-cyan-blue-background-color has-background wp-element-button\" href=\"https:\/\/www.cotentinvolibre.com\/?page_id=225\">Vauville<\/a><\/div>\n\n\n\n<div class=\"wp-block-button\"><a class=\"wp-block-button__link has-vivid-cyan-blue-background-color has-background wp-element-button\" href=\"https:\/\/www.cotentinvolibre.com\/?page_id=227\">Biville<\/a><\/div>\n\n\n\n<div class=\"wp-block-button\"><a class=\"wp-block-button__link has-vivid-cyan-blue-background-color has-background wp-element-button\" href=\"https:\/\/www.cotentinvolibre.com\/?page_id=230\">Dielette<\/a><\/div>\n\n\n\n<div class=\"wp-block-button\"><a class=\"wp-block-button__link has-vivid-cyan-blue-background-color has-background wp-element-button\" href=\"https:\/\/www.cotentinvolibre.com\/?page_id=232\">Le Rozel<\/a><\/div>\n\n\n\n<div class=\"wp-block-button\"><a class=\"wp-block-button__link has-vivid-cyan-blue-background-color has-background wp-element-button\" href=\"https:\/\/www.cotentinvolibre.com\/?page_id=235\">Carteret<\/a><\/div>\n<\/div>\n<\/div><\/div>\n\n\n\n<p><\/p>\n<\/div>\n<\/div>\n<\/div><\/div>\n\n\n\n<div class=\"wp-block-columns is-layout-flex wp-container-core-columns-is-layout-9d6595d7 wp-block-columns-is-layout-flex\">\n<div class=\"wp-block-column is-layout-flow wp-block-column-is-layout-flow\" style=\"flex-basis:66.66%\">\n<figure><iframe loading=\"lazy\" src=\"https:\/\/www.google.com\/maps\/d\/embed?mid=zcWqQcgt7XJY.kfq-YR3a0z9c\" width=\"640\" height=\"480\"><\/iframe><\/figure>\n<\/div>\n\n\n\n<div class=\"wp-block-column is-layout-flow wp-block-column-is-layout-flow\" style=\"flex-basis:33.33%\">\n<h2 class=\"wp-block-heading\">Altitude 60m<\/h2>\n\n\n\n<h2 class=\"wp-block-heading\">Orientation<\/h2>\n\n\n\n<figure class=\"wp-block-image size-large is-resized\"><img loading=\"lazy\" decoding=\"async\" width=\"449\" height=\"446\" data-orig-file=\"https:\/\/www.cotentinvolibre.com\/wp-content\/uploads\/2020\/01\/landemer.png\" data-attachment-url=\"https:\/\/www.cotentinvolibre.com\/?attachment_id=2321\" data-aspectratio=\"1.01\" data-caption=\"\" data-image-title=\"landemer\" data-image-description=\"\" srcset=\"https:\/\/www.cotentinvolibre.com\/wp-content\/uploads\/2020\/01\/landemer-300x298.png 300w, https:\/\/www.cotentinvolibre.com\/wp-content\/uploads\/2020\/01\/landemer-150x150.png 150w, https:\/\/www.cotentinvolibre.com\/wp-content\/uploads\/2020\/01\/landemer.png 449w\" src=\"https:\/\/www.cotentinvolibre.com\/wp-content\/uploads\/2020\/01\/landemer.png\" alt=\"\" class=\"wp-image-2321\" style=\"width:200px;height:115px\"\/><\/figure>\n\n<script type=\"application\/ld+json\">[\n    {\n        \"@context\": \"https:\/\/schema.org\/\",\n        \"@type\": \"ImageObject\",\n        \"contentUrl\": \"https:\/\/www.cotentinvolibre.com\/wp-content\/uploads\/2020\/01\/landemer.png\",\n        \"license\": \"\",\n        \"acquireLicensePage\": \"\"\n    }\n]<\/script>\n\n\n<h4 class=\"wp-block-heading\">Panneau de Site<\/h4>\n\n\n\n<div class=\"wp-block-file\"><a id=\"wp-block-file--media-6cbbdc47-4104-4821-acbf-f2acc2e4d925\" href=\"https:\/\/www.cotentinvolibre.com\/wp-content\/uploads\/2019\/04\/panneau-Landemer.pdf\"><img decoding=\"async\" style=\"width: 200px;\" src=\"https:\/\/www.cotentinvolibre.com\/wp-content\/uploads\/2020\/06\/panneau-Landemer.jpg\" alt=\"\"><\/a><a href=\"https:\/\/www.cotentinvolibre.com\/wp-content\/uploads\/2019\/04\/panneau-Landemer.pdf\" class=\"wp-block-file__button wp-element-button\" download aria-describedby=\"wp-block-file--media-6cbbdc47-4104-4821-acbf-f2acc2e4d925\">T\u00e9l\u00e9charger<\/a><\/div>\n<\/div>\n<\/div>\n\n\n\n<h1 class=\"wp-block-heading has-white-color has-vivid-red-background-color has-text-color has-background\">Du 1er novembre au 31 mai, interdiction de survol en parapente d\u2019une bande de terrain situ\u00e9e au nord du sentier du littoral ou de son<br>prolongement \u00e0 l\u2019est sur une bande de 20 m au sud de la ligne de falaise.<\/h1>\n\n\n\n<h3 class=\"wp-block-heading\">Caract\u00e9ristique<\/h3>\n\n\n\n<p><\/p>\n\n\n\n<p>Petit d\u00e9co tr\u00e8s aliment\u00e9, pouvant pr\u00e9senter des difficult\u00e9s pour s\u2019y reposer d\u00e8s que le vent forci. Possibilit\u00e9 de se poser dans un long champ jouxtant le d\u00e9co.<br>Atterrissage de secours possible en bas, sur le chemin de randonn\u00e9e ou dans les foug\u00e8res (attention plusieurs rochers masqu\u00e9s par les foug\u00e8res)<\/p>\n\n\n\n<p>Par bonnes conditions, possibilit\u00e9 d\u2019\u00e9voluer entre la baie de Quervi\u00e8re et Urville.<br>D\u00e9part en cross possible.<\/p>\n\n\n\n<h3 class=\"wp-block-heading\">Recommandation<\/h3>\n\n\n\n<p>Ce site fait l\u2019objet d\u2019une convention d\u2019utilisation avec le Conservatoire du Littoral. Merci de consulter la r\u00e9glementation en vigueur :&nbsp;<a href=\"https:\/\/www.cotentinvolibre.com\/wp-content\/uploads\/2016\/02\/ConventionLittoral-2014-2017.pdf#page=23\">ConventionLittoral-2014-2017<\/a><\/p>\n\n\n\n<p>Nouvel arr\u00eat\u00e9 de protection de biotope en Normandie&nbsp;: Le site du Castel-Vendon\/La Hague\/Manche:<\/p>\n\n\n\n<p><strong>&nbsp;:<\/strong>&nbsp;<a rel=\"noreferrer noopener\" href=\"http:\/\/www.donnees.normandie.developpement-durable.gouv.fr\/pdf\/APPB\/FR3801101txtrgl.pdf\" target=\"_blank\">http:\/\/www.donnees.normandie.developpement-durable.gouv.fr\/pdf\/APPB\/FR3801101txtrgl.pdf<\/a><\/p>\n\n\n\n<p class=\"has-vivid-red-color has-text-color\"><strong><em>Acc\u00e8s <\/em><\/strong>recomendation<strong><em>au d\u00e9collage interdit si pr\u00e9sence de chevaux.<\/em><\/strong><\/p>\n\n\n\n<h3 class=\"wp-block-heading\">Parking<\/h3>\n\n\n\n<p>Il n\u2019est plus possible de se garer dans le petit champ qui jouxte le d\u00e9co. Le parking le plus proche se trouve au niveau du belv\u00e9d\u00e8re (voir carte). Il est petit et tr\u00e8s utilis\u00e9 par les promeneurs, garez-vous soigneusement.<\/p>\n\n\n\n<p>Un autre parking a \u00e9t\u00e9 cr\u00e9\u00e9 sur une parcelle du Conservatoire du Littoral un peu plus loin \u00e9galement utilis\u00e9e par des exploitants agricole. Il est imp\u00e9ratif pour la p\u00e9rennisation de ce parking de se garer soigneusement sur l\u2019aire pr\u00e9vue, de refermer le portail apr\u00e8s son passage et de rejoindre le d\u00e9co par la route.<\/p>\n\n\n\n<h2 class=\"wp-block-heading\">M\u00e9t\u00e9o<\/h2>\n\n\n\n<div class=\"wp-block-columns is-layout-flex wp-container-core-columns-is-layout-9d6595d7 wp-block-columns-is-layout-flex\">\n<div class=\"wp-block-column is-layout-flow wp-block-column-is-layout-flow\">\n<figure><iframe style=\"width: 240px; height: 240px;\" src=\"https:\/\/widget.holfuy.com\/?station=593&amp;su=km\/h&amp;t=C&amp;lang=fr&amp;mode=rose&amp;size=240\" frameborder=\"0\" marginwidth=\"1\" marginheight=\"1\" scrolling=\"no\"><\/iframe><\/figure>\n\n\n\n<p>An\u00e9mo. Vauville<\/p>\n<\/div>\n\n\n\n<div class=\"wp-block-column is-layout-flow wp-block-column-is-layout-flow\">\n<p>Mar\u00e9e Cherbourg<\/p>\n\n\n\n<iframe loading=\"lazy\" src=\"https:\/\/horloge.maree.frbateaux.net\/ws33?col=1\" width=\"160\" height=\"260\" frameborder=\"0\" scrolling=\"no\"><a href=\"http:\/\/maree.info\/\" target=\"_top\" rel=\"dofollow noopener noreferrer\">Calendrier des mar\u00e9es &#8211; horaire, hauteur, coefficient de mar\u00e9e<\/a><\/iframe>\n<\/div>\n\n\n\n<div class=\"wp-block-column is-layout-flow wp-block-column-is-layout-flow\">\n<p>Webcam urville<\/p>\n\n\n\n<figure><iframe src=\"http:\/\/broadcast.viewsurf.com\/8261c5a487e10d096fecae82920c63cc\/capture\/15112\/playEmbed?options[media_user]=lahague\" height=\"350\"><\/iframe><\/figure>\n<\/div>\n<\/div>\n\n\n\n<script id=\"wg_fwdg_48395_3_1577884624928\">\n(function (window, document) {\n  var loader = function () {\n    var arg = [\"s=48395\",\"m=3\",\"uid=wg_fwdg_48395_3_1577884624928\",\"wj=knots\",\"tj=c\",\"odh=0\",\"doh=24\",\"fhours=240\",\"vt=forecasts\",\"lng=fr\",\n   \"p=GUST,MWINDSPD,SMER,CDC,APCPs,RH\"];\n    var script = document.createElement(\"script\");\n    var tag = document.getElementsByTagName(\"script\")[0];\n    script.src = \"https:\/\/www.windguru.cz\/js\/widget.php?\"+(arg.join(\"&\"));\n    tag.parentNode.insertBefore(script, tag);\n  };\n  window.addEventListener ? window.addEventListener(\"load\", loader, false) : window.attachEvent(\"onload\", loader);\n})(window, document);\n<\/script>\n\n\n\n<p><\/p>\n\n\n\n<p><em>Vous avez appr\u00e9ci\u00e9 l\u2019accueil des pilotes locaux, l\u2019entretien des sites, la pr\u00e9sence de balise m\u00e9t\u00e9o, laissez-nous un message&nbsp;<a href=\"https:\/\/docs.google.com\/forms\/d\/e\/1FAIpQLScxqtHiyEufA4ab4gkgaN8q9rNI4hq6yRvayoEqtTsaaLfJpQ\/viewform\" target=\"_blank\" rel=\"noreferrer noopener\">via ce formulaire<\/a>. Ce sera appr\u00e9ci\u00e9 par les b\u00e9n\u00e9voles du club.<\/em><\/p>\n","protected":false},"excerpt":{"rendered":"<p>Altitude 60m Orientation Panneau de Site Du 1er novembre au 31 mai, interdiction de survol en parapente d\u2019une bande de terrain situ\u00e9e au nord du sentier du littoral ou de sonprolongement \u00e0 l\u2019est sur une bande de 20 m au sud de la ligne de falaise. Caract\u00e9ristique Petit d\u00e9co tr\u00e8s aliment\u00e9, pouvant pr\u00e9senter des difficult\u00e9s [&hellip;]<\/p>\n","protected":false},"author":1,"featured_media":0,"parent":63,"menu_order":0,"comment_status":"closed","ping_status":"open","template":"","meta":{"_uag_custom_page_level_css":"","footnotes":""},"class_list":["post-65","page","type-page","status-publish","hentry","entry"],"featured_image_src":null,"uagb_featured_image_src":{"full":false,"thumbnail":false,"medium":false,"medium_large":false,"large":false,"1536x1536":false,"2048x2048":false,"ocean-thumb-m":false,"ocean-thumb-ml":false,"ocean-thumb-l":false},"uagb_author_info":{"display_name":"CVL","author_link":"https:\/\/www.cotentinvolibre.com\/?author=1"},"uagb_comment_info":0,"uagb_excerpt":"Altitude 60m Orientation Panneau de Site Du 1er novembre au 31 mai, interdiction de survol en parapente d\u2019une bande de terrain situ\u00e9e au nord du sentier du littoral ou de sonprolongement \u00e0 l\u2019est sur une bande de 20 m au sud de la ligne de falaise. Caract\u00e9ristique Petit d\u00e9co tr\u00e8s aliment\u00e9, pouvant pr\u00e9senter des difficult\u00e9s\u2026","_links":{"self":[{"href":"https:\/\/www.cotentinvolibre.com\/index.php?rest_route=\/wp\/v2\/pages\/65","targetHints":{"allow":["GET"]}}],"collection":[{"href":"https:\/\/www.cotentinvolibre.com\/index.php?rest_route=\/wp\/v2\/pages"}],"about":[{"href":"https:\/\/www.cotentinvolibre.com\/index.php?rest_route=\/wp\/v2\/types\/page"}],"author":[{"embeddable":true,"href":"https:\/\/www.cotentinvolibre.com\/index.php?rest_route=\/wp\/v2\/users\/1"}],"replies":[{"embeddable":true,"href":"https:\/\/www.cotentinvolibre.com\/index.php?rest_route=%2Fwp%2Fv2%2Fcomments&post=65"}],"version-history":[{"count":12,"href":"https:\/\/www.cotentinvolibre.com\/index.php?rest_route=\/wp\/v2\/pages\/65\/revisions"}],"predecessor-version":[{"id":4132,"href":"https:\/\/www.cotentinvolibre.com\/index.php?rest_route=\/wp\/v2\/pages\/65\/revisions\/4132"}],"up":[{"embeddable":true,"href":"https:\/\/www.cotentinvolibre.com\/index.php?rest_route=\/wp\/v2\/pages\/63"}],"wp:attachment":[{"href":"https:\/\/www.cotentinvolibre.com\/index.php?rest_route=%2Fwp%2Fv2%2Fmedia&parent=65"}],"curies":[{"name":"wp","href":"https:\/\/api.w.org\/{rel}","templated":true}]}}