{"id":63,"date":"2015-02-03T07:45:57","date_gmt":"2015-02-03T07:45:57","guid":{"rendered":"http:\/\/www.cotentinvolibre.com\/WP\/?page_id=63"},"modified":"2023-04-10T19:18:13","modified_gmt":"2023-04-10T18:18:13","slug":"sites","status":"publish","type":"page","link":"https:\/\/www.cotentinvolibre.com\/?page_id=63","title":{"rendered":"Sites"},"content":{"rendered":"\n<h1 class=\"wp-block-heading has-very-dark-gray-color has-text-color\">Nos Sites<\/h1>\n\n\n\n<div class=\"wp-block-group ticss-d740cd91\"><div class=\"wp-block-group__inner-container is-layout-flow wp-block-group-is-layout-flow\">\n<div class=\"wp-block-columns is-layout-flex wp-container-core-columns-is-layout-9d6595d7 wp-block-columns-is-layout-flex\">\n<div class=\"wp-block-column is-layout-flow wp-block-column-is-layout-flow\">\n<div id=\"wp-block-themeisle-blocks-button-group-e2e5fd15\" class=\"wp-block-themeisle-blocks-button-group wp-block-buttons align-left ticss-76a16ec9\">\n<div id=\"wp-block-themeisle-blocks-button-ab028976\" class=\"wp-block-themeisle-blocks-button wp-block-button\"><a href=\"https:\/\/www.cotentinvolibre.com\/?page_id=65\" target=\"_self\" rel=\"noopener noreferrer\" class=\"wp-block-button__link\"><span>Landemer<\/span><\/a><\/div>\n\n\n\n<div id=\"wp-block-themeisle-blocks-button-5c554020\" class=\"wp-block-themeisle-blocks-button wp-block-button\"><a href=\"https:\/\/www.cotentinvolibre.com\/?page_id=67\" target=\"_self\" rel=\"noopener noreferrer\" class=\"wp-block-button__link\"><span>Omonville<\/span><\/a><\/div>\n\n\n\n<div id=\"wp-block-themeisle-blocks-button-59b0fa98\" class=\"wp-block-themeisle-blocks-button wp-block-button\"><a href=\"https:\/\/www.cotentinvolibre.com\/?page_id=223\" target=\"_self\" rel=\"noopener noreferrer\" class=\"wp-block-button__link\"><span>Ecalgrain<\/span><\/a><\/div>\n\n\n\n<div id=\"wp-block-themeisle-blocks-button-28ea2ca6\" class=\"wp-block-themeisle-blocks-button wp-block-button\"><a href=\"https:\/\/www.cotentinvolibre.com\/?page_id=225\" target=\"_self\" rel=\"noopener noreferrer\" class=\"wp-block-button__link\"><span>Vauville<\/span><\/a><\/div>\n\n\n\n<div id=\"wp-block-themeisle-blocks-button-987f26bf\" class=\"wp-block-themeisle-blocks-button wp-block-button\"><a href=\"https:\/\/www.cotentinvolibre.com\/?page_id=227\" target=\"_self\" rel=\"noopener noreferrer\" class=\"wp-block-button__link\"><span>Biville<\/span><\/a><\/div>\n\n\n\n<div id=\"wp-block-themeisle-blocks-button-e6139e14\" class=\"wp-block-themeisle-blocks-button wp-block-button\"><a href=\"https:\/\/www.cotentinvolibre.com\/?page_id=230\" target=\"_self\" rel=\"noopener noreferrer\" class=\"wp-block-button__link\"><span>Dielette<\/span><\/a><\/div>\n\n\n\n<div id=\"wp-block-themeisle-blocks-button-802df270\" class=\"wp-block-themeisle-blocks-button wp-block-button\"><a href=\"https:\/\/www.cotentinvolibre.com\/?page_id=232\" target=\"_self\" rel=\"noopener noreferrer\" class=\"wp-block-button__link\"><span>Le Rozel<\/span><\/a><\/div>\n\n\n\n<div id=\"wp-block-themeisle-blocks-button-3053ef3e\" class=\"wp-block-themeisle-blocks-button wp-block-button\"><a href=\"https:\/\/www.cotentinvolibre.com\/?page_id=235\" target=\"_self\" rel=\"noopener noreferrer\" class=\"wp-block-button__link\"><span>Carteret<\/span><\/a><\/div>\n<\/div>\n\n\n\n<p><\/p>\n<\/div>\n<\/div>\n<\/div><\/div>\n\n\n\n<div class=\"wp-block-columns is-layout-flex wp-container-core-columns-is-layout-9d6595d7 wp-block-columns-is-layout-flex\">\n<div class=\"wp-block-column is-layout-flow wp-block-column-is-layout-flow\">\n<figure class=\"wp-block-image size-full\"><img loading=\"lazy\" decoding=\"async\" width=\"462\" height=\"500\" data-orig-file=\"https:\/\/www.cotentinvolibre.com\/wp-content\/uploads\/2023\/04\/site-1.png\" data-attachment-url=\"https:\/\/www.cotentinvolibre.com\/?attachment_id=3744\" data-aspectratio=\"0.92\" data-caption=\"\" data-image-title=\"site\" data-image-description=\"\" srcset=\"https:\/\/www.cotentinvolibre.com\/wp-content\/uploads\/2023\/04\/site-1-277x300.png 277w, https:\/\/www.cotentinvolibre.com\/wp-content\/uploads\/2023\/04\/site-1.png 462w\" src=\"https:\/\/www.cotentinvolibre.com\/wp-content\/uploads\/2023\/04\/site-1.png\" alt=\". .\" class=\"wp-image-3744\"\/><\/figure>\n\n<script type=\"application\/ld+json\">[\n    {\n        \"@context\": \"https:\/\/schema.org\/\",\n        \"@type\": \"ImageObject\",\n        \"contentUrl\": \"https:\/\/www.cotentinvolibre.com\/wp-content\/uploads\/2023\/04\/site-1.png\",\n        \"license\": \"\",\n        \"acquireLicensePage\": \"\"\n    }\n]<\/script>\n\n\n<figure><iframe loading=\"lazy\" src=\"https:\/\/mapsengine.google.com\/map\/embed?mid=zcWqQcgt7XJY.kUEJ6lXr74cw\" width=\"640\" height=\"480\"><\/iframe><\/figure>\n<\/div>\n\n\n\n<div class=\"wp-block-column is-layout-flow wp-block-column-is-layout-flow\">\n<p>De part sa c\u00f4te tr\u00e8s d\u00e9coup\u00e9e bord\u00e9e de falaises, la presqu&rsquo;\u00eele du Cotentin nous offre la possibilit\u00e9 de voler par toutes orientations de vent sauf le Sud-Est. Nous disposons \u00e9galement de plusieurs sites d\u00e9di\u00e9s au treuillage.<\/p>\n\n\n\n<p>Si vous pr\u00e9voyez de nous rendre visite, imprimez le&nbsp;Livret-sites de vol CV<a rel=\"noopener noreferrer\" href=\"https:\/\/www.cotentinvolibre.com\/wp-content\/uploads\/2015\/06\/Livret-sites-de-vol-CVL.pdf\" target=\"_blank\">L<\/a>&nbsp;afin d&rsquo;avoir avec vous toutes les informations utiles.<\/p>\n\n\n\n<div class=\"wp-block-file\"><a id=\"wp-block-file--media-a33184f8-3c0a-4983-b9f5-cdb5c0fce37e\" href=\"https:\/\/www.cotentinvolibre.com\/wp-content\/uploads\/2015\/06\/Livret-sites-de-vol-CVL.pdf\">Livret-sites de vol CVL<\/a><a href=\"https:\/\/www.cotentinvolibre.com\/wp-content\/uploads\/2015\/06\/Livret-sites-de-vol-CVL.pdf\" class=\"wp-block-file__button wp-element-button\" download aria-describedby=\"wp-block-file--media-a33184f8-3c0a-4983-b9f5-cdb5c0fce37e\">T\u00e9l\u00e9charger<\/a><\/div>\n\n\n\n<p>Nous \u00e9voluons sur des sites sensibles, pour certains g\u00e9r\u00e9s par le conservatoire du littoral, et \u00e0 proximit\u00e9 imm\u00e9diate de zones a\u00e9riennes interdites. Merci de respecter les consignes sp\u00e9cifiques sur chaque site de vol et en cas de doute n&rsquo;h\u00e9sitez pas \u00e0 demander conseil aux locaux.<\/p>\n\n\n\n<div class=\"wp-block-file\"><a id=\"wp-block-file--media-1899ebd1-39f0-4c56-b251-d6916220150f\" href=\"https:\/\/www.cotentinvolibre.com\/wp-content\/uploads\/2016\/02\/ConventionLittoral-2014-2017.pdf\">ConventionLittoral-2014-2017<\/a><a href=\"https:\/\/www.cotentinvolibre.com\/wp-content\/uploads\/2016\/02\/ConventionLittoral-2014-2017.pdf\" class=\"wp-block-file__button wp-element-button\" download aria-describedby=\"wp-block-file--media-1899ebd1-39f0-4c56-b251-d6916220150f\">T\u00e9l\u00e9charger<\/a><\/div>\n\n\n\n<div class=\"wp-block-button is-style-fill\"><a class=\"wp-block-button__link has-very-dark-gray-background-color has-background wp-element-button\" href=\"https:\/\/www.google.com\/maps\/d\/viewer?mid=1y4-hkFHh7SXw8dtcGZp5KjqoUWE&amp;ll=49.51761691030119%2C-1.7382144232880137&amp;z=10\" style=\"border-radius:50px\" target=\"_blank\" rel=\"noreferrer noopener\">Carte d\u2019Infos sites de vol CVL<\/a><\/div>\n<\/div>\n<\/div>\n\n\n\n<p><\/p>\n\n\n\n<p><span style=\"color: #3366ff;\"><em>Vous avez appr\u00e9ci\u00e9 l&rsquo;accueil des pilotes locaux, l&rsquo;entretien des sites, la pr\u00e9sence de balise m\u00e9t\u00e9o, laissez-nous un message <a style=\"color: #3366ff;\" href=\"https:\/\/docs.google.com\/forms\/d\/e\/1FAIpQLScxqtHiyEufA4ab4gkgaN8q9rNI4hq6yRvayoEqtTsaaLfJpQ\/viewform\" target=\"_blank\" rel=\"noopener noreferrer\">via ce formulaire<\/a>. Ce sera appr\u00e9ci\u00e9 par les b\u00e9n\u00e9voles du club.<\/em><\/span><\/p>\n","protected":false},"excerpt":{"rendered":"<p>Nos Sites De part sa c\u00f4te tr\u00e8s d\u00e9coup\u00e9e bord\u00e9e de falaises, la presqu&rsquo;\u00eele du Cotentin nous offre la possibilit\u00e9 de voler par toutes orientations de vent sauf le Sud-Est. Nous disposons \u00e9galement de plusieurs sites d\u00e9di\u00e9s au treuillage. Si vous pr\u00e9voyez de nous rendre visite, imprimez le&nbsp;Livret-sites de vol CVL&nbsp;afin d&rsquo;avoir avec vous toutes les [&hellip;]<\/p>\n","protected":false},"author":1,"featured_media":0,"parent":0,"menu_order":20,"comment_status":"closed","ping_status":"open","template":"","meta":{"_uag_custom_page_level_css":"","footnotes":""},"class_list":["post-63","page","type-page","status-publish","hentry","entry"],"featured_image_src":null,"uagb_featured_image_src":{"full":false,"thumbnail":false,"medium":false,"medium_large":false,"large":false,"1536x1536":false,"2048x2048":false,"ocean-thumb-m":false,"ocean-thumb-ml":false,"ocean-thumb-l":false},"uagb_author_info":{"display_name":"CVL","author_link":"https:\/\/www.cotentinvolibre.com\/?author=1"},"uagb_comment_info":0,"uagb_excerpt":"Nos Sites De part sa c\u00f4te tr\u00e8s d\u00e9coup\u00e9e bord\u00e9e de falaises, la presqu&rsquo;\u00eele du Cotentin nous offre la possibilit\u00e9 de voler par toutes orientations de vent sauf le Sud-Est. Nous disposons \u00e9galement de plusieurs sites d\u00e9di\u00e9s au treuillage. Si vous pr\u00e9voyez de nous rendre visite, imprimez le&nbsp;Livret-sites de vol CVL&nbsp;afin d&rsquo;avoir avec vous toutes les\u2026","_links":{"self":[{"href":"https:\/\/www.cotentinvolibre.com\/index.php?rest_route=\/wp\/v2\/pages\/63","targetHints":{"allow":["GET"]}}],"collection":[{"href":"https:\/\/www.cotentinvolibre.com\/index.php?rest_route=\/wp\/v2\/pages"}],"about":[{"href":"https:\/\/www.cotentinvolibre.com\/index.php?rest_route=\/wp\/v2\/types\/page"}],"author":[{"embeddable":true,"href":"https:\/\/www.cotentinvolibre.com\/index.php?rest_route=\/wp\/v2\/users\/1"}],"replies":[{"embeddable":true,"href":"https:\/\/www.cotentinvolibre.com\/index.php?rest_route=%2Fwp%2Fv2%2Fcomments&post=63"}],"version-history":[{"count":0,"href":"https:\/\/www.cotentinvolibre.com\/index.php?rest_route=\/wp\/v2\/pages\/63\/revisions"}],"wp:attachment":[{"href":"https:\/\/www.cotentinvolibre.com\/index.php?rest_route=%2Fwp%2Fv2%2Fmedia&parent=63"}],"curies":[{"name":"wp","href":"https:\/\/api.w.org\/{rel}","templated":true}]}}