{"id":3874,"date":"2024-03-09T14:26:05","date_gmt":"2024-03-09T13:26:05","guid":{"rendered":"http:\/\/www.cotentinvolibre.com\/?page_id=3874"},"modified":"2024-05-05T07:06:33","modified_gmt":"2024-05-05T06:06:33","slug":"deltaplane","status":"publish","type":"page","link":"https:\/\/www.cotentinvolibre.com\/?page_id=3874","title":{"rendered":"Deltaplane"},"content":{"rendered":"\n<h1 class=\"wp-block-heading has-x-large-font-size\">Le Deltaplane au Cotentin Vol Libre<\/h1>\n\n\n\n<div id=\"wp-block-themeisle-blocks-advanced-columns-a2946a77\" class=\"wp-block-themeisle-blocks-advanced-columns alignfull has-2-columns has-desktop-equal-layout has-tablet-equal-layout has-mobile-collapsedRows-layout has-vertical-center ticss-a2946a77\"><div class=\"wp-block-themeisle-blocks-advanced-columns-overlay\"><\/div><div class=\"innerblocks-wrap\">\n<div id=\"wp-block-themeisle-blocks-advanced-column-bbddf55b\" class=\"wp-block-themeisle-blocks-advanced-column\"><div class=\"wp-block-image\">\n<figure class=\"aligncenter size-full\"><img loading=\"lazy\" decoding=\"async\" width=\"1080\" height=\"607\" data-orig-file=\"https:\/\/www.cotentinvolibre.com\/wp-content\/uploads\/2024\/05\/FB_IMG_1714633525181.jpg\" data-attachment-url=\"https:\/\/www.cotentinvolibre.com\/?attachment_id=3994\" data-aspectratio=\"1.78\" data-caption=\"\" data-image-title=\"FB_IMG_1714633525181\" data-image-description=\"\" srcset=\"https:\/\/www.cotentinvolibre.com\/wp-content\/uploads\/2024\/05\/FB_IMG_1714633525181-300x169.jpg 300w, https:\/\/www.cotentinvolibre.com\/wp-content\/uploads\/2024\/05\/FB_IMG_1714633525181-1024x576.jpg 1024w, https:\/\/www.cotentinvolibre.com\/wp-content\/uploads\/2024\/05\/FB_IMG_1714633525181-768x432.jpg 768w, https:\/\/www.cotentinvolibre.com\/wp-content\/uploads\/2024\/05\/FB_IMG_1714633525181-800x450.jpg 800w, https:\/\/www.cotentinvolibre.com\/wp-content\/uploads\/2024\/05\/FB_IMG_1714633525181.jpg 1080w\" src=\"https:\/\/www.cotentinvolibre.com\/wp-content\/uploads\/2024\/05\/FB_IMG_1714633525181.jpg\" alt=\". .\" class=\"wp-image-3994\" \/><\/figure>\n\n<script type=\"application\/ld+json\">[\n    {\n        \"@context\": \"https:\/\/schema.org\/\",\n        \"@type\": \"ImageObject\",\n        \"contentUrl\": \"https:\/\/www.cotentinvolibre.com\/wp-content\/uploads\/2024\/05\/FB_IMG_1714633525181.jpg\",\n        \"license\": \"\",\n        \"acquireLicensePage\": \"\"\n    }\n]<\/script><\/div><\/div>\n\n\n\n<div id=\"wp-block-themeisle-blocks-advanced-column-92b2db05\" class=\"wp-block-themeisle-blocks-advanced-column\">\n<h1 id=\"wp-block-themeisle-blocks-advanced-heading-70247615\" class=\"wp-block-themeisle-blocks-advanced-heading wp-block-themeisle-blocks-advanced-heading-70247615\">Le Deltaplane<\/h1>\n\n\n\n<p>Le Deltaplane est une activit\u00e9 de vol libre utilisant les courants d\u2019air pour \u00e9voluer sans motorisation.&nbsp;<\/p>\n\n\n\n<p>\u00ab&nbsp;Comme toutes les autres activit\u00e9s de vol libre&nbsp;\u00bb pensez-vous?&nbsp;<\/p>\n\n\n\n<p>Pourtant, le deltaplane se distingue par bien des points !&nbsp;<\/p>\n\n\n\n<p>L&rsquo;aile rigide et la position allong\u00e9e&nbsp;du pilote donnent la sensation tout \u00e0 fait exclusive d\u2019avoir \u00ab&nbsp;des ailes dans le dos&nbsp;\u00bb lui conf\u00e9rant d\u2019ailleurs la r\u00e9putation d\u2019\u00eatre l\u2019outil de vol le plus proche du vol des oiseaux.&nbsp;<\/p>\n<\/div>\n<\/div><\/div>\n\n\n\n<div id=\"wp-block-themeisle-blocks-advanced-columns-43ccba0a\" class=\"wp-block-themeisle-blocks-advanced-columns alignfull has-2-columns has-desktop-equal-layout has-tablet-equal-layout has-mobile-collapsedRows-layout has-vertical-center ticss-a2946a77\"><div class=\"wp-block-themeisle-blocks-advanced-columns-overlay\"><\/div><div class=\"innerblocks-wrap\">\n<div id=\"wp-block-themeisle-blocks-advanced-column-32a5f10f\" class=\"wp-block-themeisle-blocks-advanced-column\">\n<h1 id=\"wp-block-themeisle-blocks-advanced-heading-42ae1e86\" class=\"wp-block-themeisle-blocks-advanced-heading wp-block-themeisle-blocks-advanced-heading-42ae1e86\">Journ\u00e9es de d\u00e9couverte du Deltaplane<\/h1>\n\n\n\n<p class=\"has-white-color has-text-color\">Ces journ\u00e9es ont pour but de vous faire d\u00e9couvrir ce qu\u2019est le deltaplane par prise en main de l\u2019aile sur la pente \u00e9cole.<\/p>\n\n\n\n<p class=\"has-white-color has-text-color\">Par groupe de 5 au Maximums sur le site de Dielette , vous d\u00e9couvrirez le montage la manipulation et la technique de d\u00e9collage. <\/p>\n\n\n\n<p><strong><em><code><span class=\"highlight\"><mark class=\"has-inline-color has-vivid-red-color\">Attention:<\/mark><\/span> <\/code><\/em><\/strong>Il n&rsquo;y a pas de vol a proprement dit et il va falloir courir. Ce n&rsquo;est en aucun cas un vol biplace ni un stage apprentissage, mais une d\u00e9couverte de l&rsquo;activit\u00e9 et du mat\u00e9riel.<\/p>\n<\/div>\n\n\n\n<div id=\"wp-block-themeisle-blocks-advanced-column-47d2a03f\" class=\"wp-block-themeisle-blocks-advanced-column\">\n<figure class=\"wp-block-image size-full\"><img loading=\"lazy\" decoding=\"async\" width=\"940\" height=\"788\" data-orig-file=\"https:\/\/www.cotentinvolibre.com\/wp-content\/uploads\/2024\/03\/431071169_954628283032763_3147841714627379196_n.jpg\" data-attachment-url=\"https:\/\/www.cotentinvolibre.com\/?attachment_id=3876\" data-aspectratio=\"1.19\" data-caption=\"\" data-image-title=\"431071169_954628283032763_3147841714627379196_n\" data-image-description=\"\" srcset=\"https:\/\/www.cotentinvolibre.com\/wp-content\/uploads\/2024\/03\/431071169_954628283032763_3147841714627379196_n-300x251.jpg 300w, https:\/\/www.cotentinvolibre.com\/wp-content\/uploads\/2024\/03\/431071169_954628283032763_3147841714627379196_n-768x644.jpg 768w, https:\/\/www.cotentinvolibre.com\/wp-content\/uploads\/2024\/03\/431071169_954628283032763_3147841714627379196_n.jpg 940w\" src=\"https:\/\/www.cotentinvolibre.com\/wp-content\/uploads\/2024\/03\/431071169_954628283032763_3147841714627379196_n.jpg\" alt=\". .\" class=\"wp-image-3876\" \/><\/figure>\n\n<script type=\"application\/ld+json\">[\n    {\n        \"@context\": \"https:\/\/schema.org\/\",\n        \"@type\": \"ImageObject\",\n        \"contentUrl\": \"https:\/\/www.cotentinvolibre.com\/wp-content\/uploads\/2024\/03\/431071169_954628283032763_3147841714627379196_n.jpg\",\n        \"license\": \"\",\n        \"acquireLicensePage\": \"\"\n    }\n]<\/script><\/div>\n<\/div><\/div>\n\n\n\n<div id=\"wp-block-themeisle-blocks-advanced-columns-a6ea3319\" class=\"wp-block-themeisle-blocks-advanced-columns alignfull has-1-columns has-desktop-equal-layout has-tablet-equal-layout has-mobile-collapsedRows-layout has-vertical-center ticss-a2946a77\"><div class=\"wp-block-themeisle-blocks-advanced-columns-overlay\"><\/div><div class=\"innerblocks-wrap\">\n<div id=\"wp-block-themeisle-blocks-advanced-column-3053c004\" class=\"wp-block-themeisle-blocks-advanced-column\">\n<div class=\"wp-block-media-text is-stacked-on-mobile\" style=\"grid-template-columns:47% auto\"><figure class=\"wp-block-media-text__media\"><video controls src=\"https:\/\/www.cotentinvolibre.com\/wp-content\/uploads\/2024\/04\/YouCut_20240423_090810525.mp4\"><\/video><\/figure><div class=\"wp-block-media-text__content\">\n<h2 id=\"wp-block-themeisle-blocks-advanced-heading-fcf0ebd9\" class=\"wp-block-themeisle-blocks-advanced-heading wp-block-themeisle-blocks-advanced-heading-fcf0ebd9\">Programme de la Journ\u00e9es de d\u00e9couverte <\/h2>\n\n\n\n<p class=\"has-black-color has-text-color has-link-color wp-elements-0a6867228ebe0c408cd619281dea8dec\">L\u2019apprentissage du pilotage n\u00e9cessite quelques efforts: cet aspect est assez s\u00e9lectif, et, pour les volontaires, la r\u00e9compense est au rendez-vous avec des sensations de vitesse et de plan\u00e9, d\u00e8s le d\u00e9collage, in\u00e9gal\u00e9es par les autres ou tils de vol libre.&nbsp;<\/p>\n\n\n\n<p class=\"has-black-color has-text-color has-link-color wp-elements-c5efc00a9e50d117228bc8e327f4edf9\">La d\u00e9couverte par la pente \u00e9cole, pour comprendre comment \u00abmettre son aile dans le vent\u00bb, comment elle se sustente et porte son pilote, m\u00e8ne \u00e0 la maitrise du d\u00e9collage et des premi\u00e8res sensations. L\u2019atterrissage demande ensuite quelques essais puis, rapidement, ce sont les premiers grands vols, du d\u00e9collage, en passant par le plan\u00e9 seul \u00e0 la barre, puis l\u2019atterrissage, le tout guid\u00e9 par radio. L\u2019ind\u00e9pendance n\u2019est plus qu\u2019une question d\u2019entrainement.&nbsp;<\/p>\n\n\n\n<p>Pour ceux qui l\u2019ont choisi, le Deltaplane est une philosophie \u00e0 part enti\u00e8re \u2026&nbsp;<\/p>\n\n\n\n<p>Si sa mise en oeuvre peut sembler contraignante de l\u2019ext\u00e9rieur, elle fait en r\u00e9alit\u00e9 partie int\u00e9grante du moment: le montage de l\u2019aile (environ 10-15 minutes) est l\u2019occasion de v\u00e9rifier et d\u2019appr\u00e9cier son mat\u00e9riel, ainsi que d\u2019\u00e9changer avec les autres pratiquants.&nbsp;<\/p>\n\n\n\n<p>Le mat\u00e9riel, justement, est sp\u00e9cifique; au-dela du fait qu\u2019il s\u2019agit du plus bel objet cr\u00e9\u00e9 par l\u2019homme \u00e0 ce jour (NDLR), son principe reste simple: un squelette rigide (tubulaire alu\/carbonne) sur lequel est fix\u00e9e une toile, permet un pilotage pendulaire avec peu d\u2019efforts.&nbsp;<\/p>\n\n\n\n<p>Plusieurs cat\u00e9gories existent d\u00e9sormais: le simple surface, le sans-mat, le double surface, le rigide \u2026 chacun avec ses sp\u00e9cificit\u00e9s.&nbsp;<\/p>\n<\/div><\/div>\n<\/div>\n<\/div><\/div>\n\n\n\n<div id=\"wp-block-themeisle-blocks-advanced-columns-a1a7155c\" class=\"wp-block-themeisle-blocks-advanced-columns alignfull has-2-columns has-desktop-equal-layout has-tablet-equal-layout has-mobile-collapsedRows-layout has-vertical-center ticss-a2946a77\"><div class=\"wp-block-themeisle-blocks-advanced-columns-overlay\"><\/div><div class=\"innerblocks-wrap\">\n<div id=\"wp-block-themeisle-blocks-advanced-column-ca841b44\" class=\"wp-block-themeisle-blocks-advanced-column\">\n<figure class=\"wp-block-image size-large\"><img loading=\"lazy\" decoding=\"async\" width=\"1024\" height=\"576\" data-orig-file=\"https:\/\/www.cotentinvolibre.com\/wp-content\/uploads\/2024\/03\/IMG-20230617-WA0005.jpg\" data-attachment-url=\"https:\/\/www.cotentinvolibre.com\/?attachment_id=3884\" data-aspectratio=\"1.78\" data-caption=\"\" data-image-title=\"IMG-20230617-WA0005\" data-image-description=\"\" srcset=\"https:\/\/www.cotentinvolibre.com\/wp-content\/uploads\/2024\/03\/IMG-20230617-WA0005-300x169.jpg 300w, https:\/\/www.cotentinvolibre.com\/wp-content\/uploads\/2024\/03\/IMG-20230617-WA0005-1024x576.jpg 1024w, https:\/\/www.cotentinvolibre.com\/wp-content\/uploads\/2024\/03\/IMG-20230617-WA0005-768x432.jpg 768w, https:\/\/www.cotentinvolibre.com\/wp-content\/uploads\/2024\/03\/IMG-20230617-WA0005-1536x864.jpg 1536w, https:\/\/www.cotentinvolibre.com\/wp-content\/uploads\/2024\/03\/IMG-20230617-WA0005-800x450.jpg 800w, https:\/\/www.cotentinvolibre.com\/wp-content\/uploads\/2024\/03\/IMG-20230617-WA0005.jpg 2016w\" src=\"https:\/\/www.cotentinvolibre.com\/wp-content\/uploads\/2024\/03\/IMG-20230617-WA0005-1024x576.jpg\" alt=\". .\" class=\"wp-image-3884\" \/><\/figure>\n\n<script type=\"application\/ld+json\">[\n    {\n        \"@context\": \"https:\/\/schema.org\/\",\n        \"@type\": \"ImageObject\",\n        \"contentUrl\": \"https:\/\/www.cotentinvolibre.com\/wp-content\/uploads\/2024\/03\/IMG-20230617-WA0005.jpg\",\n        \"license\": \"\",\n        \"acquireLicensePage\": \"\"\n    }\n]<\/script><\/div>\n\n\n\n<div id=\"wp-block-themeisle-blocks-advanced-column-249ef088\" class=\"wp-block-themeisle-blocks-advanced-column\">\n<h2 id=\"wp-block-themeisle-blocks-advanced-heading-6d7896d7\" class=\"wp-block-themeisle-blocks-advanced-heading wp-block-themeisle-blocks-advanced-heading-6d7896d7\">Disponibilit\u00e9s 2024<\/h2>\n\n\n\n<div id=\"wp-block-themeisle-blocks-progress-bar-879cdad6\" class=\"wp-block-themeisle-blocks-progress-bar\" data-percent=\"100\" data-duration=\"2\"><div class=\"wp-block-themeisle-blocks-progress-bar__area\"><div class=\"wp-block-themeisle-blocks-progress-bar__area__title\"><span>18 \/ 19 Mai<\/span><\/div><div class=\"wp-block-themeisle-blocks-progress-bar__area__bar\"><div class=\"wp-block-themeisle-blocks-progress-bar__progress__append wp-block-themeisle-blocks-progress-bar__number\">100<\/div><\/div><\/div><\/div>\n\n\n\n<div id=\"wp-block-themeisle-blocks-progress-bar-541e64ce\" class=\"wp-block-themeisle-blocks-progress-bar\" data-percent=\"100\" data-duration=\"2\"><div class=\"wp-block-themeisle-blocks-progress-bar__area\"><div class=\"wp-block-themeisle-blocks-progress-bar__area__title\"><span>1 \/ 2 juin<\/span><\/div><div class=\"wp-block-themeisle-blocks-progress-bar__area__bar\"><div class=\"wp-block-themeisle-blocks-progress-bar__progress__append wp-block-themeisle-blocks-progress-bar__number\">100<\/div><\/div><\/div><\/div>\n\n\n\n<div id=\"wp-block-themeisle-blocks-progress-bar-9aea0b8e\" class=\"wp-block-themeisle-blocks-progress-bar\" data-percent=\"100\" data-duration=\"2\"><div class=\"wp-block-themeisle-blocks-progress-bar__area\"><div class=\"wp-block-themeisle-blocks-progress-bar__area__title\"><span>7 \/ 8 Septembre<\/span><\/div><div class=\"wp-block-themeisle-blocks-progress-bar__area__bar\"><div class=\"wp-block-themeisle-blocks-progress-bar__progress__append wp-block-themeisle-blocks-progress-bar__number\">100<\/div><\/div><\/div><\/div>\n\n\n\n<div id=\"wp-block-themeisle-blocks-progress-bar-28386fd2\" class=\"wp-block-themeisle-blocks-progress-bar\" data-percent=\"0\" data-duration=\"2\"><div class=\"wp-block-themeisle-blocks-progress-bar__area\"><div class=\"wp-block-themeisle-blocks-progress-bar__area__title\"><span>5 \/ 6 Octobre<\/span><\/div><div class=\"wp-block-themeisle-blocks-progress-bar__area__bar\"><div class=\"wp-block-themeisle-blocks-progress-bar__progress__append wp-block-themeisle-blocks-progress-bar__number\">0<\/div><\/div><\/div><\/div>\n\n\n\n<div id=\"wp-block-themeisle-blocks-progress-bar-777ac91f\" class=\"wp-block-themeisle-blocks-progress-bar\" data-percent=\"25\" data-duration=\"2\"><div class=\"wp-block-themeisle-blocks-progress-bar__area\"><div class=\"wp-block-themeisle-blocks-progress-bar__area__title\"><span>19\/ 20 Octobre<\/span><\/div><div class=\"wp-block-themeisle-blocks-progress-bar__area__bar\"><div class=\"wp-block-themeisle-blocks-progress-bar__progress__append wp-block-themeisle-blocks-progress-bar__number\">25<\/div><\/div><\/div><\/div>\n<\/div>\n<\/div><\/div>\n\n\n\n<div id=\"wp-block-themeisle-blocks-advanced-columns-e9ff84bc\" class=\"wp-block-themeisle-blocks-advanced-columns alignfull has-1-columns has-desktop-equal-layout has-tablet-equal-layout has-mobile-collapsedRows-layout has-vertical-center ticss-a2946a77\"><div class=\"wp-block-themeisle-blocks-advanced-columns-overlay\"><\/div><div class=\"innerblocks-wrap\">\n<div id=\"wp-block-themeisle-blocks-advanced-column-eaa56354\" class=\"wp-block-themeisle-blocks-advanced-column\">\n<h1 id=\"wp-block-themeisle-blocks-advanced-heading-ba5cf7bd\" class=\"wp-block-themeisle-blocks-advanced-heading wp-block-themeisle-blocks-advanced-heading-ba5cf7bd\">Pour toute question ou pour r\u00e9server une cession d\u00e9couverte.<\/h1>\n\n\n\n<div class=\"wpcf7 no-js\" id=\"wpcf7-f3890-o1\" lang=\"fr-FR\" dir=\"ltr\" data-wpcf7-id=\"3890\">\n<div class=\"screen-reader-response\"><p role=\"status\" aria-live=\"polite\" aria-atomic=\"true\"><\/p> <ul><\/ul><\/div>\n<form action=\"\/index.php?rest_route=%2Fwp%2Fv2%2Fpages%2F3874#wpcf7-f3890-o1\" method=\"post\" class=\"wpcf7-form init\" aria-label=\"Formulaire de contact\" novalidate=\"novalidate\" data-status=\"init\">\n<fieldset class=\"hidden-fields-container\"><input type=\"hidden\" name=\"_wpcf7\" value=\"3890\" \/><input type=\"hidden\" name=\"_wpcf7_version\" value=\"6.1.5\" \/><input type=\"hidden\" name=\"_wpcf7_locale\" value=\"fr_FR\" \/><input type=\"hidden\" name=\"_wpcf7_unit_tag\" value=\"wpcf7-f3890-o1\" \/><input type=\"hidden\" name=\"_wpcf7_container_post\" value=\"0\" \/><input type=\"hidden\" name=\"_wpcf7_posted_data_hash\" value=\"\" \/><input type=\"hidden\" name=\"_wpcf7_recaptcha_response\" value=\"\" \/>\n<\/fieldset>\n<p><label> Votre nom (obligatoire)<br \/>\n<span class=\"wpcf7-form-control-wrap\" data-name=\"your-name\"><input size=\"40\" maxlength=\"400\" class=\"wpcf7-form-control wpcf7-text wpcf7-validates-as-required\" aria-required=\"true\" aria-invalid=\"false\" value=\"\" type=\"text\" name=\"your-name\" \/><\/span> <\/label>\n<\/p>\n<p><label> Votre adresse de messagerie (obligatoire)<br \/>\n<span class=\"wpcf7-form-control-wrap\" data-name=\"your-email\"><input size=\"40\" maxlength=\"400\" class=\"wpcf7-form-control wpcf7-email wpcf7-validates-as-required wpcf7-text wpcf7-validates-as-email\" aria-required=\"true\" aria-invalid=\"false\" value=\"\" type=\"email\" name=\"your-email\" \/><\/span> <\/label>\n<\/p>\n<p><label> Votre Num\u00e9ro de T\u00e9l\u00e9phone<br \/>\n<span class=\"wpcf7-form-control-wrap\" data-name=\"TEL\"><input size=\"40\" maxlength=\"400\" class=\"wpcf7-form-control wpcf7-tel wpcf7-text wpcf7-validates-as-tel\" aria-invalid=\"false\" value=\"\" type=\"tel\" name=\"TEL\" \/><\/span> <\/label>\n<\/p>\n<p><label> Votre message<br \/>\n<span class=\"wpcf7-form-control-wrap\" data-name=\"your-message\"><textarea cols=\"40\" rows=\"10\" maxlength=\"2000\" class=\"wpcf7-form-control wpcf7-textarea\" aria-invalid=\"false\" name=\"your-message\"><\/textarea><\/span> <\/label>\n<\/p>\n<p>[wpcaptcha]<br \/>\n<input class=\"wpcf7-form-control wpcf7-submit has-spinner\" type=\"submit\" value=\"Envoyer\" \/>\n<\/p><p style=\"display: none !important;\" class=\"akismet-fields-container\" data-prefix=\"_wpcf7_ak_\"><label>&#916;<textarea name=\"_wpcf7_ak_hp_textarea\" cols=\"45\" rows=\"8\" maxlength=\"100\"><\/textarea><\/label><input type=\"hidden\" id=\"ak_js_1\" name=\"_wpcf7_ak_js\" value=\"204\"\/><script>document.getElementById( \"ak_js_1\" ).setAttribute( \"value\", ( new Date() ).getTime() );<\/script><\/p><div class=\"wpcf7-response-output\" aria-hidden=\"true\"><\/div>\n<\/form>\n<\/div>\n\n<\/div>\n<\/div><\/div>\n\n\n\n<div id=\"wp-block-themeisle-blocks-advanced-columns-c5c2f48f\" class=\"wp-block-themeisle-blocks-advanced-columns alignfull has-3-columns has-desktop-equal-layout has-tablet-equal-layout has-mobile-collapsedRows-layout has-vertical-center ticss-a2946a77\"><div class=\"wp-block-themeisle-blocks-advanced-columns-overlay\"><\/div><div class=\"innerblocks-wrap\">\n<div id=\"wp-block-themeisle-blocks-advanced-column-f6ba9a70\" class=\"wp-block-themeisle-blocks-advanced-column\">\n<figure class=\"wp-block-image size-full\"><img loading=\"lazy\" decoding=\"async\" width=\"2560\" height=\"1707\" data-orig-file=\"https:\/\/www.cotentinvolibre.com\/wp-content\/uploads\/2024\/04\/DSC_0111-scaled.jpg\" data-attachment-url=\"https:\/\/www.cotentinvolibre.com\/?attachment_id=3989\" data-aspectratio=\"1.5\" data-caption=\"\" data-image-title=\"DSC_0111\" data-image-description=\"\" srcset=\"https:\/\/www.cotentinvolibre.com\/wp-content\/uploads\/2024\/04\/DSC_0111-300x200.jpg 300w, https:\/\/www.cotentinvolibre.com\/wp-content\/uploads\/2024\/04\/DSC_0111-1024x683.jpg 1024w, https:\/\/www.cotentinvolibre.com\/wp-content\/uploads\/2024\/04\/DSC_0111-768x512.jpg 768w, https:\/\/www.cotentinvolibre.com\/wp-content\/uploads\/2024\/04\/DSC_0111-1536x1024.jpg 1536w, https:\/\/www.cotentinvolibre.com\/wp-content\/uploads\/2024\/04\/DSC_0111-2048x1365.jpg 2048w, https:\/\/www.cotentinvolibre.com\/wp-content\/uploads\/2024\/04\/DSC_0111-scaled.jpg 2560w\" src=\"https:\/\/www.cotentinvolibre.com\/wp-content\/uploads\/2024\/04\/DSC_0111-scaled.jpg\" alt=\". .\" class=\"wp-image-3989\" \/><\/figure>\n\n<script type=\"application\/ld+json\">[\n    {\n        \"@context\": \"https:\/\/schema.org\/\",\n        \"@type\": \"ImageObject\",\n        \"contentUrl\": \"https:\/\/www.cotentinvolibre.com\/wp-content\/uploads\/2024\/04\/DSC_0111-scaled.jpg\",\n        \"license\": \"\",\n        \"acquireLicensePage\": \"\"\n    }\n]<\/script>\n\n\n<p>Le Deltaplane, bien que peu connu de nos jours, est la discipline de vol libre \u00e0 l\u2019origine de la d\u00e9mocratisation et de la f\u00e9d\u00e9ration des sports de vol et de vent: deltaplane, parapente, kitesurf et cerf-volant.<\/p>\n<\/div>\n\n\n\n<div id=\"wp-block-themeisle-blocks-advanced-column-a109152f\" class=\"wp-block-themeisle-blocks-advanced-column\">\n<p class=\"has-text-align-center has-black-color has-text-color has-link-color wp-elements-f42b270fb9b88f794830b1e38065ca2b\">Tout d\u2019abord \u00e9tudi\u00e9 pour le transport de mat\u00e9riel militaire (aile Rogallo) l\u2019aile Delta est tr\u00e8s vite utilis\u00e9e \u00e0 des fins r\u00e9cr\u00e9atives : premier objet volant de loisir, il connait une v\u00e9ritable explosion dans les ann\u00e9es 80, avant l\u2019arriv\u00e9e du parapente, jug\u00e9 \u00ab&nbsp;plus pratique&nbsp;\u00bb.&nbsp;<\/p>\n<\/div>\n\n\n\n<div id=\"wp-block-themeisle-blocks-advanced-column-73381dda\" class=\"wp-block-themeisle-blocks-advanced-column\">\n<figure class=\"wp-block-image size-large\"><img loading=\"lazy\" decoding=\"async\" width=\"1024\" height=\"1024\" data-orig-file=\"https:\/\/www.cotentinvolibre.com\/wp-content\/uploads\/2024\/04\/Picsart_24-04-25_08-31-26-598-scaled.jpg\" data-attachment-url=\"https:\/\/www.cotentinvolibre.com\/?attachment_id=3990\" data-aspectratio=\"1\" data-caption=\"{\u00ab\u00a0remix_data\u00a0\u00bb:[],\u00a0\u00bbsource_tags\u00a0\u00bb:[],\u00a0\u00bborigin\u00a0\u00bb:\u00a0\u00bbunknown\u00a0\u00bb,\u00a0\u00bbtotal_draw_time\u00a0\u00bb:0,\u00a0\u00bbtotal_draw_actions\u00a0\u00bb:0,\u00a0\u00bblayers_used\u00a0\u00bb:0,\u00a0\u00bbbrushes_used\u00a0\u00bb:0,\u00a0\u00bbphotos_added\u00a0\u00bb:0,\u00a0\u00bbtotal_editor_actions\u00a0\u00bb:{},\u00a0\u00bbtools_used\u00a0\u00bb:{},\u00a0\u00bbis_sticker\u00a0\u00bb:false,\u00a0\u00bbedited_since_last_sticker_save\u00a0\u00bb:false,\u00a0\u00bbcontainsFTESticker\u00a0\u00bb:false}\" data-image-title=\"Picsart_24-04-25_08-31-26-598\" data-image-description=\"\" srcset=\"https:\/\/www.cotentinvolibre.com\/wp-content\/uploads\/2024\/04\/Picsart_24-04-25_08-31-26-598-300x300.jpg 300w, https:\/\/www.cotentinvolibre.com\/wp-content\/uploads\/2024\/04\/Picsart_24-04-25_08-31-26-598-1024x1024.jpg 1024w, https:\/\/www.cotentinvolibre.com\/wp-content\/uploads\/2024\/04\/Picsart_24-04-25_08-31-26-598-150x150.jpg 150w, https:\/\/www.cotentinvolibre.com\/wp-content\/uploads\/2024\/04\/Picsart_24-04-25_08-31-26-598-768x768.jpg 768w, https:\/\/www.cotentinvolibre.com\/wp-content\/uploads\/2024\/04\/Picsart_24-04-25_08-31-26-598-1536x1536.jpg 1536w, https:\/\/www.cotentinvolibre.com\/wp-content\/uploads\/2024\/04\/Picsart_24-04-25_08-31-26-598-2048x2048.jpg 2048w, https:\/\/www.cotentinvolibre.com\/wp-content\/uploads\/2024\/04\/Picsart_24-04-25_08-31-26-598-600x600.jpg 600w, https:\/\/www.cotentinvolibre.com\/wp-content\/uploads\/2024\/04\/Picsart_24-04-25_08-31-26-598-scaled.jpg 2560w\" src=\"https:\/\/www.cotentinvolibre.com\/wp-content\/uploads\/2024\/04\/Picsart_24-04-25_08-31-26-598-1024x1024.jpg\" alt=\". .\" class=\"wp-image-3990\" \/><\/figure>\n\n<script type=\"application\/ld+json\">[\n    {\n        \"@context\": \"https:\/\/schema.org\/\",\n        \"@type\": \"ImageObject\",\n        \"contentUrl\": \"https:\/\/www.cotentinvolibre.com\/wp-content\/uploads\/2024\/04\/Picsart_24-04-25_08-31-26-598-scaled.jpg\",\n        \"license\": \"\",\n        \"acquireLicensePage\": \"\"\n    }\n]<\/script>\n\n\n<p>Les d\u00e9buts de l&rsquo;aile delta \u00ab\u00a0r\u00e9cr\u00e9ative\u00a0\u00bb ressemblaient \u00e0 ceci; nous sommes en 1974<\/p>\n<\/div>\n<\/div><\/div>\n","protected":false},"excerpt":{"rendered":"<p>Le Deltaplane au Cotentin Vol Libre<\/p>\n","protected":false},"author":1,"featured_media":0,"parent":0,"menu_order":0,"comment_status":"closed","ping_status":"closed","template":"","meta":{"_uag_custom_page_level_css":"","footnotes":""},"class_list":["post-3874","page","type-page","status-publish","hentry","entry"],"featured_image_src":null,"uagb_featured_image_src":{"full":false,"thumbnail":false,"medium":false,"medium_large":false,"large":false,"1536x1536":false,"2048x2048":false,"ocean-thumb-m":false,"ocean-thumb-ml":false,"ocean-thumb-l":false},"uagb_author_info":{"display_name":"CVL","author_link":"https:\/\/www.cotentinvolibre.com\/?author=1"},"uagb_comment_info":0,"uagb_excerpt":"Le Deltaplane au Cotentin Vol Libre","_links":{"self":[{"href":"https:\/\/www.cotentinvolibre.com\/index.php?rest_route=\/wp\/v2\/pages\/3874","targetHints":{"allow":["GET"]}}],"collection":[{"href":"https:\/\/www.cotentinvolibre.com\/index.php?rest_route=\/wp\/v2\/pages"}],"about":[{"href":"https:\/\/www.cotentinvolibre.com\/index.php?rest_route=\/wp\/v2\/types\/page"}],"author":[{"embeddable":true,"href":"https:\/\/www.cotentinvolibre.com\/index.php?rest_route=\/wp\/v2\/users\/1"}],"replies":[{"embeddable":true,"href":"https:\/\/www.cotentinvolibre.com\/index.php?rest_route=%2Fwp%2Fv2%2Fcomments&post=3874"}],"version-history":[{"count":24,"href":"https:\/\/www.cotentinvolibre.com\/index.php?rest_route=\/wp\/v2\/pages\/3874\/revisions"}],"predecessor-version":[{"id":4001,"href":"https:\/\/www.cotentinvolibre.com\/index.php?rest_route=\/wp\/v2\/pages\/3874\/revisions\/4001"}],"wp:attachment":[{"href":"https:\/\/www.cotentinvolibre.com\/index.php?rest_route=%2Fwp%2Fv2%2Fmedia&parent=3874"}],"curies":[{"name":"wp","href":"https:\/\/api.w.org\/{rel}","templated":true}]}}