{"id":3760,"date":"2023-05-30T19:35:14","date_gmt":"2023-05-30T18:35:14","guid":{"rendered":"http:\/\/www.cotentinvolibre.com\/?page_id=3760"},"modified":"2023-07-28T18:33:27","modified_gmt":"2023-07-28T17:33:27","slug":"webcams","status":"publish","type":"page","link":"https:\/\/www.cotentinvolibre.com\/?page_id=3760","title":{"rendered":"Webcams"},"content":{"rendered":"\n<h2 class=\"wp-block-heading\">Webcams<\/h2>\n\n\n\n<p>&#8211; Urville-Nacqueville (site du Landemer)<\/p>\n\n\n\n<figure><iframe src=\"https:\/\/pv.viewsurf.com\/830\/La-Hague-Nacqueville?i=NDMzNjo\" height=\"350\"><\/iframe><\/figure>\n\n\n\n<p>&#8211; Vauville (site des Pierres Pouquel\u00e9es)<\/p>\n\n\n\n<figure><iframe src=\"https:\/\/pv.viewsurf.com\/826\/La-Hague-Vauville?i=NzYwNDo\" height=\"350\"><\/iframe><\/figure>\n\n\n\n<p>&#8211; Siouville (site de Di\u00e9lette)<\/p>\n\n\n\n<figure><iframe src=\"https:\/\/pv.viewsurf.com\/828\/La-Hague-Siouville?i=NDMzMjo\" height=\"350\"><\/iframe><\/figure>\n\n\n\n<p>&#8211; Sciotot (site du Rozel)<\/p>\n\n\n\n<figure><iframe src=\"https:\/\/pv.viewsurf.com\/832\/La-Hague-Sciotot?i=NDM0MDo\" height=\"350\"><\/iframe><\/figure>\n\n\n\n<p>Une autre webcam est \u00e9galement disponible sur le port de Di\u00e9lette :<\/p>\n\n\n\n<figure class=\"wp-block-image\"><img decoding=\"async\" src=\"http:\/\/80.14.201.251:8010\/axis-cgi\/mjpg\/video.cgi?resolution=480x270&amp;dummy=1515446243670\" alt=\"Webcam du port de Di\u00e9lette\"><\/figure>\n\n\n\n<p>Goury :<\/p>\n\n\n\n<figure><iframe src=\"https:\/\/pv.viewsurf.com\/1552\/La-Hague-Goury?i=NjEwNjo\" height=\"350\"><\/iframe><\/figure>\n\n\n\n<p><\/p>\n","protected":false},"excerpt":{"rendered":"<p>Webcams &#8211; Urville-Nacqueville (site du Landemer) &#8211; Vauville (site des Pierres Pouquel\u00e9es) &#8211; Siouville (site de Di\u00e9lette) &#8211; Sciotot (site du Rozel) Une autre webcam est \u00e9galement disponible sur le port de Di\u00e9lette : Goury :<\/p>\n","protected":false},"author":1,"featured_media":0,"parent":0,"menu_order":0,"comment_status":"closed","ping_status":"closed","template":"","meta":{"_uag_custom_page_level_css":"","footnotes":""},"class_list":["post-3760","page","type-page","status-publish","hentry","entry"],"featured_image_src":null,"uagb_featured_image_src":{"full":false,"thumbnail":false,"medium":false,"medium_large":false,"large":false,"1536x1536":false,"2048x2048":false,"ocean-thumb-m":false,"ocean-thumb-ml":false,"ocean-thumb-l":false},"uagb_author_info":{"display_name":"CVL","author_link":"https:\/\/www.cotentinvolibre.com\/?author=1"},"uagb_comment_info":0,"uagb_excerpt":"Webcams &#8211; Urville-Nacqueville (site du Landemer) &#8211; Vauville (site des Pierres Pouquel\u00e9es) &#8211; Siouville (site de Di\u00e9lette) &#8211; Sciotot (site du Rozel) Une autre webcam est \u00e9galement disponible sur le port de Di\u00e9lette : Goury :","_links":{"self":[{"href":"https:\/\/www.cotentinvolibre.com\/index.php?rest_route=\/wp\/v2\/pages\/3760","targetHints":{"allow":["GET"]}}],"collection":[{"href":"https:\/\/www.cotentinvolibre.com\/index.php?rest_route=\/wp\/v2\/pages"}],"about":[{"href":"https:\/\/www.cotentinvolibre.com\/index.php?rest_route=\/wp\/v2\/types\/page"}],"author":[{"embeddable":true,"href":"https:\/\/www.cotentinvolibre.com\/index.php?rest_route=\/wp\/v2\/users\/1"}],"replies":[{"embeddable":true,"href":"https:\/\/www.cotentinvolibre.com\/index.php?rest_route=%2Fwp%2Fv2%2Fcomments&post=3760"}],"version-history":[{"count":0,"href":"https:\/\/www.cotentinvolibre.com\/index.php?rest_route=\/wp\/v2\/pages\/3760\/revisions"}],"wp:attachment":[{"href":"https:\/\/www.cotentinvolibre.com\/index.php?rest_route=%2Fwp%2Fv2%2Fmedia&parent=3760"}],"curies":[{"name":"wp","href":"https:\/\/api.w.org\/{rel}","templated":true}]}}