{"id":3041,"date":"2020-10-31T17:17:52","date_gmt":"2020-10-31T16:17:52","guid":{"rendered":"http:\/\/www.cotentinvolibre.com\/?page_id=3041"},"modified":"2024-06-25T17:07:45","modified_gmt":"2024-06-25T16:07:45","slug":"accueil","status":"publish","type":"page","link":"https:\/\/www.cotentinvolibre.com\/","title":{"rendered":"Accueil"},"content":{"rendered":"\n\t\t\t<div class=\"wp-block-uagb-post-masonry uagb-post-grid  uagb-post__image-position-background uagb-post__image-enabled uagb-block-6ac84f51     uagb-post__items uagb-post__columns-1 is-masonry uagb-post__columns-tablet-1 uagb-post__columns-mobile-1\" data-total=\"1\" style=\"\">\n\n\t\t\t\t\t\t\t\t\t\t\t\t<article class=\"uagb-post__inner-wrap\">\t\t\t\t\t\t\t\t<h4 class=\"uagb-post__title uagb-post__text\">\n\t\t\t\t<a href=\"https:\/\/www.cotentinvolibre.com\/?p=3869\" target=\"_self\" rel=\"bookmark noopener noreferrer\">Di\u00e9lette : Restriction d&rsquo;acc\u00e8s au d\u00e9co au-dessus de la route<\/a>\n\t\t\t<\/h4>\n\t\t\t\t\t\t<div class='uagb-post__text uagb-post-grid-byline'>\n\t\t\t\t\t\t\t<\/div>\n\t\t\t\t\t\t\t<div class='uagb-post__text uagb-post__excerpt'>\n\t\t\t\t\t<p>Nous vous informons de la mise en place d&rsquo;une nouvelle cl\u00f4ture (en bleu ci-dessus). Le champ entour\u00e9 en rouge \u00e9tait d\u00e9j\u00e0 interdit d&rsquo;acc\u00e8s car potentiellement cultiv\u00e9. Dor\u00e9navant, l&rsquo;acc\u00e8s au champ color\u00e9 en jaune, qui servait de d\u00e9collage par petites conditions ou pour optimiser les ploufs, est \u00e9galement proscrit (pr\u00e9sence d&rsquo;animaux). Nous attirons votre attention sur la dangerosit\u00e9 de ces nouveaux&#8230;\t\t\t\t<\/div>\n\t\t\t\t\t\t<div class=\"uagb-post__text uagb-post__cta wp-block-button\">\n\t\t\t\t<a class=\"wp-block-button__link uagb-text-link\" style=\"\" href=\"https:\/\/www.cotentinvolibre.com\/?p=3869\" target=\"_self\" rel=\"bookmark noopener noreferrer\">Lire la suite <\/a>\n\t\t\t<\/div>\n\t\t\t\t\t\t<div class='uagb-post__image'>\n\t\t\t\t\t\t\t\t\t<a href=\"https:\/\/www.cotentinvolibre.com\/?p=3869\" target=\"_self\" rel=\"bookmark noopener noreferrer\"><img loading=\"lazy\" decoding=\"async\" width=\"1024\" height=\"473\" src=\"https:\/\/www.cotentinvolibre.com\/wp-content\/uploads\/2024\/02\/Dielette-1024x473.jpg\" class=\"attachment-large size-large\" alt=\". .\" srcset=\"https:\/\/www.cotentinvolibre.com\/wp-content\/uploads\/2024\/02\/Dielette-1024x473.jpg 1024w, https:\/\/www.cotentinvolibre.com\/wp-content\/uploads\/2024\/02\/Dielette-300x139.jpg 300w, https:\/\/www.cotentinvolibre.com\/wp-content\/uploads\/2024\/02\/Dielette-768x355.jpg 768w, https:\/\/www.cotentinvolibre.com\/wp-content\/uploads\/2024\/02\/Dielette-1536x710.jpg 1536w, https:\/\/www.cotentinvolibre.com\/wp-content\/uploads\/2024\/02\/Dielette-2048x946.jpg 2048w, https:\/\/www.cotentinvolibre.com\/wp-content\/uploads\/2024\/02\/Dielette-scaled.jpg 2560w\" sizes=\"auto, (max-width: 1024px) 100vw, 1024px\" \/>\t\t\t\t\t<\/a>\n\t\t\t\t\t\t\t\t\t<\/div>\n\t\t\t\n\t\t\t\t\t\t\t\t\t<\/article>\n\t\t\t\t\t\t\t\t\t\t\t\t\t\t\t\t<article class=\"uagb-post__inner-wrap\">\t\t\t\t\t\t\t\t<h4 class=\"uagb-post__title uagb-post__text\">\n\t\t\t\t<a href=\"https:\/\/www.cotentinvolibre.com\/?p=3857\" target=\"_self\" rel=\"bookmark noopener noreferrer\">arr\u00eat\u00e9 de protection Castel-Vendon<\/a>\n\t\t\t<\/h4>\n\t\t\t\t\t\t<div class='uagb-post__text uagb-post-grid-byline'>\n\t\t\t\t\t\t\t<\/div>\n\t\t\t\t\t\t\t<div class='uagb-post__text uagb-post__excerpt'>\n\t\t\t\t\t<p>Nouvel arr\u00eat\u00e9 de protection de biotope en Normandie&nbsp;: Le site du Castel-Vendon\/La Hague\/Manche Par un arr\u00eat\u00e9 sign\u00e9 du pr\u00e9fet maritime Manche mer du nord et du pr\u00e9fet de la Manche a \u00e9t\u00e9 institu\u00e9e le 13 f\u00e9vrier dernier une mesure de protection sur le site naturel littoral du Castel-Vendon. L\u2019arr\u00eat\u00e9 est consultable ici&nbsp;:&nbsp;http:\/\/www.donnees.normandie.developpement-durable.gouv.fr\/pdf\/APPB\/FR3801101txtrgl.pdf En ce qui nous concerne pour le vol&#8230;\t\t\t\t<\/div>\n\t\t\t\t\t\t<div class=\"uagb-post__text uagb-post__cta wp-block-button\">\n\t\t\t\t<a class=\"wp-block-button__link uagb-text-link\" style=\"\" href=\"https:\/\/www.cotentinvolibre.com\/?p=3857\" target=\"_self\" rel=\"bookmark noopener noreferrer\">Lire la suite <\/a>\n\t\t\t<\/div>\n\t\t\t\t\t\t<div class='uagb-post__image'>\n\t\t\t\t\t\t\t\t\t<a href=\"https:\/\/www.cotentinvolibre.com\/?p=3857\" target=\"_self\" rel=\"bookmark noopener noreferrer\"><img loading=\"lazy\" decoding=\"async\" width=\"1024\" height=\"543\" src=\"https:\/\/www.cotentinvolibre.com\/wp-content\/uploads\/2023\/11\/landemer-1024x543.png\" class=\"attachment-large size-large\" alt=\". .\" srcset=\"https:\/\/www.cotentinvolibre.com\/wp-content\/uploads\/2023\/11\/landemer-1024x543.png 1024w, https:\/\/www.cotentinvolibre.com\/wp-content\/uploads\/2023\/11\/landemer-300x159.png 300w, https:\/\/www.cotentinvolibre.com\/wp-content\/uploads\/2023\/11\/landemer-768x407.png 768w, https:\/\/www.cotentinvolibre.com\/wp-content\/uploads\/2023\/11\/landemer.png 1486w\" sizes=\"auto, (max-width: 1024px) 100vw, 1024px\" \/>\t\t\t\t\t<\/a>\n\t\t\t\t\t\t\t\t\t<\/div>\n\t\t\t\n\t\t\t\t\t\t\t\t\t<\/article>\n\t\t\t\t\t\t\t\t\t\t\t\t\t\t\t\t<article class=\"uagb-post__inner-wrap\">\t\t\t\t\t\t\t\t<h4 class=\"uagb-post__title uagb-post__text\">\n\t\t\t\t<a href=\"https:\/\/www.cotentinvolibre.com\/?p=3834\" target=\"_self\" rel=\"bookmark noopener noreferrer\">Interdiction partielle Pierres Pouquel\u00e9es.<\/a>\n\t\t\t<\/h4>\n\t\t\t\t\t\t<div class='uagb-post__text uagb-post-grid-byline'>\n\t\t\t\t\t\t\t<\/div>\n\t\t\t\t\t\t\t<div class='uagb-post__text uagb-post__excerpt'>\n\t\t\t\t\t<p>La mairie de la Hague nous a transmis cet arr\u00eat\u00e9 d&rsquo;interdiction partielle d&rsquo;acc\u00e8s\/circulation &#8211; Pierres Pouquel\u00e9es \u00e0 Vauville AR-ARLH2023-05631T\u00e9l\u00e9charger Nous vous laissons libre de l&rsquo;interpr\u00e9tation de ce texte et donc responsable des \u00e9ventuelles cons\u00e9quences li\u00e9es \u00e0 celle-ci. Nous vous tiendrons inform\u00e9 de toute clarification donn\u00e9e par la mairie.<\/p>\n\t\t\t\t<\/div>\n\t\t\t\t\t\t<div class=\"uagb-post__text uagb-post__cta wp-block-button\">\n\t\t\t\t<a class=\"wp-block-button__link uagb-text-link\" style=\"\" href=\"https:\/\/www.cotentinvolibre.com\/?p=3834\" target=\"_self\" rel=\"bookmark noopener noreferrer\">Lire la suite <\/a>\n\t\t\t<\/div>\n\t\t\t\t\t\t<div class='uagb-post__image'>\n\t\t\t\t\t\t\t\t\t<a href=\"https:\/\/www.cotentinvolibre.com\/?p=3834\" target=\"_self\" rel=\"bookmark noopener noreferrer\"><img loading=\"lazy\" decoding=\"async\" width=\"1024\" height=\"461\" src=\"https:\/\/www.cotentinvolibre.com\/wp-content\/uploads\/2022\/07\/WhatsApp-Image-2022-07-19-at-17.51.471-1024x461.jpeg\" class=\"attachment-large size-large\" alt=\". .\" srcset=\"https:\/\/www.cotentinvolibre.com\/wp-content\/uploads\/2022\/07\/WhatsApp-Image-2022-07-19-at-17.51.471-1024x461.jpeg 1024w, https:\/\/www.cotentinvolibre.com\/wp-content\/uploads\/2022\/07\/WhatsApp-Image-2022-07-19-at-17.51.471-300x135.jpeg 300w, https:\/\/www.cotentinvolibre.com\/wp-content\/uploads\/2022\/07\/WhatsApp-Image-2022-07-19-at-17.51.471-768x346.jpeg 768w, https:\/\/www.cotentinvolibre.com\/wp-content\/uploads\/2022\/07\/WhatsApp-Image-2022-07-19-at-17.51.471-1536x691.jpeg 1536w, https:\/\/www.cotentinvolibre.com\/wp-content\/uploads\/2022\/07\/WhatsApp-Image-2022-07-19-at-17.51.471.jpeg 2000w\" sizes=\"auto, (max-width: 1024px) 100vw, 1024px\" \/>\t\t\t\t\t<\/a>\n\t\t\t\t\t\t\t\t\t<\/div>\n\t\t\t\n\t\t\t\t\t\t\t\t\t<\/article>\n\t\t\t\t\t\t\t\t\t\t\t<\/div>\n\t\t\t","protected":false},"excerpt":{"rendered":"","protected":false},"author":1,"featured_media":0,"parent":0,"menu_order":19,"comment_status":"closed","ping_status":"closed","template":"","meta":{"_uag_custom_page_level_css":"","footnotes":""},"class_list":["post-3041","page","type-page","status-publish","hentry","entry"],"featured_image_src":null,"uagb_featured_image_src":{"full":false,"thumbnail":false,"medium":false,"medium_large":false,"large":false,"1536x1536":false,"2048x2048":false,"ocean-thumb-m":false,"ocean-thumb-ml":false,"ocean-thumb-l":false},"uagb_author_info":{"display_name":"CVL","author_link":"https:\/\/www.cotentinvolibre.com\/?author=1"},"uagb_comment_info":0,"uagb_excerpt":null,"_links":{"self":[{"href":"https:\/\/www.cotentinvolibre.com\/index.php?rest_route=\/wp\/v2\/pages\/3041","targetHints":{"allow":["GET"]}}],"collection":[{"href":"https:\/\/www.cotentinvolibre.com\/index.php?rest_route=\/wp\/v2\/pages"}],"about":[{"href":"https:\/\/www.cotentinvolibre.com\/index.php?rest_route=\/wp\/v2\/types\/page"}],"author":[{"embeddable":true,"href":"https:\/\/www.cotentinvolibre.com\/index.php?rest_route=\/wp\/v2\/users\/1"}],"replies":[{"embeddable":true,"href":"https:\/\/www.cotentinvolibre.com\/index.php?rest_route=%2Fwp%2Fv2%2Fcomments&post=3041"}],"version-history":[{"count":4,"href":"https:\/\/www.cotentinvolibre.com\/index.php?rest_route=\/wp\/v2\/pages\/3041\/revisions"}],"predecessor-version":[{"id":4023,"href":"https:\/\/www.cotentinvolibre.com\/index.php?rest_route=\/wp\/v2\/pages\/3041\/revisions\/4023"}],"wp:attachment":[{"href":"https:\/\/www.cotentinvolibre.com\/index.php?rest_route=%2Fwp%2Fv2%2Fmedia&parent=3041"}],"curies":[{"name":"wp","href":"https:\/\/api.w.org\/{rel}","templated":true}]}}