{"id":235,"date":"2015-02-19T17:42:46","date_gmt":"2015-02-19T16:42:46","guid":{"rendered":"http:\/\/www.cotentinvolibre.com\/WP\/?page_id=235"},"modified":"2026-02-25T00:43:37","modified_gmt":"2026-02-24T23:43:37","slug":"carteret","status":"publish","type":"page","link":"https:\/\/www.cotentinvolibre.com\/?page_id=235","title":{"rendered":"Carteret"},"content":{"rendered":"\n<div class=\"wp-block-buttons is-layout-flex wp-block-buttons-is-layout-flex\">\n<div class=\"wp-block-button\"><a class=\"wp-block-button__link has-vivid-cyan-blue-background-color has-background wp-element-button\" href=\"https:\/\/www.cotentinvolibre.com\/?page_id=65\">Landemer<\/a><\/div>\n\n\n\n<div class=\"wp-block-button\"><a class=\"wp-block-button__link has-vivid-cyan-blue-background-color has-background wp-element-button\" href=\"https:\/\/www.cotentinvolibre.com\/?page_id=67\">Omonville<\/a><\/div>\n\n\n\n<div class=\"wp-block-button\"><a class=\"wp-block-button__link has-vivid-cyan-blue-background-color has-background wp-element-button\" href=\"https:\/\/www.cotentinvolibre.com\/?page_id=223\">Ecalgrain<\/a><\/div>\n\n\n\n<div class=\"wp-block-button\"><a class=\"wp-block-button__link has-vivid-cyan-blue-background-color has-background wp-element-button\" href=\"https:\/\/www.cotentinvolibre.com\/?page_id=225\">Vauville<\/a><\/div>\n\n\n\n<div class=\"wp-block-button\"><a class=\"wp-block-button__link has-vivid-cyan-blue-background-color has-background wp-element-button\" href=\"https:\/\/www.cotentinvolibre.com\/?page_id=227\">Biville<\/a><\/div>\n\n\n\n<div class=\"wp-block-button\"><a class=\"wp-block-button__link has-vivid-cyan-blue-background-color has-background wp-element-button\" href=\"https:\/\/www.cotentinvolibre.com\/?page_id=230\">Dielette<\/a><\/div>\n\n\n\n<div class=\"wp-block-button\"><a class=\"wp-block-button__link has-vivid-cyan-blue-background-color has-background wp-element-button\" href=\"https:\/\/www.cotentinvolibre.com\/?page_id=232\">Le Rozel<\/a><\/div>\n\n\n\n<div class=\"wp-block-button\"><a class=\"wp-block-button__link has-vivid-cyan-blue-background-color has-background wp-element-button\" href=\"https:\/\/www.cotentinvolibre.com\/?page_id=235\">Carteret<\/a><\/div>\n<\/div>\n\n\n\n<div class=\"wp-block-columns is-layout-flex wp-container-core-columns-is-layout-9d6595d7 wp-block-columns-is-layout-flex\">\n<div class=\"wp-block-column is-layout-flow wp-block-column-is-layout-flow\" style=\"flex-basis:66.66%\">\n<figure><iframe loading=\"lazy\" src=\"https:\/\/mapsengine.google.com\/map\/embed?mid=zcWqQcgt7XJY.kFwEf9PGD7KY\" width=\"640\" height=\"480\"><\/iframe><\/figure>\n<\/div>\n\n\n\n<div class=\"wp-block-column is-layout-flow wp-block-column-is-layout-flow\" style=\"flex-basis:33.33%\">\n<h2 class=\"wp-block-heading\">Altitude 65m<\/h2>\n\n\n\n<h2 class=\"wp-block-heading\">Orientation<\/h2>\n\n\n\n<figure class=\"wp-block-image size-large is-resized\"><img loading=\"lazy\" decoding=\"async\" width=\"449\" height=\"446\" data-orig-file=\"https:\/\/www.cotentinvolibre.com\/wp-content\/uploads\/2020\/01\/cartret.png\" data-attachment-url=\"https:\/\/www.cotentinvolibre.com\/?attachment_id=2377\" data-aspectratio=\"1.01\" data-caption=\"\" data-image-title=\"cartret\" data-image-description=\"\" srcset=\"https:\/\/www.cotentinvolibre.com\/wp-content\/uploads\/2020\/01\/cartret-300x298.png 300w, https:\/\/www.cotentinvolibre.com\/wp-content\/uploads\/2020\/01\/cartret-150x150.png 150w, https:\/\/www.cotentinvolibre.com\/wp-content\/uploads\/2020\/01\/cartret.png 449w\" src=\"https:\/\/www.cotentinvolibre.com\/wp-content\/uploads\/2020\/01\/cartret.png\" alt=\"\" class=\"wp-image-2377\" style=\"width:200px\"\/><\/figure>\n\n<script type=\"application\/ld+json\">[\n    {\n        \"@context\": \"https:\/\/schema.org\/\",\n        \"@type\": \"ImageObject\",\n        \"contentUrl\": \"https:\/\/www.cotentinvolibre.com\/wp-content\/uploads\/2020\/01\/cartret.png\",\n        \"license\": \"\",\n        \"acquireLicensePage\": \"\"\n    }\n]<\/script>\n\n\n<h4 class=\"wp-block-heading\">Panneau de Site<\/h4>\n<\/div>\n<\/div>\n\n\n\n<h3 class=\"wp-block-heading\">Restrictions de vol<\/h3>\n\n\n\n<p class=\"has-white-color has-vivid-red-background-color has-text-color has-background\"><strong>L&rsquo;ensemble des d\u00e9collages (NW, S et vieille \u00e9glise) du site de Carteret sont ferm\u00e9s en raison de la nidification du faucon p\u00e9lerin et du grand corbeau. <\/strong> Le garde du littoral nous tiendra inform\u00e9 de l&rsquo;\u00e9volution et de la r\u00e9ouverture du site. Merci de respecter cette interdiction.<\/p>\n\n\n\n<h3 class=\"wp-block-heading\">Caract\u00e9ristiques<\/h3>\n\n\n\n<p>Ce site a la particularit\u00e9 d&rsquo;avoir 2 d\u00e9cos, l&rsquo;un orient\u00e9 NW et l&rsquo;autre en S.<br>Possibilit\u00e9 de se poser au d\u00e9co ou sur la plage en fonction de la mar\u00e9e. Attention aux nombreux plagistes en p\u00e9riode estivale.<br>Par vent fort de NW, il est possible de d\u00e9coller au niveau de la ruine en bas de la pente.<\/p>\n\n\n\n<h3 class=\"wp-block-heading\">Recommandations<\/h3>\n\n\n\n<p>En accord avec le conservatoire du littoral, l&rsquo;un des d\u00e9cos peut \u00eatre ponctuellement interdit en raison de la nidification du grand corbeau sur le site. Une signal\u00e9tique est mise en place sur le site et la communication est relay\u00e9e sur cette page.<\/p>\n\n\n\n<p>Ce site fait l\u2019objet d\u2019une convention d\u2019utilisation avec le Conservatoire du Littoral. Merci de consulter la r\u00e9glementation en vigueur :&nbsp;<a href=\"https:\/\/www.cotentinvolibre.com\/wp-content\/uploads\/2016\/02\/ConventionLittoral-2014-2017.pdf#page=23\">ConventionLittoral-2014-2017<\/a><\/p>\n\n\n\n<h3 class=\"wp-block-heading\">Parking<\/h3>\n\n\n\n<p>Le stationnement des v\u00e9hicules devant le phare est r\u00e9glement\u00e9 entre le 15 juin et le 15 septembre. L&rsquo;acc\u00e8s est n\u00e9anmoins possible en \u00ab\u00a0d\u00e9pose minute\u00a0\u00bb pour d\u00e9poser le mat\u00e9riel. <\/p>\n\n\n\n<p>Tant que la signal\u00e9tique n&rsquo;est pas mise en place sur le site, le parking reste autoris\u00e9.<\/p>\n\n\n\n<h2 class=\"wp-block-heading\">M\u00e9t\u00e9o<\/h2>\n\n\n\n<p><\/p>\n\n\n\n<div class=\"wp-block-columns is-layout-flex wp-container-core-columns-is-layout-9d6595d7 wp-block-columns-is-layout-flex\">\n<div class=\"wp-block-column is-layout-flow wp-block-column-is-layout-flow\">\n<iframe loading=\"lazy\" width=\"500\" height=\"300\" frameBorder=\"0\" src=\"https:\/\/www.spotair.mobi\/page\/wind\/meteo-france\/50031001\"><\/iframe>\n<\/div>\n\n\n\n<div class=\"wp-block-column is-layout-flow wp-block-column-is-layout-flow\">\n<iframe loading=\"lazy\" src=\"https:\/\/horloge.maree.frbateaux.net\/ws38?col=1\" width=\"160\" height=\"260\" frameborder=\"0\" scrolling=\"no\"><a href=\"http:\/\/maree.info\/\" target=\"_top\" rel=\"dofollow noopener noreferrer\">Calendrier des mar\u00e9es &#8211; horaire, hauteur, coefficient de mar\u00e9e<\/a><\/iframe>\n<\/div>\n\n\n\n<div class=\"wp-block-column is-layout-flow wp-block-column-is-layout-flow\"><\/div>\n<\/div>\n\n\n\n<script id=\"wg_fwdg_48401_3_1577890849923\">\n(function (window, document) {\n  var loader = function () {\n    var arg = [\"s=48401\",\"m=3\",\"uid=wg_fwdg_48401_3_1577890849923\",\"wj=knots\",\"tj=c\",\"odh=0\",\"doh=24\",\"fhours=240\",\"vt=forecasts\",\"lng=fr\",\n   \"p=GUST,MWINDSPD,SMER,CDC,APCPs,RH\"];\n    var script = document.createElement(\"script\");\n    var tag = document.getElementsByTagName(\"script\")[0];\n    script.src = \"https:\/\/www.windguru.cz\/js\/widget.php?\"+(arg.join(\"&\"));\n    tag.parentNode.insertBefore(script, tag);\n  };\n  window.addEventListener ? window.addEventListener(\"load\", loader, false) : window.attachEvent(\"onload\", loader);\n})(window, document);\n<\/script>\n\n\n\n<p><em>Vous avez appr\u00e9ci\u00e9 l\u2019accueil des pilotes locaux, l\u2019entretien des sites, la pr\u00e9sence de balise m\u00e9t\u00e9o, laissez-nous un message&nbsp;<a href=\"https:\/\/docs.google.com\/forms\/d\/e\/1FAIpQLScxqtHiyEufA4ab4gkgaN8q9rNI4hq6yRvayoEqtTsaaLfJpQ\/viewform\" target=\"_blank\" rel=\"noreferrer noopener\">via ce formulaire<\/a>. Ce sera appr\u00e9ci\u00e9 par les b\u00e9n\u00e9voles du club.<\/em><\/p>\n","protected":false},"excerpt":{"rendered":"<p>Altitude 65m Orientation Panneau de Site Restrictions de vol L&rsquo;ensemble des d\u00e9collages (NW, S et vieille \u00e9glise) du site de Carteret sont ferm\u00e9s en raison de la nidification du faucon p\u00e9lerin et du grand corbeau. Le garde du littoral nous tiendra inform\u00e9 de l&rsquo;\u00e9volution et de la r\u00e9ouverture du site. Merci de respecter cette interdiction. [&hellip;]<\/p>\n","protected":false},"author":1,"featured_media":0,"parent":63,"menu_order":0,"comment_status":"closed","ping_status":"open","template":"","meta":{"_uag_custom_page_level_css":"","footnotes":""},"class_list":["post-235","page","type-page","status-publish","hentry","entry"],"featured_image_src":null,"uagb_featured_image_src":{"full":false,"thumbnail":false,"medium":false,"medium_large":false,"large":false,"1536x1536":false,"2048x2048":false,"ocean-thumb-m":false,"ocean-thumb-ml":false,"ocean-thumb-l":false},"uagb_author_info":{"display_name":"CVL","author_link":"https:\/\/www.cotentinvolibre.com\/?author=1"},"uagb_comment_info":0,"uagb_excerpt":"Altitude 65m Orientation Panneau de Site Restrictions de vol L&rsquo;ensemble des d\u00e9collages (NW, S et vieille \u00e9glise) du site de Carteret sont ferm\u00e9s en raison de la nidification du faucon p\u00e9lerin et du grand corbeau. Le garde du littoral nous tiendra inform\u00e9 de l&rsquo;\u00e9volution et de la r\u00e9ouverture du site. Merci de respecter cette interdiction.\u2026","_links":{"self":[{"href":"https:\/\/www.cotentinvolibre.com\/index.php?rest_route=\/wp\/v2\/pages\/235","targetHints":{"allow":["GET"]}}],"collection":[{"href":"https:\/\/www.cotentinvolibre.com\/index.php?rest_route=\/wp\/v2\/pages"}],"about":[{"href":"https:\/\/www.cotentinvolibre.com\/index.php?rest_route=\/wp\/v2\/types\/page"}],"author":[{"embeddable":true,"href":"https:\/\/www.cotentinvolibre.com\/index.php?rest_route=\/wp\/v2\/users\/1"}],"replies":[{"embeddable":true,"href":"https:\/\/www.cotentinvolibre.com\/index.php?rest_route=%2Fwp%2Fv2%2Fcomments&post=235"}],"version-history":[{"count":15,"href":"https:\/\/www.cotentinvolibre.com\/index.php?rest_route=\/wp\/v2\/pages\/235\/revisions"}],"predecessor-version":[{"id":4145,"href":"https:\/\/www.cotentinvolibre.com\/index.php?rest_route=\/wp\/v2\/pages\/235\/revisions\/4145"}],"up":[{"embeddable":true,"href":"https:\/\/www.cotentinvolibre.com\/index.php?rest_route=\/wp\/v2\/pages\/63"}],"wp:attachment":[{"href":"https:\/\/www.cotentinvolibre.com\/index.php?rest_route=%2Fwp%2Fv2%2Fmedia&parent=235"}],"curies":[{"name":"wp","href":"https:\/\/api.w.org\/{rel}","templated":true}]}}