{"id":230,"date":"2015-02-19T17:33:40","date_gmt":"2015-02-19T16:33:40","guid":{"rendered":"http:\/\/www.cotentinvolibre.com\/WP\/?page_id=230"},"modified":"2025-12-28T20:52:38","modified_gmt":"2025-12-28T19:52:38","slug":"dielette","status":"publish","type":"page","link":"https:\/\/www.cotentinvolibre.com\/?page_id=230","title":{"rendered":"Dielette"},"content":{"rendered":"\n<div class=\"wp-block-buttons is-layout-flex wp-block-buttons-is-layout-flex\">\n<div class=\"wp-block-button\"><a class=\"wp-block-button__link has-vivid-cyan-blue-background-color has-background wp-element-button\" href=\"https:\/\/www.cotentinvolibre.com\/?page_id=65\">Landemer<\/a><\/div>\n\n\n\n<div class=\"wp-block-button\"><a class=\"wp-block-button__link has-vivid-cyan-blue-background-color has-background wp-element-button\" href=\"https:\/\/www.cotentinvolibre.com\/?page_id=67\">Omonville<\/a><\/div>\n\n\n\n<div class=\"wp-block-button\"><a class=\"wp-block-button__link has-vivid-cyan-blue-background-color has-background wp-element-button\" href=\"https:\/\/www.cotentinvolibre.com\/?page_id=223\">Ecalgrain<\/a><\/div>\n\n\n\n<div class=\"wp-block-button\"><a class=\"wp-block-button__link has-vivid-cyan-blue-background-color has-background wp-element-button\" href=\"https:\/\/www.cotentinvolibre.com\/?page_id=225\">Vauville<\/a><\/div>\n\n\n\n<div class=\"wp-block-button\"><a class=\"wp-block-button__link has-vivid-cyan-blue-background-color has-background wp-element-button\" href=\"https:\/\/www.cotentinvolibre.com\/?page_id=227\">Biville<\/a><\/div>\n\n\n\n<div class=\"wp-block-button\"><a class=\"wp-block-button__link has-vivid-cyan-blue-background-color has-background wp-element-button\" href=\"https:\/\/www.cotentinvolibre.com\/?page_id=230\">Dielette<\/a><\/div>\n\n\n\n<div class=\"wp-block-button\"><a class=\"wp-block-button__link has-vivid-cyan-blue-background-color has-background wp-element-button\" href=\"https:\/\/www.cotentinvolibre.com\/?page_id=232\">Le Rozel<\/a><\/div>\n\n\n\n<div class=\"wp-block-button\"><a class=\"wp-block-button__link has-vivid-cyan-blue-background-color has-background wp-element-button\" href=\"https:\/\/www.cotentinvolibre.com\/?page_id=235\">Carteret<\/a><\/div>\n<\/div>\n\n\n\n<p><\/p>\n\n\n\n<div class=\"wp-block-columns is-layout-flex wp-container-core-columns-is-layout-9d6595d7 wp-block-columns-is-layout-flex\">\n<div class=\"wp-block-column is-layout-flow wp-block-column-is-layout-flow\" style=\"flex-basis:66.66%\">\n<figure class=\"wp-block-image size-full\"><img loading=\"lazy\" decoding=\"async\" width=\"879\" height=\"500\" data-orig-file=\"https:\/\/www.cotentinvolibre.com\/wp-content\/uploads\/2025\/12\/carte-dielette.png\" data-attachment-url=\"https:\/\/www.cotentinvolibre.com\/?attachment_id=4114\" data-aspectratio=\"1.76\" data-caption=\"\" data-image-title=\"carte-dielette\" data-image-description=\"\" srcset=\"https:\/\/www.cotentinvolibre.com\/wp-content\/uploads\/2025\/12\/carte-dielette-300x171.png 300w, https:\/\/www.cotentinvolibre.com\/wp-content\/uploads\/2025\/12\/carte-dielette-768x437.png 768w, https:\/\/www.cotentinvolibre.com\/wp-content\/uploads\/2025\/12\/carte-dielette.png 879w\" src=\"https:\/\/www.cotentinvolibre.com\/wp-content\/uploads\/2025\/12\/carte-dielette.png\" alt=\". .\" class=\"wp-image-4114\"\/><\/figure>\n\n<script type=\"application\/ld+json\">[\n    {\n        \"@context\": \"https:\/\/schema.org\/\",\n        \"@type\": \"ImageObject\",\n        \"contentUrl\": \"https:\/\/www.cotentinvolibre.com\/wp-content\/uploads\/2025\/12\/carte-dielette.png\",\n        \"license\": \"\",\n        \"acquireLicensePage\": \"\"\n    }\n]<\/script><\/div>\n\n\n\n<div class=\"wp-block-column is-layout-flow wp-block-column-is-layout-flow\" style=\"flex-basis:33.33%\">\n<h2 class=\"wp-block-heading\">Altitude 50m<\/h2>\n\n\n\n<h2 class=\"wp-block-heading\">Orientation<\/h2>\n\n\n\n<figure class=\"wp-block-image size-large is-resized\"><img loading=\"lazy\" decoding=\"async\" width=\"449\" height=\"446\" data-orig-file=\"https:\/\/www.cotentinvolibre.com\/wp-content\/uploads\/2020\/01\/dielette.png\" data-attachment-url=\"https:\/\/www.cotentinvolibre.com\/?attachment_id=2318\" data-aspectratio=\"1.01\" data-caption=\"\" data-image-title=\"dielette\" data-image-description=\"\" srcset=\"https:\/\/www.cotentinvolibre.com\/wp-content\/uploads\/2020\/01\/dielette-300x298.png 300w, https:\/\/www.cotentinvolibre.com\/wp-content\/uploads\/2020\/01\/dielette-150x150.png 150w, https:\/\/www.cotentinvolibre.com\/wp-content\/uploads\/2020\/01\/dielette.png 449w\" src=\"https:\/\/www.cotentinvolibre.com\/wp-content\/uploads\/2020\/01\/dielette.png\" alt=\"\" class=\"wp-image-2318\" style=\"width:200px\"\/><\/figure>\n\n<script type=\"application\/ld+json\">[\n    {\n        \"@context\": \"https:\/\/schema.org\/\",\n        \"@type\": \"ImageObject\",\n        \"contentUrl\": \"https:\/\/www.cotentinvolibre.com\/wp-content\/uploads\/2020\/01\/dielette.png\",\n        \"license\": \"\",\n        \"acquireLicensePage\": \"\"\n    }\n]<\/script>\n\n\n<h4 class=\"wp-block-heading\">Panneau de Site<\/h4>\n\n\n\n<div class=\"wp-block-file\"><a href=\"https:\/\/www.cotentinvolibre.com\/wp-content\/uploads\/2020\/06\/panneau-Dielette.pdf\"><img loading=\"lazy\" decoding=\"async\" width=\"200\" height=\"141\" src=\"https:\/\/www.cotentinvolibre.com\/wp-content\/uploads\/2020\/06\/panneau-Dielette.jpg\" alt=\"\" class=\"wp-image-2819\" style=\"width: 200px;\" srcset=\"https:\/\/www.cotentinvolibre.com\/wp-content\/uploads\/2020\/06\/panneau-Dielette.jpg 420w, https:\/\/www.cotentinvolibre.com\/wp-content\/uploads\/2020\/06\/panneau-Dielette-300x212.jpg 300w\" sizes=\"auto, (max-width: 200px) 100vw, 200px\" \/><\/a><a href=\"https:\/\/www.cotentinvolibre.com\/wp-content\/uploads\/2020\/06\/panneau-Dielette.pdf\" class=\"wp-block-file__button wp-element-button\" download>T\u00e9l\u00e9charger<\/a><\/div>\n<\/div>\n<\/div>\n\n\n\n<h2 class=\"wp-block-heading\">Vue d\u00e9co.<\/h2>\n\n\n\n<figure class=\"wp-block-image size-large\"><img loading=\"lazy\" decoding=\"async\" width=\"1024\" height=\"237\" data-orig-file=\"https:\/\/www.cotentinvolibre.com\/wp-content\/uploads\/2020\/01\/dielette-scaled.jpg\" data-attachment-url=\"https:\/\/www.cotentinvolibre.com\/?attachment_id=2394\" data-aspectratio=\"4.32\" data-caption=\"\" data-image-title=\"dielette\" data-image-description=\"\" srcset=\"https:\/\/www.cotentinvolibre.com\/wp-content\/uploads\/2020\/01\/dielette-300x69.jpg 300w, https:\/\/www.cotentinvolibre.com\/wp-content\/uploads\/2020\/01\/dielette-1024x237.jpg 1024w, https:\/\/www.cotentinvolibre.com\/wp-content\/uploads\/2020\/01\/dielette-768x178.jpg 768w, https:\/\/www.cotentinvolibre.com\/wp-content\/uploads\/2020\/01\/dielette-1536x355.jpg 1536w, https:\/\/www.cotentinvolibre.com\/wp-content\/uploads\/2020\/01\/dielette-2048x474.jpg 2048w, https:\/\/www.cotentinvolibre.com\/wp-content\/uploads\/2020\/01\/dielette-1170x271.jpg 1170w, https:\/\/www.cotentinvolibre.com\/wp-content\/uploads\/2020\/01\/dielette-scaled.jpg 2560w\" src=\"https:\/\/www.cotentinvolibre.com\/wp-content\/uploads\/2020\/01\/dielette-1024x237.jpg\" alt=\"\" class=\"wp-image-2394\"\/><\/figure>\n\n<script type=\"application\/ld+json\">[\n    {\n        \"@context\": \"https:\/\/schema.org\/\",\n        \"@type\": \"ImageObject\",\n        \"contentUrl\": \"https:\/\/www.cotentinvolibre.com\/wp-content\/uploads\/2020\/01\/dielette-scaled.jpg\",\n        \"license\": \"\",\n        \"acquireLicensePage\": \"\"\n    }\n]<\/script>\n\n\n<h3 class=\"wp-block-heading\">Caract\u00e9ristique<\/h3>\n\n\n\n<p>Pente \u00e9cole presque parfaite. Possibilit\u00e9 de s\u2019entra\u00eener au gonflage en bas puis de partir de plus en plus haut pour allonger les vols.<br>Pour ceux qui savent voler, on y vole par vent de NW. Attention, le d\u00e9collage peut vous amener \u00e0 longer&nbsp;la route parfois tr\u00e8s fr\u00e9quent\u00e9e. Possibilit\u00e9 de voler sur la petite dune en bord de plage par vent fort.<\/p>\n\n\n\n<p><\/p>\n\n\n\n<h3 class=\"wp-block-heading\">Recommandation<\/h3>\n\n\n\n<p>Attention : vol sous la zone interdite autours de la centrale de Flamanville, limite \u00e0 150 m sol et interdiction de s&rsquo;approcher du port o\u00f9&nbsp;la limite&nbsp;part du sol. Pour plus d&rsquo;information consulter les <a href=\"http:\/\/carte.f-aero.fr\/carte-aero-v2\/\" target=\"_blank\" rel=\"noopener noreferrer\">cartes a\u00e9ronautiques<\/a>.<\/p>\n\n\n\n<h3 class=\"wp-block-heading\">Parking<\/h3>\n\n\n\n<p><\/p>\n\n\n\n<h2 class=\"wp-block-heading\">M\u00e9t\u00e9o<\/h2>\n\n\n\n<div class=\"wp-block-columns is-layout-flex wp-container-core-columns-is-layout-9d6595d7 wp-block-columns-is-layout-flex\">\n<div class=\"wp-block-column is-layout-flow wp-block-column-is-layout-flow\"><\/div>\n\n\n\n<div class=\"wp-block-column is-layout-flow wp-block-column-is-layout-flow\">\n<iframe loading=\"lazy\" src=\"https:\/\/horloge.maree.frbateaux.net\/ws37?col=1\" width=\"160\" height=\"260\" frameborder=\"0\" scrolling=\"no\"><a href=\"http:\/\/maree.info\/\" target=\"_top\" rel=\"dofollow noopener noreferrer\">Calendrier des mar\u00e9es &#8211; horaire, hauteur, coefficient de mar\u00e9e<\/a><\/iframe>\n<\/div>\n\n\n\n<div class=\"wp-block-column is-layout-flow wp-block-column-is-layout-flow\">\n<figure><iframe src=\"http:\/\/broadcast.viewsurf.com\/8261c5a487e10d096fecae82920c63cc\/capture\/12740\/playEmbed?options[media_user]=lahague\" height=\"350\"><\/iframe><\/figure>\n<\/div>\n<\/div>\n\n\n\n<script id=\"wg_fwdg_186_3_1577891075436\">\n(function (window, document) {\n  var loader = function () {\n    var arg = [\"s=186\",\"m=3\",\"uid=wg_fwdg_186_3_1577891075436\",\"wj=knots\",\"tj=c\",\"odh=0\",\"doh=24\",\"fhours=240\",\"vt=forecasts\",\"lng=fr\",\n   \"p=GUST,MWINDSPD,SMER,CDC,APCPs,RH\"];\n    var script = document.createElement(\"script\");\n    var tag = document.getElementsByTagName(\"script\")[0];\n    script.src = \"https:\/\/www.windguru.cz\/js\/widget.php?\"+(arg.join(\"&\"));\n    tag.parentNode.insertBefore(script, tag);\n  };\n  window.addEventListener ? window.addEventListener(\"load\", loader, false) : window.attachEvent(\"onload\", loader);\n})(window, document);\n<\/script>\n\n\n\n<p><\/p>\n\n\n\n<p><em>Vous avez appr\u00e9ci\u00e9 l\u2019accueil des pilotes locaux, l\u2019entretien des sites, la pr\u00e9sence de balise m\u00e9t\u00e9o, laissez-nous un message&nbsp;<a href=\"https:\/\/docs.google.com\/forms\/d\/e\/1FAIpQLScxqtHiyEufA4ab4gkgaN8q9rNI4hq6yRvayoEqtTsaaLfJpQ\/viewform\" target=\"_blank\" rel=\"noreferrer noopener\">via ce formulaire<\/a>. Ce sera appr\u00e9ci\u00e9 par les b\u00e9n\u00e9voles du club.<\/em><\/p>\n","protected":false},"excerpt":{"rendered":"<p>Altitude 50m Orientation Panneau de Site Vue d\u00e9co. Caract\u00e9ristique Pente \u00e9cole presque parfaite. Possibilit\u00e9 de s\u2019entra\u00eener au gonflage en bas puis de partir de plus en plus haut pour allonger les vols.Pour ceux qui savent voler, on y vole par vent de NW. Attention, le d\u00e9collage peut vous amener \u00e0 longer&nbsp;la route parfois tr\u00e8s fr\u00e9quent\u00e9e. [&hellip;]<\/p>\n","protected":false},"author":1,"featured_media":0,"parent":63,"menu_order":0,"comment_status":"closed","ping_status":"open","template":"","meta":{"_uag_custom_page_level_css":"","footnotes":""},"class_list":["post-230","page","type-page","status-publish","hentry","entry"],"featured_image_src":null,"uagb_featured_image_src":{"full":false,"thumbnail":false,"medium":false,"medium_large":false,"large":false,"1536x1536":false,"2048x2048":false,"ocean-thumb-m":false,"ocean-thumb-ml":false,"ocean-thumb-l":false},"uagb_author_info":{"display_name":"CVL","author_link":"https:\/\/www.cotentinvolibre.com\/?author=1"},"uagb_comment_info":0,"uagb_excerpt":"Altitude 50m Orientation Panneau de Site Vue d\u00e9co. Caract\u00e9ristique Pente \u00e9cole presque parfaite. Possibilit\u00e9 de s\u2019entra\u00eener au gonflage en bas puis de partir de plus en plus haut pour allonger les vols.Pour ceux qui savent voler, on y vole par vent de NW. Attention, le d\u00e9collage peut vous amener \u00e0 longer&nbsp;la route parfois tr\u00e8s fr\u00e9quent\u00e9e.\u2026","_links":{"self":[{"href":"https:\/\/www.cotentinvolibre.com\/index.php?rest_route=\/wp\/v2\/pages\/230","targetHints":{"allow":["GET"]}}],"collection":[{"href":"https:\/\/www.cotentinvolibre.com\/index.php?rest_route=\/wp\/v2\/pages"}],"about":[{"href":"https:\/\/www.cotentinvolibre.com\/index.php?rest_route=\/wp\/v2\/types\/page"}],"author":[{"embeddable":true,"href":"https:\/\/www.cotentinvolibre.com\/index.php?rest_route=\/wp\/v2\/users\/1"}],"replies":[{"embeddable":true,"href":"https:\/\/www.cotentinvolibre.com\/index.php?rest_route=%2Fwp%2Fv2%2Fcomments&post=230"}],"version-history":[{"count":5,"href":"https:\/\/www.cotentinvolibre.com\/index.php?rest_route=\/wp\/v2\/pages\/230\/revisions"}],"predecessor-version":[{"id":4128,"href":"https:\/\/www.cotentinvolibre.com\/index.php?rest_route=\/wp\/v2\/pages\/230\/revisions\/4128"}],"up":[{"embeddable":true,"href":"https:\/\/www.cotentinvolibre.com\/index.php?rest_route=\/wp\/v2\/pages\/63"}],"wp:attachment":[{"href":"https:\/\/www.cotentinvolibre.com\/index.php?rest_route=%2Fwp%2Fv2%2Fmedia&parent=230"}],"curies":[{"name":"wp","href":"https:\/\/api.w.org\/{rel}","templated":true}]}}