{"id":227,"date":"2015-02-19T17:23:37","date_gmt":"2015-02-19T16:23:37","guid":{"rendered":"http:\/\/www.cotentinvolibre.com\/WP\/?page_id=227"},"modified":"2025-12-28T20:55:02","modified_gmt":"2025-12-28T19:55:02","slug":"les-dunes-de-biville","status":"publish","type":"page","link":"https:\/\/www.cotentinvolibre.com\/?page_id=227","title":{"rendered":"Les dunes de Biville"},"content":{"rendered":"\n<div class=\"wp-block-buttons is-layout-flex wp-block-buttons-is-layout-flex\">\n<div class=\"wp-block-button\"><a class=\"wp-block-button__link has-vivid-cyan-blue-background-color has-background wp-element-button\" href=\"https:\/\/www.cotentinvolibre.com\/?page_id=65\">Landemer<\/a><\/div>\n\n\n\n<div class=\"wp-block-button\"><a class=\"wp-block-button__link has-vivid-cyan-blue-background-color has-background wp-element-button\" href=\"https:\/\/www.cotentinvolibre.com\/?page_id=67\">Omonville<\/a><\/div>\n\n\n\n<div class=\"wp-block-button\"><a class=\"wp-block-button__link has-vivid-cyan-blue-background-color has-background wp-element-button\" href=\"https:\/\/www.cotentinvolibre.com\/?page_id=223\">Ecalgrain<\/a><\/div>\n\n\n\n<div class=\"wp-block-button\"><a class=\"wp-block-button__link has-vivid-cyan-blue-background-color has-background wp-element-button\" href=\"https:\/\/www.cotentinvolibre.com\/?page_id=225\">Vauville<\/a><\/div>\n\n\n\n<div class=\"wp-block-button\"><a class=\"wp-block-button__link has-vivid-cyan-blue-background-color has-background wp-element-button\" href=\"https:\/\/www.cotentinvolibre.com\/?page_id=227\">Biville<\/a><\/div>\n\n\n\n<div class=\"wp-block-button\"><a class=\"wp-block-button__link has-vivid-cyan-blue-background-color has-background wp-element-button\" href=\"https:\/\/www.cotentinvolibre.com\/?page_id=230\">Dielette<\/a><\/div>\n\n\n\n<div class=\"wp-block-button\"><a class=\"wp-block-button__link has-vivid-cyan-blue-background-color has-background wp-element-button\" href=\"https:\/\/www.cotentinvolibre.com\/?page_id=232\">Le Rozel<\/a><\/div>\n\n\n\n<div class=\"wp-block-button\"><a class=\"wp-block-button__link has-vivid-cyan-blue-background-color has-background wp-element-button\" href=\"https:\/\/www.cotentinvolibre.com\/?page_id=235\">Carteret<\/a><\/div>\n<\/div>\n\n\n\n<div class=\"wp-block-columns is-layout-flex wp-container-core-columns-is-layout-9d6595d7 wp-block-columns-is-layout-flex\">\n<div class=\"wp-block-column ticss-4bf401e0 is-layout-flow wp-block-column-is-layout-flow\" style=\"flex-basis:66.66%\">\n<figure><iframe loading=\"lazy\" src=\"https:\/\/mapsengine.google.com\/map\/embed?mid=zcWqQcgt7XJY.kFHqq3QDWDwM\" width=\"640\" height=\"480\"><\/iframe><\/figure>\n\n\n<\/div>\n\n\n\n<div class=\"wp-block-column is-layout-flow wp-block-column-is-layout-flow\" style=\"flex-basis:33.33%\">\n<h2 class=\"wp-block-heading\">Altitude 0m<\/h2>\n\n\n\n<h2 class=\"wp-block-heading\">Orientation<\/h2>\n\n\n\n<figure class=\"wp-block-image size-large is-resized\"><img loading=\"lazy\" decoding=\"async\" width=\"449\" height=\"446\" data-orig-file=\"https:\/\/www.cotentinvolibre.com\/wp-content\/uploads\/2020\/01\/biville.png\" data-attachment-url=\"https:\/\/www.cotentinvolibre.com\/?attachment_id=2373\" data-aspectratio=\"1.01\" data-caption=\"\" data-image-title=\"biville\" data-image-description=\"\" srcset=\"https:\/\/www.cotentinvolibre.com\/wp-content\/uploads\/2020\/01\/biville-300x298.png 300w, https:\/\/www.cotentinvolibre.com\/wp-content\/uploads\/2020\/01\/biville-150x150.png 150w, https:\/\/www.cotentinvolibre.com\/wp-content\/uploads\/2020\/01\/biville.png 449w\" src=\"https:\/\/www.cotentinvolibre.com\/wp-content\/uploads\/2020\/01\/biville.png\" alt=\"\" class=\"wp-image-2373\" style=\"width:200px\"\/><\/figure>\n\n<script type=\"application\/ld+json\">[\n    {\n        \"@context\": \"https:\/\/schema.org\/\",\n        \"@type\": \"ImageObject\",\n        \"contentUrl\": \"https:\/\/www.cotentinvolibre.com\/wp-content\/uploads\/2020\/01\/biville.png\",\n        \"license\": \"\",\n        \"acquireLicensePage\": \"\"\n    }\n]<\/script>\n\n\n<h4 class=\"wp-block-heading\">Panneau de Site<\/h4>\n\n\n\n<div class=\"wp-block-file\"><a id=\"wp-block-file--media-880fd90b-8659-408c-a179-27d7a137d960\"><img loading=\"lazy\" decoding=\"async\" width=\"629\" height=\"472\" src=\"https:\/\/www.cotentinvolibre.com\/wp-content\/uploads\/2023\/06\/panneau-dunes-de-biville.png\" alt=\". .\" class=\"wp-image-3814\" srcset=\"https:\/\/www.cotentinvolibre.com\/wp-content\/uploads\/2023\/06\/panneau-dunes-de-biville.png 629w, https:\/\/www.cotentinvolibre.com\/wp-content\/uploads\/2023\/06\/panneau-dunes-de-biville-300x225.png 300w\" sizes=\"auto, (max-width: 629px) 100vw, 629px\" \/><\/a><a href=\"https:\/\/www.cotentinvolibre.com\/wp-content\/uploads\/2022\/08\/panneau-dunes-de-biville.pdf\" class=\"wp-block-file__button wp-element-button\" download aria-describedby=\"wp-block-file--media-880fd90b-8659-408c-a179-27d7a137d960\">t\u00e9l\u00e9charger<\/a><\/div>\n<\/div>\n<\/div>\n\n\n\n<h3 class=\"wp-block-heading\">Caract\u00e9ristique<\/h3>\n\n\n\n<p> Il est possible de d\u00e9coller tout le long des dunes une fois qu&rsquo;on a acquis la technique.<\/p>\n\n\n\n<p>On y vole par vent d&rsquo;Ouest lorsque celui-ci est trop fort pour voler sur les autres sites.<\/p>\n\n\n\n<p>On \u00e9volue tr\u00e8s pr\u00e8s du relief, il est donc primordial de respecter les priorit\u00e9s.<br>Afin de respecter la r\u00e9serve ornithologique de la mare de Vauville, il est interdit de voler au-del\u00e0 des Blockhaus au nord du Parking. En allant vers le Sud, il est possible d&rsquo;aller jusqu&rsquo;\u00e0 Siouville.<\/p>\n\n\n\n<p><\/p>\n\n\n\n<h3 class=\"wp-block-heading\">Recommandation<\/h3>\n\n\n\n<p>Pour la p\u00e9rennit\u00e9 du site, il est recommand\u00e9 de ne pas trop survoler les plagistes et de poser \u00e0 une distance raisonnable des autres usagers de la plage.<\/p>\n\n\n\n<p> Par ailleurs, comme partout en France, les dunes sont un milieu tr\u00e8s fragile. Il faut \u00e9viter au maximum de les pi\u00e9tiner, de faire \u00e9bouler le sable ou d&rsquo;arracher les oyats (les herbes qui retiennent le sable).<\/p>\n\n\n\n<h3 class=\"wp-block-heading\">Parking<\/h3>\n\n\n\n<p><\/p>\n\n\n\n<h2 class=\"wp-block-heading\">M\u00e9t\u00e9o<\/h2>\n\n\n\n<div class=\"wp-block-columns is-layout-flex wp-container-core-columns-is-layout-9d6595d7 wp-block-columns-is-layout-flex\">\n<div class=\"wp-block-column is-layout-flow wp-block-column-is-layout-flow\">\n<figure><iframe style=\"width: 240px; height: 240px;\" src=\"https:\/\/widget.holfuy.com\/?station=967&amp;su=km\/h&amp;t=C&amp;lang=fr&amp;mode=rose&amp;size=240\" frameborder=\"0\" marginwidth=\"1\" marginheight=\"1\" scrolling=\"no\"><\/iframe><\/figure>\n<\/div>\n\n\n\n<div class=\"wp-block-column is-layout-flow wp-block-column-is-layout-flow\">\n<iframe loading=\"lazy\" src=\"https:\/\/horloge.maree.frbateaux.net\/ws35?col=1\" width=\"160\" height=\"260\" frameborder=\"0\" scrolling=\"no\"><a href=\"http:\/\/maree.info\/\" target=\"_top\" rel=\"dofollow noopener noreferrer\">Calendrier des mar\u00e9es &#8211; horaire, hauteur, coefficient de mar\u00e9e<\/a><\/iframe>\n<\/div>\n\n\n\n<div class=\"wp-block-column is-layout-flow wp-block-column-is-layout-flow\">\n<figure><iframe src=\"https:\/\/pv.viewsurf.com\/826\/La-Hague-Vauville?i=NzYwNDo\" height=\"350\"><\/iframe><\/figure>\n<\/div>\n<\/div>\n\n\n\n<script id=\"wg_fwdg_48397_3_1577891174004\">\n(function (window, document) {\n  var loader = function () {\n    var arg = [\"s=48397\",\"m=3\",\"uid=wg_fwdg_48397_3_1577891174004\",\"wj=knots\",\"tj=c\",\"odh=0\",\"doh=24\",\"fhours=240\",\"vt=forecasts\",\"lng=fr\",\n   \"p=WINDSPD,GUST,MWINDSPD,SMER,CDC,APCPs,RH\"];\n    var script = document.createElement(\"script\");\n    var tag = document.getElementsByTagName(\"script\")[0];\n    script.src = \"https:\/\/www.windguru.cz\/js\/widget.php?\"+(arg.join(\"&\"));\n    tag.parentNode.insertBefore(script, tag);\n  };\n  window.addEventListener ? window.addEventListener(\"load\", loader, false) : window.attachEvent(\"onload\", loader);\n})(window, document);\n<\/script>\n\n\n\n<p><\/p>\n\n\n\n<p><\/p>\n\n\n\n<p><em>Vous avez appr\u00e9ci\u00e9 l\u2019accueil des pilotes locaux, l\u2019entretien des sites, la pr\u00e9sence de balise m\u00e9t\u00e9o, laissez-nous un message&nbsp;<a href=\"https:\/\/docs.google.com\/forms\/d\/e\/1FAIpQLScxqtHiyEufA4ab4gkgaN8q9rNI4hq6yRvayoEqtTsaaLfJpQ\/viewform\" target=\"_blank\" rel=\"noreferrer noopener\">via ce formulaire<\/a>. Ce sera appr\u00e9ci\u00e9 par les b\u00e9n\u00e9voles du club.<\/em><\/p>\n","protected":false},"excerpt":{"rendered":"<p>Altitude 0m Orientation Panneau de Site Caract\u00e9ristique Il est possible de d\u00e9coller tout le long des dunes une fois qu&rsquo;on a acquis la technique. On y vole par vent d&rsquo;Ouest lorsque celui-ci est trop fort pour voler sur les autres sites. On \u00e9volue tr\u00e8s pr\u00e8s du relief, il est donc primordial de respecter les priorit\u00e9s.Afin [&hellip;]<\/p>\n","protected":false},"author":1,"featured_media":0,"parent":63,"menu_order":0,"comment_status":"closed","ping_status":"open","template":"","meta":{"_uag_custom_page_level_css":"","footnotes":""},"class_list":["post-227","page","type-page","status-publish","hentry","entry"],"featured_image_src":null,"uagb_featured_image_src":{"full":false,"thumbnail":false,"medium":false,"medium_large":false,"large":false,"1536x1536":false,"2048x2048":false,"ocean-thumb-m":false,"ocean-thumb-ml":false,"ocean-thumb-l":false},"uagb_author_info":{"display_name":"CVL","author_link":"https:\/\/www.cotentinvolibre.com\/?author=1"},"uagb_comment_info":0,"uagb_excerpt":"Altitude 0m Orientation Panneau de Site Caract\u00e9ristique Il est possible de d\u00e9coller tout le long des dunes une fois qu&rsquo;on a acquis la technique. On y vole par vent d&rsquo;Ouest lorsque celui-ci est trop fort pour voler sur les autres sites. On \u00e9volue tr\u00e8s pr\u00e8s du relief, il est donc primordial de respecter les priorit\u00e9s.Afin\u2026","_links":{"self":[{"href":"https:\/\/www.cotentinvolibre.com\/index.php?rest_route=\/wp\/v2\/pages\/227","targetHints":{"allow":["GET"]}}],"collection":[{"href":"https:\/\/www.cotentinvolibre.com\/index.php?rest_route=\/wp\/v2\/pages"}],"about":[{"href":"https:\/\/www.cotentinvolibre.com\/index.php?rest_route=\/wp\/v2\/types\/page"}],"author":[{"embeddable":true,"href":"https:\/\/www.cotentinvolibre.com\/index.php?rest_route=\/wp\/v2\/users\/1"}],"replies":[{"embeddable":true,"href":"https:\/\/www.cotentinvolibre.com\/index.php?rest_route=%2Fwp%2Fv2%2Fcomments&post=227"}],"version-history":[{"count":4,"href":"https:\/\/www.cotentinvolibre.com\/index.php?rest_route=\/wp\/v2\/pages\/227\/revisions"}],"predecessor-version":[{"id":4131,"href":"https:\/\/www.cotentinvolibre.com\/index.php?rest_route=\/wp\/v2\/pages\/227\/revisions\/4131"}],"up":[{"embeddable":true,"href":"https:\/\/www.cotentinvolibre.com\/index.php?rest_route=\/wp\/v2\/pages\/63"}],"wp:attachment":[{"href":"https:\/\/www.cotentinvolibre.com\/index.php?rest_route=%2Fwp%2Fv2%2Fmedia&parent=227"}],"curies":[{"name":"wp","href":"https:\/\/api.w.org\/{rel}","templated":true}]}}