{"id":225,"date":"2015-02-19T17:00:37","date_gmt":"2015-02-19T16:00:37","guid":{"rendered":"http:\/\/www.cotentinvolibre.com\/WP\/?page_id=225"},"modified":"2025-12-28T20:58:06","modified_gmt":"2025-12-28T19:58:06","slug":"les-pierres-pouquelees","status":"publish","type":"page","link":"https:\/\/www.cotentinvolibre.com\/?page_id=225","title":{"rendered":"Les Pierres Pouquel\u00e9es"},"content":{"rendered":"\n<div class=\"wp-block-buttons is-layout-flex wp-block-buttons-is-layout-flex\">\n<div class=\"wp-block-button\"><a class=\"wp-block-button__link has-vivid-cyan-blue-background-color has-background wp-element-button\" href=\"https:\/\/www.cotentinvolibre.com\/?page_id=65\">Landemer<\/a><\/div>\n\n\n\n<div class=\"wp-block-button\"><a class=\"wp-block-button__link has-vivid-cyan-blue-background-color has-background wp-element-button\" href=\"https:\/\/www.cotentinvolibre.com\/?page_id=67\">Omonville<\/a><\/div>\n\n\n\n<div class=\"wp-block-button\"><a class=\"wp-block-button__link has-vivid-cyan-blue-background-color has-background wp-element-button\" href=\"https:\/\/www.cotentinvolibre.com\/?page_id=223\">Ecalgrain<\/a><\/div>\n\n\n\n<div class=\"wp-block-button\"><a class=\"wp-block-button__link has-vivid-cyan-blue-background-color has-background wp-element-button\" href=\"https:\/\/www.cotentinvolibre.com\/?page_id=225\">Vauville<\/a><\/div>\n\n\n\n<div class=\"wp-block-button\"><a class=\"wp-block-button__link has-vivid-cyan-blue-background-color has-background wp-element-button\" href=\"https:\/\/www.cotentinvolibre.com\/?page_id=227\">Biville<\/a><\/div>\n\n\n\n<div class=\"wp-block-button\"><a class=\"wp-block-button__link has-vivid-cyan-blue-background-color has-background wp-element-button\" href=\"https:\/\/www.cotentinvolibre.com\/?page_id=230\">Dielette<\/a><\/div>\n\n\n\n<div class=\"wp-block-button\"><a class=\"wp-block-button__link has-vivid-cyan-blue-background-color has-background wp-element-button\" href=\"https:\/\/www.cotentinvolibre.com\/?page_id=232\">Le Rozel<\/a><\/div>\n\n\n\n<div class=\"wp-block-button\"><a class=\"wp-block-button__link has-vivid-cyan-blue-background-color has-background wp-element-button\" href=\"https:\/\/www.cotentinvolibre.com\/?page_id=235\">Carteret<\/a><\/div>\n<\/div>\n\n\n\n<div class=\"wp-block-columns is-layout-flex wp-container-core-columns-is-layout-9d6595d7 wp-block-columns-is-layout-flex\">\n<div class=\"wp-block-column is-layout-flow wp-block-column-is-layout-flow\" style=\"flex-basis:66.66%\">\n<figure><iframe loading=\"lazy\" src=\"https:\/\/mapsengine.google.com\/map\/embed?mid=zcWqQcgt7XJY.kNjreb5II3O4\" width=\"640\" height=\"480\"><\/iframe><\/figure>\n<\/div>\n\n\n\n<div class=\"wp-block-column is-layout-flow wp-block-column-is-layout-flow\" style=\"flex-basis:33.33%\">\n<h2 class=\"wp-block-heading\">Altitude 120m<\/h2>\n\n\n\n<h2 class=\"wp-block-heading\">Orientation<\/h2>\n\n\n\n<figure class=\"wp-block-image size-large is-resized\"><img loading=\"lazy\" decoding=\"async\" width=\"449\" height=\"446\" data-orig-file=\"https:\/\/www.cotentinvolibre.com\/wp-content\/uploads\/2020\/01\/Vauville.png\" data-attachment-url=\"https:\/\/www.cotentinvolibre.com\/?attachment_id=2324\" data-aspectratio=\"1.01\" data-caption=\"\" data-image-title=\"Vauville\" data-image-description=\"\" srcset=\"https:\/\/www.cotentinvolibre.com\/wp-content\/uploads\/2020\/01\/Vauville-300x298.png 300w, https:\/\/www.cotentinvolibre.com\/wp-content\/uploads\/2020\/01\/Vauville-150x150.png 150w, https:\/\/www.cotentinvolibre.com\/wp-content\/uploads\/2020\/01\/Vauville.png 449w\" src=\"https:\/\/www.cotentinvolibre.com\/wp-content\/uploads\/2020\/01\/Vauville.png\" alt=\"\" class=\"wp-image-2324\" style=\"width:200px\"\/><\/figure>\n\n<script type=\"application\/ld+json\">[\n    {\n        \"@context\": \"https:\/\/schema.org\/\",\n        \"@type\": \"ImageObject\",\n        \"contentUrl\": \"https:\/\/www.cotentinvolibre.com\/wp-content\/uploads\/2020\/01\/Vauville.png\",\n        \"license\": \"\",\n        \"acquireLicensePage\": \"\"\n    }\n]<\/script>\n\n\n<h4 class=\"wp-block-heading\">Panneau de Site<\/h4>\n\n\n\n<div class=\"wp-block-file\"><a id=\"wp-block-file--media-638aa3d7-0d33-4cb8-9ac4-493584355eb2\" href=\"https:\/\/www.cotentinvolibre.com\/wp-content\/uploads\/2019\/04\/panneau-Pierres-Pouquelees.pdf\"><img decoding=\"async\" src=\"https:\/\/www.cotentinvolibre.com\/wp-content\/uploads\/2020\/06\/panneau-Pierres-Pouquel\u00e9es.jpg\" alt=\"\" style=\"width: 200px;\"><\/a><a href=\"https:\/\/www.cotentinvolibre.com\/wp-content\/uploads\/2019\/04\/panneau-Pierres-Pouquelees.pdf\" class=\"wp-block-file__button wp-element-button\" download aria-describedby=\"wp-block-file--media-638aa3d7-0d33-4cb8-9ac4-493584355eb2\">T\u00e9l\u00e9charger<\/a><\/div>\n<\/div>\n<\/div>\n\n\n\n\n\n<h2 class=\"wp-block-heading\">Vue d\u00e9co.<\/h2>\n\n\n\n<figure class=\"wp-block-image size-large\"><img loading=\"lazy\" decoding=\"async\" width=\"1024\" height=\"326\" data-orig-file=\"https:\/\/www.cotentinvolibre.com\/wp-content\/uploads\/2020\/06\/pano-vauville-2-scaled.jpg\" data-attachment-url=\"https:\/\/www.cotentinvolibre.com\/?attachment_id=2806\" data-aspectratio=\"3.14\" data-caption=\"\" data-image-title=\"pano vauville\" data-image-description=\"\" srcset=\"https:\/\/www.cotentinvolibre.com\/wp-content\/uploads\/2020\/06\/pano-vauville-2-300x95.jpg 300w, https:\/\/www.cotentinvolibre.com\/wp-content\/uploads\/2020\/06\/pano-vauville-2-1024x326.jpg 1024w, https:\/\/www.cotentinvolibre.com\/wp-content\/uploads\/2020\/06\/pano-vauville-2-768x244.jpg 768w, https:\/\/www.cotentinvolibre.com\/wp-content\/uploads\/2020\/06\/pano-vauville-2-1536x489.jpg 1536w, https:\/\/www.cotentinvolibre.com\/wp-content\/uploads\/2020\/06\/pano-vauville-2-2048x651.jpg 2048w, https:\/\/www.cotentinvolibre.com\/wp-content\/uploads\/2020\/06\/pano-vauville-2-scaled.jpg 2560w\" src=\"https:\/\/www.cotentinvolibre.com\/wp-content\/uploads\/2020\/06\/pano-vauville-2-1024x326.jpg\" alt=\"\" class=\"wp-image-2806\"\/><\/figure>\n\n<script type=\"application\/ld+json\">[\n    {\n        \"@context\": \"https:\/\/schema.org\/\",\n        \"@type\": \"ImageObject\",\n        \"contentUrl\": \"https:\/\/www.cotentinvolibre.com\/wp-content\/uploads\/2020\/06\/pano-vauville-2-scaled.jpg\",\n        \"license\": \"\",\n        \"acquireLicensePage\": \"\"\n    }\n]<\/script>\n\n\n<h3 class=\"wp-block-heading\">Caract\u00e9ristique<\/h3>\n\n\n\n<p>D\u00e9co facile et avec beaucoup de place pour s&rsquo;y poser.&nbsp;Possible de se poser sur la plage en fonction de la mar\u00e9e si le vent est mollissant.<\/p>\n\n\n\n<p><span style=\"color: #000000; font-family: Arial, Helvetica, sans-serif; font-size: small;\">En fonction de l&rsquo;orientation possibilit\u00e9 d&rsquo;\u00e9voluer entre le camp Maneyrol et le Nez de&nbsp;Voidries<\/span><\/p>\n\n\n\n<h3 class=\"wp-block-heading\">Recommandation<\/h3>\n\n\n\n<p><strong><span style=\"text-decoration: underline;\"><span style=\"color: #ff0000; text-decoration: underline;\">Consignes S\u00e9curit\u00e9 \/ r\u00e9glementation<\/span><\/span><\/strong><\/p>\n\n\n\n<p><span style=\"color: #000000;\"><strong><span style=\"font-family: Arial, Helvetica, sans-serif; font-size: small;\">L\u2019atterrissage sur les champs en bord de plage est maintenant formellement interdit&nbsp;! Au cours de l\u2019\u00e9t\u00e9 2008, suite \u00e0 un atterrissage dans l\u2019un de ces champs, une jument affol\u00e9e s\u2019est jet\u00e9e de la pr\u00e9 falaise et en est morte&nbsp;! Apr\u00e8s discussions avec les propri\u00e9taires, il ne sera tol\u00e9r\u00e9 que les atterrissages des vols solo ou biplace &nbsp;avec fauteuil \u00ab&nbsp;Handi&nbsp;\u00bb apr\u00e8s que CVL ait pr\u00e9venu les propri\u00e9taires 48h avant. Tout pilote contrevenant hors cas de force majeur sera susceptible d\u2019\u00eatre poursuivi&nbsp;!<\/span><\/strong><\/span><\/p>\n\n\n\n<p><strong><span style=\"color: #ff0000; font-family: Arial, Helvetica, sans-serif; font-size: small;\"><span style=\"color: #000000;\">Il est dangereux de transiter devant les pistes de l&rsquo;a\u00e9rodrome lorsqu&rsquo; il y a activit\u00e9 planeur ou ULM. Quelque soit le lieu de votre d\u00e9collage, si vous \u00eates susceptible de transiter devant l&rsquo;a\u00e9rodrome, vous devez vous renseigner aupr\u00e8s du centre Maneyrol (b\u00e2timents sur la plate-forme de l&rsquo;a\u00e9rodrome) sur les activit\u00e9s planeur ou ULM en cours. Si le centre Maneyrol est ferm\u00e9, lors de votre vol, v\u00e9rifier quand m\u00eame qu&rsquo;il n&rsquo;y ai pas d&rsquo;a\u00e9ronef sur les pistes avant votre transition,&nbsp;une activit\u00e9 ULM ou planeur peut se mettre en place rapidement sur la plate-forme !<\/span><\/span><\/strong><\/p>\n\n\n\n<p><strong>Le cheminement&nbsp;vers le Nez de Jobourg est \u00e9galement r\u00e9glement\u00e9.<\/strong><br><strong> Au niveau du barrage des moulinets, la pente&nbsp;flirte avec la zone interdite autours de l&rsquo;usine Areva.<\/strong><br><strong> Le Nez de Jobourg abrite une r\u00e9serve ornithologique, son survol est interdit du 15 f\u00e9vrier au 15 juillet par arr\u00eat\u00e9 pr\u00e9fectoral.<\/strong><br><strong> A l&rsquo;approche du Nez de Jobourg et avant de traverser vers le Nez de Voidries, attention de ne pas voler sous le vent du Nez en fonction de l&rsquo;orientation. La zone peut \u00eatre tr\u00e8s turbulente.<\/strong><\/p>\n\n\n\n<p>Ce site fait l\u2019objet d\u2019une convention d\u2019utilisation avec le Conservatoire du Littoral. Merci de consulter la r\u00e9glementation en vigueur :&nbsp;<a href=\"https:\/\/www.cotentinvolibre.com\/wp-content\/uploads\/2016\/02\/ConventionLittoral-2014-2017.pdf#page=23\">ConventionLittoral-2014-2017<\/a>TabTitre<\/p>\n\n\n\n<h3 class=\"wp-block-heading\">Parking<\/h3>\n\n\n\n<h2 class=\"wp-block-heading\">M\u00e9t\u00e9o<\/h2>\n\n\n\n<div class=\"wp-block-columns is-layout-flex wp-container-core-columns-is-layout-9d6595d7 wp-block-columns-is-layout-flex\">\n<div class=\"wp-block-column is-layout-flow wp-block-column-is-layout-flow\">\n<figure><iframe style=\"width: 240px; height: 240px;\" src=\"https:\/\/widget.holfuy.com\/?station=967&amp;su=km\/h&amp;t=C&amp;lang=fr&amp;mode=rose&amp;size=240\" frameborder=\"0\" marginwidth=\"1\" marginheight=\"1\" scrolling=\"no\"><\/iframe><\/figure>\n<\/div>\n\n\n\n<div class=\"wp-block-column is-layout-flow wp-block-column-is-layout-flow\">\n<iframe loading=\"lazy\" src=\"https:\/\/horloge.maree.frbateaux.net\/ws35?col=1\" width=\"160\" height=\"260\" frameborder=\"0\" scrolling=\"no\"><a href=\"http:\/\/maree.info\/\" target=\"_top\" rel=\"dofollow noopener noreferrer\">Calendrier des mar\u00e9es &#8211; horaire, hauteur, coefficient de mar\u00e9e<\/a><\/iframe>\n<\/div>\n\n\n\n<div class=\"wp-block-column is-layout-flow wp-block-column-is-layout-flow\">\n<figure><iframe src=\"http:\/\/broadcast.viewsurf.com\/8261c5a487e10d096fecae82920c63cc\/capture\/15232\/playEmbed?options[media_user]=lahague\" height=\"350\"><\/iframe><\/figure>\n<\/div>\n<\/div>\n\n\n\n<script id=\"wg_fwdg_48396_3_1577891247925\">\n(function (window, document) {\n  var loader = function () {\n    var arg = [\"s=48396\",\"m=3\",\"uid=wg_fwdg_48396_3_1577891247925\",\"wj=knots\",\"tj=c\",\"odh=0\",\"doh=24\",\"fhours=240\",\"vt=forecasts\",\"lng=fr\",\n   \"p=WINDSPD,GUST,MWINDSPD,SMER,CDC,APCPs,RH\"];\n    var script = document.createElement(\"script\");\n    var tag = document.getElementsByTagName(\"script\")[0];\n    script.src = \"https:\/\/www.windguru.cz\/js\/widget.php?\"+(arg.join(\"&\"));\n    tag.parentNode.insertBefore(script, tag);\n  };\n  window.addEventListener ? window.addEventListener(\"load\", loader, false) : window.attachEvent(\"onload\", loader);\n})(window, document);\n<\/script>\n\n\n\n<p><em>Vous avez appr\u00e9ci\u00e9 l\u2019accueil des pilotes locaux, l\u2019entretien des sites, la pr\u00e9sence de balise m\u00e9t\u00e9o, laissez-nous un message&nbsp;<a href=\"https:\/\/docs.google.com\/forms\/d\/e\/1FAIpQLScxqtHiyEufA4ab4gkgaN8q9rNI4hq6yRvayoEqtTsaaLfJpQ\/viewform\" target=\"_blank\" rel=\"noreferrer noopener\">via ce formulaire<\/a>. Ce sera appr\u00e9ci\u00e9 par les b\u00e9n\u00e9voles du club.<\/em><\/p>\n","protected":false},"excerpt":{"rendered":"<p>Altitude 120m Orientation Panneau de Site Vue d\u00e9co. Caract\u00e9ristique D\u00e9co facile et avec beaucoup de place pour s&rsquo;y poser.&nbsp;Possible de se poser sur la plage en fonction de la mar\u00e9e si le vent est mollissant. En fonction de l&rsquo;orientation possibilit\u00e9 d&rsquo;\u00e9voluer entre le camp Maneyrol et le Nez de&nbsp;Voidries Recommandation Consignes S\u00e9curit\u00e9 \/ r\u00e9glementation L\u2019atterrissage [&hellip;]<\/p>\n","protected":false},"author":1,"featured_media":0,"parent":63,"menu_order":0,"comment_status":"closed","ping_status":"open","template":"","meta":{"_uag_custom_page_level_css":"","footnotes":""},"class_list":["post-225","page","type-page","status-publish","hentry","entry"],"featured_image_src":null,"uagb_featured_image_src":{"full":false,"thumbnail":false,"medium":false,"medium_large":false,"large":false,"1536x1536":false,"2048x2048":false,"ocean-thumb-m":false,"ocean-thumb-ml":false,"ocean-thumb-l":false},"uagb_author_info":{"display_name":"CVL","author_link":"https:\/\/www.cotentinvolibre.com\/?author=1"},"uagb_comment_info":0,"uagb_excerpt":"Altitude 120m Orientation Panneau de Site Vue d\u00e9co. Caract\u00e9ristique D\u00e9co facile et avec beaucoup de place pour s&rsquo;y poser.&nbsp;Possible de se poser sur la plage en fonction de la mar\u00e9e si le vent est mollissant. En fonction de l&rsquo;orientation possibilit\u00e9 d&rsquo;\u00e9voluer entre le camp Maneyrol et le Nez de&nbsp;Voidries Recommandation Consignes S\u00e9curit\u00e9 \/ r\u00e9glementation L\u2019atterrissage\u2026","_links":{"self":[{"href":"https:\/\/www.cotentinvolibre.com\/index.php?rest_route=\/wp\/v2\/pages\/225","targetHints":{"allow":["GET"]}}],"collection":[{"href":"https:\/\/www.cotentinvolibre.com\/index.php?rest_route=\/wp\/v2\/pages"}],"about":[{"href":"https:\/\/www.cotentinvolibre.com\/index.php?rest_route=\/wp\/v2\/types\/page"}],"author":[{"embeddable":true,"href":"https:\/\/www.cotentinvolibre.com\/index.php?rest_route=\/wp\/v2\/users\/1"}],"replies":[{"embeddable":true,"href":"https:\/\/www.cotentinvolibre.com\/index.php?rest_route=%2Fwp%2Fv2%2Fcomments&post=225"}],"version-history":[{"count":4,"href":"https:\/\/www.cotentinvolibre.com\/index.php?rest_route=\/wp\/v2\/pages\/225\/revisions"}],"predecessor-version":[{"id":4133,"href":"https:\/\/www.cotentinvolibre.com\/index.php?rest_route=\/wp\/v2\/pages\/225\/revisions\/4133"}],"up":[{"embeddable":true,"href":"https:\/\/www.cotentinvolibre.com\/index.php?rest_route=\/wp\/v2\/pages\/63"}],"wp:attachment":[{"href":"https:\/\/www.cotentinvolibre.com\/index.php?rest_route=%2Fwp%2Fv2%2Fmedia&parent=225"}],"curies":[{"name":"wp","href":"https:\/\/api.w.org\/{rel}","templated":true}]}}