{"id":223,"date":"2015-02-19T16:56:44","date_gmt":"2015-02-19T15:56:44","guid":{"rendered":"http:\/\/www.cotentinvolibre.com\/WP\/?page_id=223"},"modified":"2025-12-28T20:53:35","modified_gmt":"2025-12-28T19:53:35","slug":"ecalgrain","status":"publish","type":"page","link":"https:\/\/www.cotentinvolibre.com\/?page_id=223","title":{"rendered":"Ecalgrain"},"content":{"rendered":"\n<div class=\"wp-block-buttons is-layout-flex wp-block-buttons-is-layout-flex\">\n<div class=\"wp-block-button\"><a class=\"wp-block-button__link has-vivid-cyan-blue-background-color has-background wp-element-button\" href=\"https:\/\/www.cotentinvolibre.com\/?page_id=65\">Landemer<\/a><\/div>\n\n\n\n<div class=\"wp-block-button\"><a class=\"wp-block-button__link has-vivid-cyan-blue-background-color has-background wp-element-button\" href=\"https:\/\/www.cotentinvolibre.com\/?page_id=67\">Omonville<\/a><\/div>\n\n\n\n<div class=\"wp-block-button\"><a class=\"wp-block-button__link has-vivid-cyan-blue-background-color has-background wp-element-button\" href=\"https:\/\/www.cotentinvolibre.com\/?page_id=223\">Ecalgrain<\/a><\/div>\n\n\n\n<div class=\"wp-block-button\"><a class=\"wp-block-button__link has-vivid-cyan-blue-background-color has-background wp-element-button\" href=\"https:\/\/www.cotentinvolibre.com\/?page_id=225\">Vauville<\/a><\/div>\n\n\n\n<div class=\"wp-block-button\"><a class=\"wp-block-button__link has-vivid-cyan-blue-background-color has-background wp-element-button\" href=\"https:\/\/www.cotentinvolibre.com\/?page_id=227\">Biville<\/a><\/div>\n\n\n\n<div class=\"wp-block-button\"><a class=\"wp-block-button__link has-vivid-cyan-blue-background-color has-background wp-element-button\" href=\"https:\/\/www.cotentinvolibre.com\/?page_id=230\">Dielette<\/a><\/div>\n\n\n\n<div class=\"wp-block-button\"><a class=\"wp-block-button__link has-vivid-cyan-blue-background-color has-background wp-element-button\" href=\"https:\/\/www.cotentinvolibre.com\/?page_id=232\">Le Rozel<\/a><\/div>\n\n\n\n<div class=\"wp-block-button\"><a class=\"wp-block-button__link has-vivid-cyan-blue-background-color has-background wp-element-button\" href=\"https:\/\/www.cotentinvolibre.com\/?page_id=235\">Carteret<\/a><\/div>\n<\/div>\n\n\n\n<p><\/p>\n\n\n\n<div class=\"wp-block-columns is-layout-flex wp-container-core-columns-is-layout-9d6595d7 wp-block-columns-is-layout-flex\">\n<div class=\"wp-block-column is-layout-flow wp-block-column-is-layout-flow\" style=\"flex-basis:66.66%\">\n<figure><iframe loading=\"lazy\" src=\"https:\/\/mapsengine.google.com\/map\/embed?mid=zcWqQcgt7XJY.kR7jMn6x6I5Y\" width=\"640\" height=\"480\"><\/iframe><\/figure>\n<\/div>\n\n\n\n<div class=\"wp-block-column is-layout-flow wp-block-column-is-layout-flow\" style=\"flex-basis:33.33%\">\n<h2 class=\"wp-block-heading\">Altitude 100m<\/h2>\n\n\n\n<h2 class=\"wp-block-heading\">Orientation<\/h2>\n\n\n\n<figure class=\"wp-block-image size-large is-resized\"><img loading=\"lazy\" decoding=\"async\" width=\"449\" height=\"446\" data-orig-file=\"https:\/\/www.cotentinvolibre.com\/wp-content\/uploads\/2020\/01\/ecalgrain.png\" data-attachment-url=\"https:\/\/www.cotentinvolibre.com\/?attachment_id=2320\" data-aspectratio=\"1.01\" data-caption=\"\" data-image-title=\"ecalgrain\" data-image-description=\"\" srcset=\"https:\/\/www.cotentinvolibre.com\/wp-content\/uploads\/2020\/01\/ecalgrain-300x298.png 300w, https:\/\/www.cotentinvolibre.com\/wp-content\/uploads\/2020\/01\/ecalgrain-150x150.png 150w, https:\/\/www.cotentinvolibre.com\/wp-content\/uploads\/2020\/01\/ecalgrain.png 449w\" src=\"https:\/\/www.cotentinvolibre.com\/wp-content\/uploads\/2020\/01\/ecalgrain.png\" alt=\"\" class=\"wp-image-2320\" style=\"width:200px\"\/><\/figure>\n\n<script type=\"application\/ld+json\">[\n    {\n        \"@context\": \"https:\/\/schema.org\/\",\n        \"@type\": \"ImageObject\",\n        \"contentUrl\": \"https:\/\/www.cotentinvolibre.com\/wp-content\/uploads\/2020\/01\/ecalgrain.png\",\n        \"license\": \"\",\n        \"acquireLicensePage\": \"\"\n    }\n]<\/script>\n\n\n<h4 class=\"wp-block-heading\">Panneau de Site<\/h4>\n\n\n\n<div class=\"wp-block-file\"><a href=\"https:\/\/www.cotentinvolibre.com\/wp-content\/uploads\/2020\/06\/panneau-Ecalgrain-1.pdf\"><img loading=\"lazy\" decoding=\"async\" width=\"200\" height=\"141\" src=\"https:\/\/www.cotentinvolibre.com\/wp-content\/uploads\/2020\/06\/panneau-Ecalgrain.jpg\" alt=\"\" class=\"wp-image-2821\" style=\"width: 200px;\" srcset=\"https:\/\/www.cotentinvolibre.com\/wp-content\/uploads\/2020\/06\/panneau-Ecalgrain.jpg 420w, https:\/\/www.cotentinvolibre.com\/wp-content\/uploads\/2020\/06\/panneau-Ecalgrain-300x212.jpg 300w\" sizes=\"auto, (max-width: 200px) 100vw, 200px\" \/><\/a><a href=\"https:\/\/www.cotentinvolibre.com\/wp-content\/uploads\/2020\/06\/panneau-Ecalgrain-1.pdf\" class=\"wp-block-file__button\" download=\"\">T\u00e9l\u00e9charger<\/a><\/div>\n<\/div>\n<\/div>\n\n\n\n<h1 class=\"wp-block-heading has-white-color has-vivid-red-background-color has-text-color has-background\"><strong>Attention\u202f!<\/strong> <strong>La zone de la c\u00f4te souffl\u00e9e au Nez de Jobourge est interdite de survol Jusqu&rsquo;au 15 juillet.<\/strong> (Pointe \u00e0 gauche du d\u00e9co)<\/h1>\n\n\n\n<h3 class=\"wp-block-heading\">Caract\u00e9ristique<\/h3>\n\n\n\n<p class=\"Style19\">Par bonnes conditions, possibilit\u00e9 d\u2019\u00e9voluer entre le Nez de Voidries (auberge des grottes) et le hameau de la Roche face au port de Goury.<\/p>\n\n\n\n<p>Petit d\u00e9co aliment\u00e9 pouvant pr\u00e9senter des difficult\u00e9s pour s&rsquo;y reposer d\u00e8s que le vent forci. Possibilit\u00e9 de se poser dans le grand champ derri\u00e8re le d\u00e9co ou sur la plage (attention aux nombreux touristes en p\u00e9riode estivale).<\/p>\n\n\n\n<h3 class=\"wp-block-heading\">Recommandation<\/h3>\n\n\n\n<p>Ce site fait l\u2019objet d\u2019une convention d\u2019utilisation avec le Conservatoire du Littoral. Merci de consulter la r\u00e9glementation en vigueur :&nbsp;<a href=\"https:\/\/www.cotentinvolibre.com\/wp-content\/uploads\/2016\/02\/ConventionLittoral-2014-2017.pdf#page=23\">ConventionLittoral-2014-2017<\/a><\/p>\n\n\n\n<p class=\"Style19\">Une zone de protection du biotope est interdite de survol entre le 15 F\u00e9vrier et le 15 Juillet. Elle s\u2019\u00e9tend de la c\u00f4te souffl\u00e9e au Nez de Jobourg.<\/p>\n\n\n\n<p class=\"Style19\">A 1100m en direction de Goury, une zone de Ball-trap orient\u00e9e vers la mer peut \u00eatre active le samedi de 14h00 \u00e0 18h00, le dimanche de 10h00 \u00e0 12h00. Lorsqu&rsquo; il y a activit\u00e9, normalement un drapeau jaune est en place sur la zone de tir, et l&rsquo;activit\u00e9 est bien audible. Ne pas transiter devant cette zone lorsqu&rsquo;il y a activit\u00e9 Ball-trap, il en&nbsp;va de votre int\u00e9grit\u00e9 physique et de l&rsquo; \u00e9nervement des tireurs !<\/p>\n\n\n\n<h3 class=\"wp-block-heading\">Parking<\/h3>\n\n\n\n<p>Stationnement des v\u00e9hicules sur le bas-c\u00f4t\u00e9 du chemin d&rsquo;acc\u00e8s. <span style=\"text-decoration: underline;\"><span style=\"color: #ff0000; text-decoration: underline;\">Interdiction de se garer dans le champ derri\u00e8re le d\u00e9co.&nbsp;<\/span><\/span><span style=\"text-decoration: underline;\"><span style=\"color: #ff0000; text-decoration: underline;\"><span style=\"color: #ff0000; font-family: Arial, Helvetica, sans-serif;\">L&rsquo;atterrissage est juste tol\u00e9r\u00e9 dans ces champs, alors si vous poussez le bouchon un peu trop loin, on aura plus rien !<\/span><\/span><\/span><\/p>\n\n\n\n<figure class=\"wp-block-image size-large\"><img loading=\"lazy\" decoding=\"async\" width=\"617\" height=\"174\" data-orig-file=\"https:\/\/www.cotentinvolibre.com\/wp-content\/uploads\/2015\/02\/interdiction-stationnement.jpg\" data-attachment-url=\"https:\/\/www.cotentinvolibre.com\/?attachment_id=358\" data-aspectratio=\"3.55\" data-caption=\"\" data-image-title=\"interdiction stationnement\" data-image-description=\"\" srcset=\"https:\/\/www.cotentinvolibre.com\/wp-content\/uploads\/2015\/02\/interdiction-stationnement-300x85.jpg 300w, https:\/\/www.cotentinvolibre.com\/wp-content\/uploads\/2015\/02\/interdiction-stationnement.jpg 617w\" src=\"https:\/\/www.cotentinvolibre.com\/wp-content\/uploads\/2015\/02\/interdiction-stationnement.jpg\" alt=\"\" class=\"wp-image-358\"\/><\/figure>\n\n<script type=\"application\/ld+json\">[\n    {\n        \"@context\": \"https:\/\/schema.org\/\",\n        \"@type\": \"ImageObject\",\n        \"contentUrl\": \"https:\/\/www.cotentinvolibre.com\/wp-content\/uploads\/2015\/02\/interdiction-stationnement.jpg\",\n        \"license\": \"\",\n        \"acquireLicensePage\": \"\"\n    }\n]<\/script>\n\n\n<h2 class=\"wp-block-heading\">M\u00e9t\u00e9o<\/h2>\n\n\n\n<div class=\"wp-block-columns is-layout-flex wp-container-core-columns-is-layout-9d6595d7 wp-block-columns-is-layout-flex\">\n<div class=\"wp-block-column is-layout-flow wp-block-column-is-layout-flow\">\n<figure><iframe style=\"width: 240px; height: 240px;\" src=\"https:\/\/widget.holfuy.com\/?station=966&amp;su=km\/h&amp;t=C&amp;lang=fr&amp;mode=rose&amp;size=240\" frameborder=\"0\" marginwidth=\"1\" marginheight=\"1\" scrolling=\"no\"><\/iframe><\/figure>\n<\/div>\n\n\n\n<div class=\"wp-block-column is-layout-flow wp-block-column-is-layout-flow\">\n<iframe loading=\"lazy\" src=\"https:\/\/horloge.maree.frbateaux.net\/ws35?col=1\" width=\"160\" height=\"260\" frameborder=\"0\" scrolling=\"no\"><a href=\"http:\/\/maree.info\/\" target=\"_top\" rel=\"dofollow noopener noreferrer\">Calendrier des mar\u00e9es &#8211; horaire, hauteur, coefficient de mar\u00e9e<\/a><\/iframe>\n<\/div>\n\n\n\n<div class=\"wp-block-column is-layout-flow wp-block-column-is-layout-flow\">\n<object height=\"300\" align=\"center\" data=\"http:\/\/players.viewsurf.com\/14\/film_h264\/Player.swf\" type=\"application\/x-shockwave-flash\">\n\t\t\t<param value=\"sameDomain\" name=\"allowScriptAccess\">\n\t\t\t<param value=\"http:\/\/players.viewsurf.com\/14\/film_h264\/Player.swf\" name=\"movie\">\n\t\t\t<param value=\"high\" name=\"quality\">\n\t\t\t<param value=\"noScale\" name=\"scale\">\n\t\t\t<param value=\"transparent\" name=\"wmode\">\n\t\t\t<param value=\"true\" name=\"allowFullScreen\">\n\t\t\t<param value=\"playlist=%3Cplaylist%3E%3Citem type='video' source='%2Flahague03%2F5\/11%2Flast'%2F%3E%3C%2Fplaylist%3E\" name=\"FlashVars\">\n\t\t\t<embed width=\"640\" height=\"480\" align=\"middle\" flashvars=\"playlist=%3Cplaylist%3E%3Citem type='video' source='%2Flahague03%2F5\/11%2Flast'%2F%3E%3C%2Fplaylist%3E\" pluginspage=\"http:\/\/www.adobe.com\/go\/getflashplayer\" type=\"application\/x-shockwave-flash\" allowscriptaccess=\"sameDomain\" name=\"Player\" bgcolor=\"#869ca7\" allowfullscreen=\"true\" quality=\"high\" src=\"http:\/\/players.viewsurf.com\/14\/film_h264\/Player.swf\">\n\t\t<\/object>\n<\/div>\n<\/div>\n\n\n\n<p><em>Vous avez appr\u00e9ci\u00e9 l\u2019accueil des pilotes locaux, l\u2019entretien des sites, la pr\u00e9sence de balise m\u00e9t\u00e9o, laissez-nous un message&nbsp;<a href=\"https:\/\/docs.google.com\/forms\/d\/e\/1FAIpQLScxqtHiyEufA4ab4gkgaN8q9rNI4hq6yRvayoEqtTsaaLfJpQ\/viewform\" target=\"_blank\" rel=\"noreferrer noopener\">via ce formulaire<\/a>. Ce sera appr\u00e9ci\u00e9 par les b\u00e9n\u00e9voles du club.<\/em><\/p>\n","protected":false},"excerpt":{"rendered":"<p>Altitude 100m Orientation Panneau de Site T\u00e9l\u00e9charger Attention\u202f! La zone de la c\u00f4te souffl\u00e9e au Nez de Jobourge est interdite de survol Jusqu&rsquo;au 15 juillet. (Pointe \u00e0 gauche du d\u00e9co) Caract\u00e9ristique Par bonnes conditions, possibilit\u00e9 d\u2019\u00e9voluer entre le Nez de Voidries (auberge des grottes) et le hameau de la Roche face au port de Goury. [&hellip;]<\/p>\n","protected":false},"author":1,"featured_media":0,"parent":63,"menu_order":0,"comment_status":"closed","ping_status":"open","template":"","meta":{"_uag_custom_page_level_css":"","footnotes":""},"class_list":["post-223","page","type-page","status-publish","hentry","entry"],"featured_image_src":null,"uagb_featured_image_src":{"full":false,"thumbnail":false,"medium":false,"medium_large":false,"large":false,"1536x1536":false,"2048x2048":false,"ocean-thumb-m":false,"ocean-thumb-ml":false,"ocean-thumb-l":false},"uagb_author_info":{"display_name":"CVL","author_link":"https:\/\/www.cotentinvolibre.com\/?author=1"},"uagb_comment_info":0,"uagb_excerpt":"Altitude 100m Orientation Panneau de Site T\u00e9l\u00e9charger Attention\u202f! La zone de la c\u00f4te souffl\u00e9e au Nez de Jobourge est interdite de survol Jusqu&rsquo;au 15 juillet. (Pointe \u00e0 gauche du d\u00e9co) Caract\u00e9ristique Par bonnes conditions, possibilit\u00e9 d\u2019\u00e9voluer entre le Nez de Voidries (auberge des grottes) et le hameau de la Roche face au port de Goury.\u2026","_links":{"self":[{"href":"https:\/\/www.cotentinvolibre.com\/index.php?rest_route=\/wp\/v2\/pages\/223","targetHints":{"allow":["GET"]}}],"collection":[{"href":"https:\/\/www.cotentinvolibre.com\/index.php?rest_route=\/wp\/v2\/pages"}],"about":[{"href":"https:\/\/www.cotentinvolibre.com\/index.php?rest_route=\/wp\/v2\/types\/page"}],"author":[{"embeddable":true,"href":"https:\/\/www.cotentinvolibre.com\/index.php?rest_route=\/wp\/v2\/users\/1"}],"replies":[{"embeddable":true,"href":"https:\/\/www.cotentinvolibre.com\/index.php?rest_route=%2Fwp%2Fv2%2Fcomments&post=223"}],"version-history":[{"count":10,"href":"https:\/\/www.cotentinvolibre.com\/index.php?rest_route=\/wp\/v2\/pages\/223\/revisions"}],"predecessor-version":[{"id":4129,"href":"https:\/\/www.cotentinvolibre.com\/index.php?rest_route=\/wp\/v2\/pages\/223\/revisions\/4129"}],"up":[{"embeddable":true,"href":"https:\/\/www.cotentinvolibre.com\/index.php?rest_route=\/wp\/v2\/pages\/63"}],"wp:attachment":[{"href":"https:\/\/www.cotentinvolibre.com\/index.php?rest_route=%2Fwp%2Fv2%2Fmedia&parent=223"}],"curies":[{"name":"wp","href":"https:\/\/api.w.org\/{rel}","templated":true}]}}