{"id":1106,"date":"2015-12-06T12:40:16","date_gmt":"2015-12-06T11:40:16","guid":{"rendered":"http:\/\/www.cotentinvolibre.com\/?page_id=1106"},"modified":"2020-10-31T16:58:54","modified_gmt":"2020-10-31T15:58:54","slug":"infos-utiles","status":"publish","type":"page","link":"https:\/\/www.cotentinvolibre.com\/?page_id=1106","title":{"rendered":"Infos utiles"},"content":{"rendered":"\n<h2 class=\"wp-block-heading\">Infos Utiles<\/h2>\n\n\n\n<p><\/p>\n\n\n\n<h2 class=\"wp-block-heading\">Espace Aerien<\/h2>\n\n\n\n<p>\n<a href=\"https:\/\/www.geoportail.gouv.fr\/donnees\/carte-oaci-vfr\" target=\"_blank\" rel=\"noopener noreferrer\">\n<img decoding=\"async\" src=\"https:\/\/www.geoportail.gouv.fr\/assets\/images\/logo-geoportail.svg\" alt=\"\"><\/a><a>    Carte A\u00e9ronautique<\/a>\n<\/p>\n\n\n\n<p>\n<a href=\"https:\/\/efvl.ffvl.fr\/sites\/efvl.fr\/files\/Poster%20r%c3%a9glementation%20a%c3%a9rienne.pdf\" target=\"_blank\" rel=\"noopener noreferrer\">\n<img loading=\"lazy\" decoding=\"async\" src=\"https:\/\/www.cotentinvolibre.com\/wp-content\/uploads\/2020\/01\/reglementation-aerienne.png\" alt=\"\" class=\"wp-image-2560\" width=\"125\" height=\"90\" srcset=\"https:\/\/www.cotentinvolibre.com\/wp-content\/uploads\/2020\/01\/reglementation-aerienne.png 417w, https:\/\/www.cotentinvolibre.com\/wp-content\/uploads\/2020\/01\/reglementation-aerienne-300x217.png 300w\" sizes=\"auto, (max-width: 125px) 100vw, 125px\" \/><\/a><a>    Planche P\u00e9dagogique R\u00e9glementation a\u00e9rienne<\/a>\n<\/p>\n\n\n\n<h2 class=\"wp-block-heading\">Doc Formation S\u00e9curit\u00e9<\/h2>\n\n\n\n<a rel=\"noreferrer noopener\" aria-label=\" (s\u2019ouvre dans un nouvel onglet)\" href=\"https:\/\/federation.ffvl.fr\/pages\/parapente-films-securite\" target=\"_blank\">Films s\u00e9curit\u00e9 FFVL <\/a>\n\n\n\n<p><a href=\"https:\/\/www.cotentinvolibre.com\/wp-content\/uploads\/2015\/12\/Planches-p%C3%A9dagogiques-FFVL.pdf\" target=\"_blank\" rel=\"noreferrer noopener\" aria-label=\" (s\u2019ouvre dans un nouvel onglet)\">Planches p\u00e9dagogiques FFVL<\/a><\/p>\n\n\n\n<p><a href=\"https:\/\/drive.google.com\/file\/d\/0B5Z2IR6hl_z1US1ubmt1c1pNZWc\/view\" target=\"_blank\" rel=\"noreferrer noopener\" aria-label=\" (s\u2019ouvre dans un nouvel onglet)\">Pr\u00e9paration BPC<\/a><\/p>\n\n\n\n<p><a href=\"http:\/\/www.efvl.fr\/sites\/efvl.fr\/files\/2014_Livret_FFVL_9BD.pdf\" target=\"_blank\" rel=\"noreferrer noopener\" aria-label=\" (s\u2019ouvre dans un nouvel onglet)\">Guide des bonnes pratiques<\/a><\/p>\n","protected":false},"excerpt":{"rendered":"<p>Infos Utiles Espace Aerien Carte A\u00e9ronautique Planche P\u00e9dagogique R\u00e9glementation a\u00e9rienne Doc Formation S\u00e9curit\u00e9 Films s\u00e9curit\u00e9 FFVL Planches p\u00e9dagogiques FFVL Pr\u00e9paration BPC Guide des bonnes pratiques<\/p>\n","protected":false},"author":1,"featured_media":0,"parent":0,"menu_order":40,"comment_status":"closed","ping_status":"open","template":"","meta":{"_uag_custom_page_level_css":"","footnotes":""},"class_list":["post-1106","page","type-page","status-publish","hentry","entry"],"featured_image_src":null,"uagb_featured_image_src":{"full":false,"thumbnail":false,"medium":false,"medium_large":false,"large":false,"1536x1536":false,"2048x2048":false,"ocean-thumb-m":false,"ocean-thumb-ml":false,"ocean-thumb-l":false},"uagb_author_info":{"display_name":"CVL","author_link":"https:\/\/www.cotentinvolibre.com\/?author=1"},"uagb_comment_info":0,"uagb_excerpt":"Infos Utiles Espace Aerien Carte A\u00e9ronautique Planche P\u00e9dagogique R\u00e9glementation a\u00e9rienne Doc Formation S\u00e9curit\u00e9 Films s\u00e9curit\u00e9 FFVL Planches p\u00e9dagogiques FFVL Pr\u00e9paration BPC Guide des bonnes pratiques","_links":{"self":[{"href":"https:\/\/www.cotentinvolibre.com\/index.php?rest_route=\/wp\/v2\/pages\/1106","targetHints":{"allow":["GET"]}}],"collection":[{"href":"https:\/\/www.cotentinvolibre.com\/index.php?rest_route=\/wp\/v2\/pages"}],"about":[{"href":"https:\/\/www.cotentinvolibre.com\/index.php?rest_route=\/wp\/v2\/types\/page"}],"author":[{"embeddable":true,"href":"https:\/\/www.cotentinvolibre.com\/index.php?rest_route=\/wp\/v2\/users\/1"}],"replies":[{"embeddable":true,"href":"https:\/\/www.cotentinvolibre.com\/index.php?rest_route=%2Fwp%2Fv2%2Fcomments&post=1106"}],"version-history":[{"count":0,"href":"https:\/\/www.cotentinvolibre.com\/index.php?rest_route=\/wp\/v2\/pages\/1106\/revisions"}],"wp:attachment":[{"href":"https:\/\/www.cotentinvolibre.com\/index.php?rest_route=%2Fwp%2Fv2%2Fmedia&parent=1106"}],"curies":[{"name":"wp","href":"https:\/\/api.w.org\/{rel}","templated":true}]}}